{"id":430,"date":"2020-01-29T11:53:14","date_gmt":"2020-01-29T10:53:14","guid":{"rendered":"http:\/\/blog.fh-kaernten.at\/kukis\/?page_id=430"},"modified":"2020-01-30T09:58:34","modified_gmt":"2020-01-30T08:58:34","slug":"studentisches-kohaerenzgefuehl-zum-nachhoeren","status":"publish","type":"page","link":"https:\/\/blog.fh-kaernten.at\/kukis\/beispiele-aus-der-toolbox-2\/studentisches-kohaerenzgefuehl-zum-nachhoeren\/","title":{"rendered":"Studentisches Koh\u00e4renzgef\u00fchl &#8211; Zum Nachh\u00f6ren"},"content":{"rendered":"\n<ul>\n<li><strong>Studentisches Koh\u00e4renzgef\u00fchl &#8211; <a href=\"https:\/\/drive.google.com\/open?id=1y3Pd0NSLyY031I_yAxaufu4QK0va0bwA\" target=\"_blank\" rel=\"noopener noreferrer\">Zum Nachh\u00f6ren<\/a><\/strong><\/li>\n<li><strong>Studentisches Koh\u00e4renzgef\u00fchl &#8211; <a href=\"http:\/\/blog.fh-kaernten.at\/kukis\/files\/2020\/01\/Podcast_Text-zum-Nachlesen_Studentisches-Koha\u0308renzgefu\u0308hl.pdf\" target=\"_blank\" rel=\"noopener noreferrer\">Der Podcast zum Nachlesen<\/a><\/strong><\/li>\n<\/ul>\n","protected":false},"excerpt":{"rendered":"","protected":false},"author":48,"featured_media":0,"parent":314,"menu_order":0,"comment_status":"closed","ping_status":"closed","template":"","meta":{"inline_featured_image":false,"footnotes":""},"class_list":["post-430","page","type-page","status-publish","hentry"],"_links":{"self":[{"href":"https:\/\/blog.fh-kaernten.at\/kukis\/wp-json\/wp\/v2\/pages\/430","targetHints":{"allow":["GET"]}}],"collection":[{"href":"https:\/\/blog.fh-kaernten.at\/kukis\/wp-json\/wp\/v2\/pages"}],"about":[{"href":"https:\/\/blog.fh-kaernten.at\/kukis\/wp-json\/wp\/v2\/types\/page"}],"author":[{"embeddable":true,"href":"https:\/\/blog.fh-kaernten.at\/kukis\/wp-json\/wp\/v2\/users\/48"}],"replies":[{"embeddable":true,"href":"https:\/\/blog.fh-kaernten.at\/kukis\/wp-json\/wp\/v2\/comments?post=430"}],"version-history":[{"count":0,"href":"https:\/\/blog.fh-kaernten.at\/kukis\/wp-json\/wp\/v2\/pages\/430\/revisions"}],"up":[{"embeddable":true,"href":"https:\/\/blog.fh-kaernten.at\/kukis\/wp-json\/wp\/v2\/pages\/314"}],"wp:attachment":[{"href":"https:\/\/blog.fh-kaernten.at\/kukis\/wp-json\/wp\/v2\/media?parent=430"}],"curies":[{"name":"wp","href":"https:\/\/api.w.org\/{rel}","templated":true}]}}