{"id":243,"date":"2019-08-21T10:47:58","date_gmt":"2019-08-21T08:47:58","guid":{"rendered":"http:\/\/blog.fh-kaernten.at\/kukis\/?page_id=243"},"modified":"2020-02-20T09:13:13","modified_gmt":"2020-02-20T08:13:13","slug":"links","status":"publish","type":"page","link":"https:\/\/blog.fh-kaernten.at\/kukis\/links\/","title":{"rendered":"JUCHHE! JETZT GIBT ES ENDLICH EIN  STUDI-ABC"},"content":{"rendered":"\n<h3>Das Studi-ABC bietet hilfreiche Links und hilft, ein bisschen Licht in den Hochschuldschungel zu bekommen.<\/h3>\n\n\n\n<h2 class=\"wp-block-heading\">A<\/h2>\n\n\n\n<p><strong>AUSLANDSSEMESTER<\/strong><\/p>\n\n\n\n<p>Willst du deinen Horizont erweitern oder einfach weg von zu Hause und\nwas Neues entdecken? Dann mache doch ein <a href=\"https:\/\/www.fh-kaernten.at\/international\/auslandsstudium\"><strong>Auslandssemester<\/strong><\/a> \u2013 das ist eine tolle M\u00f6glichkeit, um dich fachbezogen mal anders\nweiterzubilden, Leute kennenzulernen und neue Erfahrungen zu sammeln.<\/p>\n\n\n\n<h2 class=\"wp-block-heading\">B<\/h2>\n\n\n\n<p><strong>B<\/strong><strong>IBLIOTHEK<\/strong><\/p>\n\n\n\n<p>Irgendwann werden alle Studierenden zum B\u00fccherwurm \u2013 sp\u00e4testens wenn es\num das Schreiben der Abschlussarbeiten geht. An jedem Campusstandort gibt es\neine <a href=\"https:\/\/www.fh-kaernten.at\/fachhochschule\/bibliothek\"><strong>Bibliothek<\/strong><\/a> und B\u00fccher k\u00f6nnen auch standort\u00fcbergreifend ausgeborgt werden. Hast du\ndas Problem, dass Artikel aus Fachzeitschriften nicht frei zug\u00e4nglich sind? \u2013 Dann\nkannst du sie einfach und kosteng\u00fcnstig \u00fcber <a href=\"https:\/\/www.subito-doc.de\/\"><strong>SUBITO<\/strong><\/a> bestellen!<\/p>\n\n\n\n<h2 class=\"wp-block-heading\">C<\/h2>\n\n\n\n<p><strong>C<\/strong><strong>URRICULUM<\/strong><\/p>\n\n\n\n<p>Das Curriculum ist das\nHerzst\u00fcck jedes Studienganges. Es zeigt dir, welche Module beziehungsweise Lehrveranstaltungen\ndein Studium beinhaltet. Zudem finden sich auch die ECTS (mehr dazu unter dem\nBuchstaben E) der jeweiligen Lehrveranstaltungen im Curriculum. <\/p>\n\n\n\n<h2 class=\"wp-block-heading\">D<\/h2>\n\n\n\n<p><strong>D<\/strong><strong>OUBLE DEGREE<\/strong><\/p>\n\n\n\n<p>In den Studienbereichen <a href=\"https:\/\/www.fh-kaernten.at\/studium\/gesundheit-soziales-berufsfreundlich\/master\/gesundheitsmanagement\"><strong>Gesundheit\n&amp; Soziales<\/strong><\/a><strong> <\/strong>sowie <a href=\"https:\/\/www.fh-kaernten.at\/en\/studium\/wirtschaft-management-berufsfreundlich\/master\/international-business-management\"><strong>Wirtschaft\n&amp; Management<\/strong><\/a><strong> <\/strong>besteht\ndie M\u00f6glichkeit mit einem Studium eine Doppelqualifikation zu erlangen. Dies\nkann u.a. eine gute Investition sein, wenn du eine internationale Karriere\nanstrebst oder l\u00e4nder\u00fcbergreifende Erfahrungen machen m\u00f6chtest.<\/p>\n\n\n\n<h2 class=\"wp-block-heading\">E<\/h2>\n\n\n\n<p><strong>E<\/strong><strong>CTS-PUNKTE<\/strong><\/p>\n\n\n\n<p>ECTS ist die Abk\u00fcrzung f\u00fcr \u201eEuropean Credit Transfer\nSystem\u201c. Im Curriculum werden, wie bereits erw\u00e4hnt, die <a href=\"https:\/\/ec.europa.eu\/education\/resources-and-tools\/european-credit-transfer-and-accumulation-system-ects_de\"><strong>ECTS<\/strong><\/a> angegeben.\nDamit kannst du absch\u00e4tzen, wie gro\u00df der tats\u00e4chliche zeitliche Arbeitsaufwand\nf\u00fcr die Lehrveranstaltung ist. Ein 1 ECTS Punkt entspricht einem Arbeitsaufwand\nvon 25 Arbeitsstunden zu je 60 Minuten. <\/p>\n\n\n\n<h2 class=\"wp-block-heading\">F<\/h2>\n\n\n\n<p><strong>F<\/strong><strong>INANZQUELLEN<\/strong><\/p>\n\n\n\n<p>Ist das Geld recht knapp\nneben dem Studium? Schau doch mal, ob du Anspruch auf ein Stipendium hast. Wenn\ndu schon mal im Berufsleben gestanden bist, ist vielleicht ein\nSelbsterhalter*innenstipendium eine Option. Die <a href=\"https:\/\/www.stipendium.at\/studienfoerderung\/\"><strong>Studienf\u00f6rderung<\/strong><\/a> liefert dir mehr Infos rund\num Beihilfen und F\u00f6rderungen. <\/p>\n\n\n\n<h2 class=\"wp-block-heading\">G<\/h2>\n\n\n\n<p><strong>G<\/strong><strong>LEICHBEHANDLUNG UND VIELFALT<\/strong><\/p>\n\n\n\n<p>Du f\u00fchlst dich\naufgrund einer Behinderung, chronischen Erkrankung, deiner sozialen Herkunft,\nsexuellen Orientierung ausgegrenzt, benachteiligt oder bedroht? Dann wende dich\nan die Beauftragten f\u00fcr <a href=\"https:\/\/www.fh-kaernten.at\/fachhochschule\/gleichbehandlung-und-vielfalt\"><strong>Gleichbehandlung an der FH K\u00e4rnten<\/strong><\/a>,\ndiese stehen dir vertraulich und offen mit Rat und Tat zur Seite und finden\ngemeinsam mit dir eine L\u00f6sung. <\/p>\n\n\n\n<h2 class=\"wp-block-heading\">H<\/h2>\n\n\n\n<p><strong>H<\/strong><strong>OCHSCHULSPORT<\/strong><\/p>\n\n\n\n<p>Bewegungsfreudigen und\nsportbegeisterten Studierenden und jenen, die es noch werden wollen, bietet die<strong>\n<\/strong><a href=\"https:\/\/www.fh-kaernten.at\/fachhochschule\/fh-kaernten-sport\"><strong>FH\nK\u00e4rnten Sport<\/strong><\/a>\nein umfangreiches Sportprogramm, die kostenlose aktive Teilnahme im FH K\u00e4rnten\nSportverein und auch super Aktionen und Sonderkonditionen bei diversen Partner*innen.<\/p>\n\n\n\n<h2 class=\"wp-block-heading\">I<\/h2>\n\n\n\n<p><strong>I<\/strong><strong>NFOPOINT F\u00dcR STUDIERENDE \u2013 DAS SIC <\/strong><\/p>\n\n\n\n<p>F\u00fcr\nalle Fragen rund ums Studium, f\u00fcr eine pers\u00f6nliche Studienberatung, f\u00fcr\nInteresse an den Fernstudienzentren oder bei allgemeinen Anliegen und Fragen\nsteht das <a href=\"https:\/\/www.fh-kaernten.at\/fachhochschule\/servicebereiche\/studien-info-center\"><strong>Studien-Info-Center (SIC)<\/strong><\/a> f\u00fcr dich zur Verf\u00fcgung. <\/p>\n\n\n\n<h2 class=\"wp-block-heading\">J<\/h2>\n\n\n\n<p><strong>J<\/strong><strong>OB PORTAL<\/strong> <\/p>\n\n\n\n<p>Auf\nder Suche nach Arbeit? Egal ob noch Studi oder schon Alumni das <a href=\"https:\/\/www.fh-kaernten.at\/fachhochschule\/alumni-karriereservice\"><strong>Alumni &amp; Karriereservice<\/strong> <\/a>bietet Stellenangebote f\u00fcr Studierende und Absolvent*innen,\nKarriere-events, Meet &amp; Match und vieles mehr. <\/p>\n\n\n\n<h2 class=\"wp-block-heading\">K<\/h2>\n\n\n\n<p><strong>K<\/strong><strong>ukiS-TOOLBOX<\/strong><\/p>\n\n\n\n<p>Alle\nLehr- und Lernmaterialien, die im Projekt KukiS-Toolbox entwickelt wurden, werden\nab dem Sommersemester 2020 \u00fcber Moodle f\u00fcr Studierende und Lehrende der FH\nK\u00e4rnten zur freien Verf\u00fcgung stehen \u2013 einstweilen liefert unser <a href=\"https:\/\/blog.fh-kaernten.at\/kukis\/\"><strong>Blog<\/strong><\/a><strong> <\/strong>erste\nEinblicke in die geleistete Arbeit. <\/p>\n\n\n\n<h2 class=\"wp-block-heading\">L<\/h2>\n\n\n\n<p><strong>L<\/strong><strong>OKALE, CAF\u00c8S und SO <\/strong><\/p>\n\n\n\n<p>Mit\nleeren Magen studiert es sich nicht leicht. Zwischendurch ein Kaffee mit den\nMitstudierenden? Lieber mal au\u00dferhalb der FH eine Gruppenarbeit machen? Dann\nschau dir doch mal die<a href=\"https:\/\/blog.fh-kaernten.at\/fresh\/gut-guenstig-essen-rund-um-die-fh-campusse\/\"> <strong>Lokale\nund Caf\u00e8s rund um deinen Campus<\/strong><\/a>\nan. <\/p>\n\n\n\n<h2 class=\"wp-block-heading\">M<\/h2>\n\n\n\n<p><strong>M<\/strong><strong>ITARBEITEN AN DER FH<\/strong><\/p>\n\n\n\n<p>M\u00f6chtest\ndu neben dem Studium geringf\u00fcgig arbeiten und Erfahrungen im Forschungs- oder\nProjektmanagement sammeln? Dann schaue dich in deinem Studiengang nach ausgeschriebenen\nStellen f\u00fcr Studierende um, frage direkt nach Projekten. Ein Job als\nstudentische Hilfskraft ist super, um sich etwas dazu zu verdienen, in einem\nm\u00f6glichen zuk\u00fcnftigen Berufsfeld zu arbeiten und den Lebenslauf aufzumotzen.<\/p>\n\n\n\n<h2 class=\"wp-block-heading\">N<\/h2>\n\n\n\n<p><strong>N<\/strong><strong>EWS <\/strong>Wenn du immer am Ball bleiben\nm\u00f6chtest und viele Insider-Stories von Studierenden lesen m\u00f6chtest, dann nutze <a href=\"https:\/\/blog.fh-kaernten.at\/fresh\/\"><strong>FRESH<\/strong><\/a><strong>.<\/strong><\/p>\n\n\n\n<h2 class=\"wp-block-heading\">O<\/h2>\n\n\n\n<p><strong>\u00d6<\/strong><strong>H FH K\u00e4rnten<\/strong><strong><\/strong><\/p>\n\n\n\n<p>Die Hochsch\u00fclerinnen und\nHochsch\u00fclerschaft (kurz \u00d6H) ist die gesetzliche Interessensvertretung aller\nStudierenden der FH K\u00e4rnten und ihr seid alle automatisch Mitglied. Die <a href=\"https:\/\/www.fh-kaernten.at\/fachhochschule\/oeh-fh-kaernten\"><strong>\u00d6H der FH K\u00e4rnten<\/strong><\/a> bietet dir ein super Service \u2013 von Mensenf\u00f6rderung\nbis zur Plagiatspr\u00fcfung. <\/p>\n\n\n\n<h2 class=\"wp-block-heading\">P<\/h2>\n\n\n\n<p><strong>P<\/strong><strong>ROKRASTINATIONSAMBULANZ M\u00dcNSTER<\/strong> <\/p>\n\n\n\n<p>Die Prokrastinationsambulanz M\u00fcnster bietet einen <a href=\"https:\/\/ww3.unipark.de\/uc\/Selbsttest_Prokrastination\/ospe.php?SES=0c20276488a4667fdbdf54066cd47903&amp;syid=719265&amp;sid=719266&amp;act=start\"><strong>Selbsttest, um dein\nAufschiebeverhalten<\/strong><\/a> zu testen\nan. Im Anschluss daran bekommst du sogar individuelle R\u00fcckmeldung.&nbsp; <\/p>\n\n\n\n<h2 class=\"wp-block-heading\">Q<\/h2>\n\n\n\n<p><strong>Q<\/strong><strong>UEREINSTEIGER*IN<\/strong><\/p>\n\n\n\n<p>Du hast bereits Berufserfahrung gesammelt und w\u00fcrdest gerne studieren, hast aber keine Hoschulreifepr\u00fcfung (Matura)? Kein Problem \u2013 im Rahmen des einj\u00e4hrigen <a href=\"https:\/\/www.fh-kaernten.at\/fachhochschule\/servicebereiche\/studienbefaehigungslehrgang\" target=\"_blank\" rel=\"noreferrer noopener\" aria-label=\" (opens in a new tab)\"><strong>Studienbef\u00e4higungslehrgangs <\/strong><\/a>der FH K\u00e4rnten ist es m\u00f6glich,<a href=\"https:\/\/www.fh-kaernten.at\/fachhochschule\/servicebereiche\/studienbefaehigungslehrgang\"> <strong>\u00a0<\/strong><\/a>dies nachzuholen! <\/p>\n\n\n\n<h2 class=\"wp-block-heading\">R<\/h2>\n\n\n\n<p><strong>R<\/strong><strong>ATLOS<\/strong><\/p>\n\n\n\n<p>Sitzt\ndu gerade v\u00f6llig verwirrt und ratlos bei deinen quantitativen Auswertungen f\u00fcr\ndie Bachelor- oder Masterarbeit? Hast du gerade einen Knoten im Kopf und kommst\nnicht mehr weiter? Pssst\u2026 es gibt da eine wunderbare Facebook-Gruppe <a href=\"https:\/\/www.facebook.com\/groups\/statistikfragen\/\"><strong>\u201eStatistikfragen\u201c<\/strong><\/a>, vielleicht kann die dir\nweiterhelfen!<\/p>\n\n\n\n<h2 class=\"wp-block-heading\">S<\/h2>\n\n\n\n<p><strong>S<\/strong><strong>TUDIERENDENBERATUNG<\/strong><\/p>\n\n\n\n<p>Es\nkann vorkommen, dass man sich im Studium \u00fcberfordert f\u00fchlt und das Gef\u00fchl hat,\nalles nicht mehr selbstst\u00e4ndig bew\u00e4ltigen zu k\u00f6nnen. Oder es treten unerwartete\nfamili\u00e4re, pers\u00f6nliche oder auch studienbezogene Probleme auf, welche deinen\nStudienalltag so beeinflussen, dass du einfach nicht mehr weiterwei\u00dft. In\nsolchen Situationen ist es gut, sich Hilfe von au\u00dfen zu holen \u2013 die <a href=\"https:\/\/www.studierendenberatung.at\/angebote\/angebote-im-ueberblick\/\"><strong>Studierendenberatung Klagenfurt<\/strong><\/a> (an der Uni angesiedelt) ist auch\nf\u00fcr FH-Studierende kostenlos und kann auf Wunsch anonym in Anspruch genommen\nwerden. <\/p>\n\n\n\n<h2 class=\"wp-block-heading\">T<\/h2>\n\n\n\n<p><strong>T<\/strong><strong>RANSCRIPT OF RECORDS <\/strong><\/p>\n\n\n\n<p>Das Transcript of\nRecords ist die Best\u00e4tigung deines Studienerfolgs, dass f\u00fcr manche\nF\u00f6rderstellen oder auch bei Bewerbungen vorgelegt werden muss. Du kannst dein\nTranscript of Records \u00fcber das Studienverwaltungssystem aCTIons einsehen und\nabrufen. <\/p>\n\n\n\n<h2 class=\"wp-block-heading\">U<\/h2>\n\n\n\n<p><strong>U<\/strong><strong>ND KENNST DU SCHON\u2026<\/strong><\/p>\n\n\n\n<p>\u2026die FH K\u00e4rnten<strong> <\/strong><a href=\"https:\/\/de-de.facebook.com\/FHKaerntenCUAS\" target=\"_blank\" rel=\"noreferrer noopener\" aria-label=\" (opens in a new tab)\"><strong>Facebook Seite<\/strong><\/a> und unser FH K\u00e4rnten<strong> <\/strong><a href=\"https:\/\/www.instagram.com\/fhkaernten\/?hl=de\" target=\"_blank\" rel=\"noreferrer noopener\" aria-label=\" (opens in a new tab)\"><strong>Insta-Profil<\/strong><\/a>? Wir freuen uns, wenn du uns folgst\u2026 <\/p>\n\n\n\n<h2 class=\"wp-block-heading\">V<\/h2>\n\n\n\n<p><strong>V<\/strong><strong>ERLEIHUNG<\/strong><\/p>\n\n\n\n<p>Hast du deinen Bachelor- oder Masterabschluss in der Tasche, dann wartet zum Abschluss noch die feierliche Verleihung deines akademischen Grades \u2013 dies wird auch <a href=\"https:\/\/www.fh-kaernten.at\/fachhochschule\/akademischer-kalender\" target=\"_blank\" rel=\"noreferrer noopener\" aria-label=\" (opens in a new tab)\"><strong>Sponsion<\/strong><\/a> genannt. <\/p>\n\n\n\n<h2 class=\"wp-block-heading\">W<\/h2>\n\n\n\n<p><strong>W<\/strong><strong>ER IST WER<\/strong><\/p>\n\n\n\n<p>Willst du wissen, welche Personen die <strong><a href=\"https:\/\/www.fh-kaernten.at\/fachhochschule\/organisation\/hochschulleitung\" target=\"_blank\" rel=\"noreferrer noopener\" aria-label=\"Hochschulleitung (opens in a new tab)\">Hochschulleitung<\/a><\/strong> ausmachen oder was die Aufgaben der Gesch\u00e4ftsf\u00fchrung oder des Rektorats sind? Dann einfach reinklicken und nachlesen!<\/p>\n\n\n\n<h2 class=\"wp-block-heading\">X<\/h2>\n\n\n\n<p><strong>X<\/strong><strong>-MAS PARTY &amp; CO<\/strong><\/p>\n\n\n\n<p>Egal ob Semester-Opening oder X-Mas Party \u2013 durch die pers\u00f6nlichen Einladungen per E-Mail von Seiten der \u00d6H verpasst du kein Event mehr. Auch auf der <a href=\"https:\/\/www.facebook.com\/oehfhkaernten\/\" target=\"_blank\" rel=\"noreferrer noopener\" aria-label=\" (opens in a new tab)\"><strong>Facebook-Seite der \u00d6H<\/strong><\/a> wirst du immer \u00fcber Parties &amp; Co am Laufenden gehalten. Es lohnt sich auf alle F\u00e4lle mal vorbeizuschauen! <\/p>\n\n\n\n<h2 class=\"wp-block-heading\">Y<\/h2>\n\n\n\n<p><strong>Y<\/strong><strong>OUTUBE CHANNEL DER FH<\/strong><\/p>\n\n\n\n<p>Gewusst, dass die\nFH-K\u00e4rnten einen eigenen <a href=\"https:\/\/www.youtube.com\/user\/fhkaernten\/videos\"><strong>Youtube\nChannel<\/strong><\/a> hat? Alleine wegen der coolen\nVideos aus der KukiS-Toolbox lohnt es sich einen Blick rein zu werfen. <\/p>\n\n\n\n<h2 class=\"wp-block-heading\">Z<\/h2>\n\n\n\n<p><strong>Z<\/strong><strong>WEIFEL IM STUDIUM<\/strong>\n\nPlagen dich Zweifel im Studium? Oder f\u00fchlst du dich fehl am Platz? Dann\nmache doch mal den Selbsttest mit dem <a href=\"https:\/\/studienzweifler.com\/srt-fuer-studierende\/\"><strong>Student Self-Reflection Tool (SRT)<\/strong><\/a>. Das Tool dient zur Selbstreflexion und kann dich unterst\u00fctzen\nAntworten auf deine Fragen zu bekommen.&nbsp; \n\n\n\n<\/p>\n","protected":false},"excerpt":{"rendered":"<p>A AUSLANDSSEMESTER Willst du deinen Horizont erweitern oder einfach weg von zu Hause und was Neues entdecken? Dann mache doch ein Auslandssemester [&hellip;]<\/p>\n","protected":false},"author":48,"featured_media":0,"parent":0,"menu_order":0,"comment_status":"closed","ping_status":"closed","template":"elementor_header_footer","meta":{"inline_featured_image":false,"footnotes":""},"class_list":["post-243","page","type-page","status-publish","hentry"],"_links":{"self":[{"href":"https:\/\/blog.fh-kaernten.at\/kukis\/wp-json\/wp\/v2\/pages\/243","targetHints":{"allow":["GET"]}}],"collection":[{"href":"https:\/\/blog.fh-kaernten.at\/kukis\/wp-json\/wp\/v2\/pages"}],"about":[{"href":"https:\/\/blog.fh-kaernten.at\/kukis\/wp-json\/wp\/v2\/types\/page"}],"author":[{"embeddable":true,"href":"https:\/\/blog.fh-kaernten.at\/kukis\/wp-json\/wp\/v2\/users\/48"}],"replies":[{"embeddable":true,"href":"https:\/\/blog.fh-kaernten.at\/kukis\/wp-json\/wp\/v2\/comments?post=243"}],"version-history":[{"count":0,"href":"https:\/\/blog.fh-kaernten.at\/kukis\/wp-json\/wp\/v2\/pages\/243\/revisions"}],"wp:attachment":[{"href":"https:\/\/blog.fh-kaernten.at\/kukis\/wp-json\/wp\/v2\/media?parent=243"}],"curies":[{"name":"wp","href":"https:\/\/api.w.org\/{rel}","templated":true}]}}