{"id":241,"date":"2019-08-21T10:47:40","date_gmt":"2019-08-21T08:47:40","guid":{"rendered":"http:\/\/blog.fh-kaernten.at\/kukis\/?page_id=241"},"modified":"2020-10-08T09:01:17","modified_gmt":"2020-10-08T07:01:17","slug":"publikationen-co","status":"publish","type":"page","link":"https:\/\/blog.fh-kaernten.at\/kukis\/publikationen-co\/","title":{"rendered":"Publikationen &amp; Co"},"content":{"rendered":"<p><\/p>\n\n\n<\/p>\n<p>In der\u00a0<a style=\"background-color: #ffffff\" href=\"https:\/\/oeph.at\/sites\/default\/public\/files\/newsletter\/%C3%96GPH_Newsletter_September%202020.pdf\">September-Ausgabe des Newsletters der \u00d6sterreichischen Gesellschaft f\u00fcr Public Health<\/a>\u00a0(\u00d6GPH) kann man ab Seite 8\u00a0 nachlesen, wie die <b>KukiS-Toolbox auch in Zeiten von COVID-19 <\/b>unterst\u00fctzen kann.\u00a0<\/p>\n<p>[Zitat: Limarutti, A. &amp; Mir, E. (2020). Wie die KukiS-Toolbox (Kompetent und koh\u00e4rent im Studium-Toolbox) auch in Zeiten von COVID-19 unterst\u00fctzt. \u00d6GPH-Newsletter, September 2020, S. 8-9]<\/p>\n<p>Das von Eva Mir konzipierte Lehrveranstaltungskonzept zur Lehrveranstaltung <strong>\u201eAnwendungsprojekt Gesundheitsf\u00f6rderung\u201c<\/strong> hat es in den Atlas der guten Lehre geschafft und wurde unter folgendem Link\u00a0<a href=\"https:\/\/www.gutelehre.at\/projekte\/\">https:\/\/www.gutelehre.at\/projekte\/<\/a> ver\u00f6ffentlicht.\u00a0<\/p>\n<p>Das\u00a0 <strong>Abstract \u201eWilli will BALD \u2013 Prokrastination als Thema studentischen Gesundheitsmanagements\u201c<\/strong> (verfasst von der <strong>Studierendengruppe rund um Johanna Fugger<\/strong>) ist bereits im Abstractband der \u00d6GPH unter folgendem Link <a href=\"https:\/\/www.thieme-connect.de\/products\/ejournals\/abstract\/10.1055\/s-0040-1709052\">https:\/\/www.thieme-connect.de\/products\/ejournals\/abstract\/10.1055\/s-0040-1709052 <\/a>ver\u00f6ffentlicht.<\/p>\n<p>[Zitat: Fugger, J., Winkler, S., Allabauer, V., Schmidpeter, J., Lederer, M., Limarutti, A. &amp; Mir, E. (2020). Willi will BALD \u2013 Prokrastination als Thema studentischen Gesundheitsmanagements. <em>Gesundheitswesen<\/em>, 82(05), 479. doi:10.1055\/s-0040-1709052]<\/p>\n<p>Ab sofort (14.03.2020) findet sich eine Beschreibung der KukiS-Toolbox unter <a href=\"https:\/\/www.gesundheitsfoerdernde-hochschulen-sw.de\/wp-content\/uploads\/2018\/11\/Projekt-Steckbrief-\u00fcberarbeitet-KukiS-Toolbox_FH-K\u00e4rnten.pdf\">https:\/\/www.gesundheitsfoerdernde-hochschulen-sw.de\/wp-content\/uploads\/2018\/11\/Projekt-Steckbrief-\u00fcberarbeitet-KukiS-Toolbox_FH-K\u00e4rnten.pdf<\/a>\u00a0 Das Netzwerk <a href=\"https:\/\/www.gesundheitsfoerdernde-hochschulen-sw.de\/\"><strong>Gesundheitsf\u00f6rdernde Hochschulen S\u00fcdwest<\/strong> (GH S\u00fcdwest)<\/a> hat unser Projekt als Praxisbeispiel in der Rubrik &#8222;Psychische Gesundheit&#8220; aufgenommen. \u00dcber die Grenzen \u00d6sterreichs hinweg findet die KukiS-Toolbox gro\u00dfen Anklang!<\/p>\n\u00a0\n<p>Am 28. M\u00e4rz 2019 fand an der Fachhochschule K\u00e4rnten wie jedes Jahr der &#8222;Tag der Lehre&#8220; statt. Zu diesem Anlass haben wir das Konzept hinter der KukiS-Toolbox als <a href=\"https:\/\/www.researchgate.net\/profile\/Eva_Mir\/publication\/332444105_KukiS-Toolbox_Kompetent_und_koharent_im_Studium-Toolbox\/links\/5cb5cf5692851c8d22ee9ce3\/KukiS-Toolbox-Kompetent-und-kohaerent-im-Studium-Toolbox.pdf?origin=publication_detail\">wissenschaftliches Poster<\/a> vorgestellt.<\/p>\n<p>[Zitat: Mir, E. &amp; Limarutti, A. (2019). KukiS-Toolbox. Kompetent und koh\u00e4rent im Studium-Toolbox. Wissenschaftliches Poster, vorgestellt im Rahmen des Tags der Lehre an der Fachhochschule K\u00e4rnten, 28. M\u00e4rz 2019. doi: 10.13140\/RG.2.2.17850.64960] <a style=\"vertical-align: text-bottom\"><img decoding=\"async\" style=\"border: 0px none!important;width: 16px!important;height: 16px!important;margin-left: 1px !important;margin-right: 1px !important\" title=\"Titel anhand dieser DOI in Citavi-Projekt \u00fcbernehmen\" src=\"image\/svg+xml;base64,PD94bWwgdmVyc2lvbj0iMS4wIiBlbmNvZGluZz0idXRmLTgiPz48IURPQ1RZUEUgc3ZnIFBVQkxJQyAiLS8vVzNDLy9EVEQgU1ZHIDEuMS8vRU4iICJodHRwOi8vd3d3LnczLm9yZy9HcmFwaGljcy9TVkcvMS4xL0RURC9zdmcxMS5kdGQiPjxzdmcgdmVyc2lvbj0iMS4xIiBpZD0iRWJlbmVfMSIgeG1sbnM9Imh0dHA6Ly93d3cudzMub3JnLzIwMDAvc3ZnIiB4bWxuczp4bGluaz0iaHR0cDovL3d3dy53My5vcmcvMTk5OS94bGluayIgeD0iMHB4IiB5PSIwcHgiIHdpZHRoPSIxNnB4IiBoZWlnaHQ9IjE2cHgiIHZpZXdCb3g9IjAgMCAxNiAxNiIgZW5hYmxlLWJhY2tncm91bmQ9Im5ldyAwIDAgMTYgMTYiIHhtbDpzcGFjZT0icHJlc2VydmUiPjxnPjxnPjxwYXRoIGZpbGw9IiNGRkZGRkYiIGQ9Ik04LjAwMSwxNS41QzMuODY0LDE1LjUsMC41LDEyLjEzNiwwLjUsOGMwLTQuMTM1LDMuMzY1LTcuNSw3LjUwMS03LjVTMTUuNSwzLjg2NCwxNS41LDhTMTIuMTM3LDE1LjUsOC4wMDEsMTUuNXoiLz48cGF0aCBmaWxsPSIjRDUyQjFFIiBkPSJNOC4wMDEsMUMxMS44NiwxLDE1LDQuMTQxLDE1LDhzLTMuMTM5LDctNi45OTksN0M0LjE0LDE1LDEsMTEuODU5LDEsOFM0LjE0LDEsOC4wMDEsMSBNOC4wMDEsMEMzLjU4MiwwLDAsMy41ODIsMCw4czMuNTgyLDgsOC4wMDEsOEMxMi40MTgsMTYsMTYsMTIuNDE4LDE2LDhTMTIuNDE4LDAsOC4wMDEsMEw4LjAwMSwweiIvPjwvZz48cGF0aCBmaWxsPSIjRDUyQjFFIiBkPSJNNi43NDUsMTIuNTg5Yy0wLjIyNywwLjEyMi0wLjQ5NywwLjI0Ny0wLjY4NCwwLjI0N2MtMC4zMTgsMC0wLjUwMS0wLjE2NC0wLjUwMS0wLjQ1MmMwLTAuMjA3LDAuMTQtMC4zNzUsMC41OTUtMC42MjJjMS41NDktMC45MDQsMi41OTQtMi4yNzIsMi41OTQtMy43MjFjMC0wLjgyNS0wLjIyNy0xLjExOS0wLjY4MS0xLjExOWMtMC4xMzUsMC0wLjMyLDAuMjE5LTAuNjM2LDAuMjE5SDcuMTU3QzYuMTAyLDcuMTQzLDUuMzMzLDYuMjY0LDUuMzMzLDUuMjNjMC0xLjE1MiwwLjk1OC0yLjAwNiwyLjI4LTIuMDA2YzEuNzc3LDAsMy4wNTMsMS4zNzMsMy4wNTMsMy40M0MxMC42NjYsOS4yMTUsOS4yMDMsMTEuMjcsNi43NDUsMTIuNTg5Ii8+PC9nPjwvc3ZnPg\" \/><\/a> <a style=\"vertical-align: text-bottom\"><img decoding=\"async\" style=\"border: 0px none!important;width: 16px!important;height: 16px!important;margin-left: 1px !important;margin-right: 1px !important\" title=\"Titel anhand dieser DOI in Citavi-Projekt \u00fcbernehmen\" src=\"image\/svg+xml;base64,PD94bWwgdmVyc2lvbj0iMS4wIiBlbmNvZGluZz0idXRmLTgiPz48IURPQ1RZUEUgc3ZnIFBVQkxJQyAiLS8vVzNDLy9EVEQgU1ZHIDEuMS8vRU4iICJodHRwOi8vd3d3LnczLm9yZy9HcmFwaGljcy9TVkcvMS4xL0RURC9zdmcxMS5kdGQiPjxzdmcgdmVyc2lvbj0iMS4xIiBpZD0iRWJlbmVfMSIgeG1sbnM9Imh0dHA6Ly93d3cudzMub3JnLzIwMDAvc3ZnIiB4bWxuczp4bGluaz0iaHR0cDovL3d3dy53My5vcmcvMTk5OS94bGluayIgeD0iMHB4IiB5PSIwcHgiIHdpZHRoPSIxNnB4IiBoZWlnaHQ9IjE2cHgiIHZpZXdCb3g9IjAgMCAxNiAxNiIgZW5hYmxlLWJhY2tncm91bmQ9Im5ldyAwIDAgMTYgMTYiIHhtbDpzcGFjZT0icHJlc2VydmUiPjxnPjxnPjxwYXRoIGZpbGw9IiNGRkZGRkYiIGQ9Ik04LjAwMSwxNS41QzMuODY0LDE1LjUsMC41LDEyLjEzNiwwLjUsOGMwLTQuMTM1LDMuMzY1LTcuNSw3LjUwMS03LjVTMTUuNSwzLjg2NCwxNS41LDhTMTIuMTM3LDE1LjUsOC4wMDEsMTUuNXoiLz48cGF0aCBmaWxsPSIjRDUyQjFFIiBkPSJNOC4wMDEsMUMxMS44NiwxLDE1LDQuMTQxLDE1LDhzLTMuMTM5LDctNi45OTksN0M0LjE0LDE1LDEsMTEuODU5LDEsOFM0LjE0LDEsOC4wMDEsMSBNOC4wMDEsMEMzLjU4MiwwLDAsMy41ODIsMCw4czMuNTgyLDgsOC4wMDEsOEMxMi40MTgsMTYsMTYsMTIuNDE4LDE2LDhTMTIuNDE4LDAsOC4wMDEsMEw4LjAwMSwweiIvPjwvZz48cGF0aCBmaWxsPSIjRDUyQjFFIiBkPSJNNi43NDUsMTIuNTg5Yy0wLjIyNywwLjEyMi0wLjQ5NywwLjI0Ny0wLjY4NCwwLjI0N2MtMC4zMTgsMC0wLjUwMS0wLjE2NC0wLjUwMS0wLjQ1MmMwLTAuMjA3LDAuMTQtMC4zNzUsMC41OTUtMC42MjJjMS41NDktMC45MDQsMi41OTQtMi4yNzIsMi41OTQtMy43MjFjMC0wLjgyNS0wLjIyNy0xLjExOS0wLjY4MS0xLjExOWMtMC4xMzUsMC0wLjMyLDAuMjE5LTAuNjM2LDAuMjE5SDcuMTU3QzYuMTAyLDcuMTQzLDUuMzMzLDYuMjY0LDUuMzMzLDUuMjNjMC0xLjE1MiwwLjk1OC0yLjAwNiwyLjI4LTIuMDA2YzEuNzc3LDAsMy4wNTMsMS4zNzMsMy4wNTMsMy40M0MxMC42NjYsOS4yMTUsOS4yMDMsMTEuMjcsNi43NDUsMTIuNTg5Ii8+PC9nPjwvc3ZnPg\" \/><\/a><\/p>\n<p>In der <a href=\"https:\/\/oeph.at\/sites\/default\/public\/files\/newsletter\/OEGPH_Newsletter_Juni2019.pdf\">Juni-Ausgabe des Newsletters der \u00d6sterreichischen Gesellschaft f\u00fcr Public Health<\/a> (\u00d6GPH) findet sich ab Seite 18 eine Projektbeschreibung zur Nachlese.<\/p>\n<p>[Zitat: Mir, E. &amp; Limarutti, A. (2019). Projektstart &#8222;KukiS-Toolbox&#8220; (Kompetent und koh\u00e4rent im Studium-Toolbox). \u00d6GPH-Newsletter, Juni 2019, S. 18-20]<\/p>\n<p>\u00a0<\/p>\n<p>In Kooperation mit <a href=\"https:\/\/www.albacommunications.at\/\">ALBA Communications<\/a> wurde f\u00fcr die Studieng\u00e4nge Gesundheits- und Pflegemanagement der Fachhochschule K\u00e4rnten ein Video erstellt. Die KukiS-Toolbox spielt dabei eine prominente Rolle, gleich mal reinschauen!<\/p>\n<p><iframe title=\"Caring for Caring: Die Masterminds unseres Gesundheitssystems\" width=\"1170\" height=\"658\" src=\"about:blank\" frameborder=\"0\" allow=\"accelerometer; autoplay; encrypted-media; gyroscope; picture-in-picture\" allowfullscreen=\"\" class=\"lazyload\" data-src=\"https:\/\/www.youtube.com\/embed\/Sz55-I7ZyoY?feature=oembed\"><\/iframe><\/p>\n<p>\n\n\n<p><\/p>","protected":false},"excerpt":{"rendered":"","protected":false},"author":48,"featured_media":0,"parent":0,"menu_order":0,"comment_status":"closed","ping_status":"closed","template":"","meta":{"inline_featured_image":false,"footnotes":""},"class_list":["post-241","page","type-page","status-publish","hentry"],"_links":{"self":[{"href":"https:\/\/blog.fh-kaernten.at\/kukis\/wp-json\/wp\/v2\/pages\/241","targetHints":{"allow":["GET"]}}],"collection":[{"href":"https:\/\/blog.fh-kaernten.at\/kukis\/wp-json\/wp\/v2\/pages"}],"about":[{"href":"https:\/\/blog.fh-kaernten.at\/kukis\/wp-json\/wp\/v2\/types\/page"}],"author":[{"embeddable":true,"href":"https:\/\/blog.fh-kaernten.at\/kukis\/wp-json\/wp\/v2\/users\/48"}],"replies":[{"embeddable":true,"href":"https:\/\/blog.fh-kaernten.at\/kukis\/wp-json\/wp\/v2\/comments?post=241"}],"version-history":[{"count":0,"href":"https:\/\/blog.fh-kaernten.at\/kukis\/wp-json\/wp\/v2\/pages\/241\/revisions"}],"wp:attachment":[{"href":"https:\/\/blog.fh-kaernten.at\/kukis\/wp-json\/wp\/v2\/media?parent=241"}],"curies":[{"name":"wp","href":"https:\/\/api.w.org\/{rel}","templated":true}]}}