{"id":99,"date":"2018-05-23T07:26:31","date_gmt":"2018-05-23T05:26:31","guid":{"rendered":"http:\/\/blog.fh-kaernten.at\/kompetenzgruppe-demenz\/?page_id=99"},"modified":"2018-05-24T11:53:01","modified_gmt":"2018-05-24T09:53:01","slug":"impressum","status":"publish","type":"page","link":"https:\/\/blog.fh-kaernten.at\/kompetenzgruppe-demenz\/impressum\/","title":{"rendered":"Impressum"},"content":{"rendered":"<h2><strong>Impressum\/Informationspflicht lt. \u00a7 5 Abs. 1 E-Commerce Gesetz<\/strong><\/h2>\n<p><strong>Fachhochschule K\u00e4rnten<\/strong><br \/>\n<strong>Gemeinn\u00fctzige Privatstiftung<\/strong><\/p>\n<p>Villacher Stra\u00dfe 1<br \/>\nA-9800 Spittal<br \/>\n+43 (0)5 \/ 90500<br \/>\nF: +43 (0)5 \/ 90500-9910<br \/>\n<a href=\"mailto:info@fh-kaernten.at\">info@fh-kaernten.at<\/a><\/p>\n<h2><strong>Erweiterte Informationen zur Offenlegungspflicht gem\u00e4\u00df \u00a7 25 MedienG:<\/strong><br \/>\n<a href=\"http:\/\/www.fh-kaernten.at\/ueber-die-fh\/organisation\/hochschulleitung\/organe-der-privatstiftung\">http:\/\/www.fh-kaernten.at\/ueber-die-fh\/organisation\/hochschulleitung\/organe-der-privatstiftung<\/a><\/h2>\n<p><strong>Standort<\/strong><br \/>\nSitz der Stiftung ist Spittal an der Drau.<br \/>\nEingetragen im Firmenbuch des Landgerichts Klagenfurt,<br \/>\nFN:213371g<br \/>\nIBAN:AT671100002814205700<br \/>\nBIC-CODE:BKAUATWW<br \/>\nUID-Nr:ATU53233709<\/p>\n<p><strong>Haftung und Copyright<\/strong><br \/>\nS\u00e4mtliche Texte auf dem Blog der FH K\u00e4rnten wurden sorgf\u00e4ltig gepr\u00fcft. Dessen ungeachtet kann keine Garantie f\u00fcr die Richtigkeit, Vollst\u00e4ndigkeit und Aktualit\u00e4t der Angaben \u00fcbernommen werden. Eine Haftung der FH K\u00e4rnten wird daher ausgeschlossen. Die Links zu anderen Webseiten wurden sorgf\u00e4ltig ausgew\u00e4hlt. Da die FH K\u00e4rnten auf deren Inhalt keinen Einfluss hat, \u00fcbernimmt die FH K\u00e4rnten daf\u00fcr keine Verantwortung. Die FH K\u00e4rnten haftet dar\u00fcber hinaus nicht f\u00fcr unautorisierte Bewerbung ihrer Angebote.<br \/>\n\u00a9 Das Copyright liegt bei der FH K\u00e4rnten.<\/p>\n<p><strong>Fotos:<\/strong><br \/>\n* Colourbox <a href=\"http:\/\/www.colourbox.de\/\">www.colourbox.de<\/a><br \/>\n* Fotolia <a href=\"http:\/\/www.fotolia.de\">www.fotolia.de<\/a><br \/>\n* Shutterstock <a href=\"http:\/\/www.shutterstock.com\">www.shutterstock.com<\/a><br \/>\n* K\u00e4rnten Werbung <a href=\"http:\/\/www.kaernten.at\">www.kaernten.at<\/a><br \/>\n* Helge Bauer <a href=\"http:\/\/www.helgebauer.at\">www.helgebauer.at<\/a><\/p>\n<p>Die FH K\u00e4rnten geht mit Ihren personenbezogenen Daten sorgf\u00e4ltig und gewissenhaft um. Bei der Datenverarbeitung beachten wir die rechtlichen nationalen und europ\u00e4ischen Datenschutzbestimmungen. Alle Daten werden auf Servern gespeichert, die mit einem hohen Sicherheitsstandard betrieben und vor dem Zugriff unberechtigter Personen und Missbrauch gesch\u00fctzt werden.<\/p>\n<p>F\u00fcr Fragen und Anliegen in Zusammenhang mit dem Datenschutz an der FH K\u00e4rnten steht Ihnen gerne unsere interne Ansprechperson zur Verf\u00fcgung, welche Sie per E-Mail unter <a href=\"mailto:datenschutz@fh-kaernten.at\">datenschutz@fh-kaernten.at<\/a>\u00a0 erreichen k\u00f6nnen.<\/p>\n","protected":false},"excerpt":{"rendered":"<p>Impressum\/Informationspflicht lt. \u00a7 5 Abs. 1 E-Commerce Gesetz Fachhochschule K\u00e4rnten Gemeinn\u00fctzige Privatstiftung Villacher Stra\u00dfe 1 A-9800 Spittal +43 (0)5 \/ 90500 F: +43 (0)5 \/ 90500-9910 info@fh-kaernten.at Erweiterte Informationen zur Offenlegungspflicht gem\u00e4\u00df \u00a7 25 MedienG: http:\/\/www.fh-kaernten.at\/ueber-die-fh\/organisation\/hochschulleitung\/organe-der-privatstiftung Standort Sitz der Stiftung ist Spittal an der Drau. Eingetragen im Firmenbuch des Landgerichts Klagenfurt, FN:213371g IBAN:AT671100002814205700 BIC-CODE:BKAUATWW UID-Nr:ATU53233709 &hellip; <\/p>\n<p class=\"link-more\"><a href=\"https:\/\/blog.fh-kaernten.at\/kompetenzgruppe-demenz\/impressum\/\" class=\"more-link\"><span class=\"screen-reader-text\">\u201eImpressum\u201c <\/span>weiterlesen<\/a><\/p>\n","protected":false},"author":48,"featured_media":0,"parent":0,"menu_order":0,"comment_status":"closed","ping_status":"closed","template":"","meta":{"inline_featured_image":false,"footnotes":""},"class_list":["post-99","page","type-page","status-publish","hentry"],"yoast_head":"<!-- This site is optimized with the Yoast SEO plugin v27.4 - https:\/\/yoast.com\/product\/yoast-seo-wordpress\/ -->\n<title>Impressum - Kompetenzgruppe Demenz<\/title>\n<meta name=\"robots\" content=\"index, follow, max-snippet:-1, max-image-preview:large, max-video-preview:-1\" \/>\n<link rel=\"canonical\" href=\"https:\/\/blog.fh-kaernten.at\/kompetenzgruppe-demenz\/impressum\/\" \/>\n<meta property=\"og:locale\" content=\"de_DE\" \/>\n<meta property=\"og:type\" content=\"article\" \/>\n<meta property=\"og:title\" content=\"Impressum - Kompetenzgruppe Demenz\" \/>\n<meta property=\"og:description\" content=\"Impressum\/Informationspflicht lt. \u00a7 5 Abs. 1 E-Commerce Gesetz Fachhochschule K\u00e4rnten Gemeinn\u00fctzige Privatstiftung Villacher Stra\u00dfe 1 A-9800 Spittal +43 (0)5 \/ 90500 F: +43 (0)5 \/ 90500-9910 info@fh-kaernten.at Erweiterte Informationen zur Offenlegungspflicht gem\u00e4\u00df \u00a7 25 MedienG: http:\/\/www.fh-kaernten.at\/ueber-die-fh\/organisation\/hochschulleitung\/organe-der-privatstiftung Standort Sitz der Stiftung ist Spittal an der Drau. Eingetragen im Firmenbuch des Landgerichts Klagenfurt, FN:213371g IBAN:AT671100002814205700 BIC-CODE:BKAUATWW UID-Nr:ATU53233709 &hellip; \u201eImpressum\u201c weiterlesen\" \/>\n<meta property=\"og:url\" content=\"https:\/\/blog.fh-kaernten.at\/kompetenzgruppe-demenz\/impressum\/\" \/>\n<meta property=\"og:site_name\" content=\"Kompetenzgruppe Demenz\" \/>\n<meta property=\"article:modified_time\" content=\"2018-05-24T09:53:01+00:00\" \/>\n<meta name=\"twitter:card\" content=\"summary_large_image\" \/>\n<meta name=\"twitter:label1\" content=\"Gesch\u00e4tzte Lesezeit\" \/>\n\t<meta name=\"twitter:data1\" content=\"1\u00a0Minute\" \/>\n<script type=\"application\/ld+json\" class=\"yoast-schema-graph\">{\"@context\":\"https:\\\/\\\/schema.org\",\"@graph\":[{\"@type\":\"WebPage\",\"@id\":\"https:\\\/\\\/blog.fh-kaernten.at\\\/kompetenzgruppe-demenz\\\/impressum\\\/\",\"url\":\"https:\\\/\\\/blog.fh-kaernten.at\\\/kompetenzgruppe-demenz\\\/impressum\\\/\",\"name\":\"Impressum - Kompetenzgruppe Demenz\",\"isPartOf\":{\"@id\":\"https:\\\/\\\/blog.fh-kaernten.at\\\/kompetenzgruppe-demenz\\\/#website\"},\"datePublished\":\"2018-05-23T05:26:31+00:00\",\"dateModified\":\"2018-05-24T09:53:01+00:00\",\"breadcrumb\":{\"@id\":\"https:\\\/\\\/blog.fh-kaernten.at\\\/kompetenzgruppe-demenz\\\/impressum\\\/#breadcrumb\"},\"inLanguage\":\"de\",\"potentialAction\":[{\"@type\":\"ReadAction\",\"target\":[\"https:\\\/\\\/blog.fh-kaernten.at\\\/kompetenzgruppe-demenz\\\/impressum\\\/\"]}]},{\"@type\":\"BreadcrumbList\",\"@id\":\"https:\\\/\\\/blog.fh-kaernten.at\\\/kompetenzgruppe-demenz\\\/impressum\\\/#breadcrumb\",\"itemListElement\":[{\"@type\":\"ListItem\",\"position\":1,\"name\":\"Startseite\",\"item\":\"https:\\\/\\\/blog.fh-kaernten.at\\\/kompetenzgruppe-demenz\\\/\"},{\"@type\":\"ListItem\",\"position\":2,\"name\":\"Impressum\"}]},{\"@type\":\"WebSite\",\"@id\":\"https:\\\/\\\/blog.fh-kaernten.at\\\/kompetenzgruppe-demenz\\\/#website\",\"url\":\"https:\\\/\\\/blog.fh-kaernten.at\\\/kompetenzgruppe-demenz\\\/\",\"name\":\"Kompetenzgruppe Demenz\",\"description\":\"der \u00d6sterreichischen Gesellschaft f\u00fcr Public Health\",\"potentialAction\":[{\"@type\":\"SearchAction\",\"target\":{\"@type\":\"EntryPoint\",\"urlTemplate\":\"https:\\\/\\\/blog.fh-kaernten.at\\\/kompetenzgruppe-demenz\\\/?s={search_term_string}\"},\"query-input\":{\"@type\":\"PropertyValueSpecification\",\"valueRequired\":true,\"valueName\":\"search_term_string\"}}],\"inLanguage\":\"de\"}]}<\/script>\n<!-- \/ Yoast SEO plugin. -->","yoast_head_json":{"title":"Impressum - Kompetenzgruppe Demenz","robots":{"index":"index","follow":"follow","max-snippet":"max-snippet:-1","max-image-preview":"max-image-preview:large","max-video-preview":"max-video-preview:-1"},"canonical":"https:\/\/blog.fh-kaernten.at\/kompetenzgruppe-demenz\/impressum\/","og_locale":"de_DE","og_type":"article","og_title":"Impressum - Kompetenzgruppe Demenz","og_description":"Impressum\/Informationspflicht lt. \u00a7 5 Abs. 1 E-Commerce Gesetz Fachhochschule K\u00e4rnten Gemeinn\u00fctzige Privatstiftung Villacher Stra\u00dfe 1 A-9800 Spittal +43 (0)5 \/ 90500 F: +43 (0)5 \/ 90500-9910 info@fh-kaernten.at Erweiterte Informationen zur Offenlegungspflicht gem\u00e4\u00df \u00a7 25 MedienG: http:\/\/www.fh-kaernten.at\/ueber-die-fh\/organisation\/hochschulleitung\/organe-der-privatstiftung Standort Sitz der Stiftung ist Spittal an der Drau. Eingetragen im Firmenbuch des Landgerichts Klagenfurt, FN:213371g IBAN:AT671100002814205700 BIC-CODE:BKAUATWW UID-Nr:ATU53233709 &hellip; \u201eImpressum\u201c weiterlesen","og_url":"https:\/\/blog.fh-kaernten.at\/kompetenzgruppe-demenz\/impressum\/","og_site_name":"Kompetenzgruppe Demenz","article_modified_time":"2018-05-24T09:53:01+00:00","twitter_card":"summary_large_image","twitter_misc":{"Gesch\u00e4tzte Lesezeit":"1\u00a0Minute"},"schema":{"@context":"https:\/\/schema.org","@graph":[{"@type":"WebPage","@id":"https:\/\/blog.fh-kaernten.at\/kompetenzgruppe-demenz\/impressum\/","url":"https:\/\/blog.fh-kaernten.at\/kompetenzgruppe-demenz\/impressum\/","name":"Impressum - Kompetenzgruppe Demenz","isPartOf":{"@id":"https:\/\/blog.fh-kaernten.at\/kompetenzgruppe-demenz\/#website"},"datePublished":"2018-05-23T05:26:31+00:00","dateModified":"2018-05-24T09:53:01+00:00","breadcrumb":{"@id":"https:\/\/blog.fh-kaernten.at\/kompetenzgruppe-demenz\/impressum\/#breadcrumb"},"inLanguage":"de","potentialAction":[{"@type":"ReadAction","target":["https:\/\/blog.fh-kaernten.at\/kompetenzgruppe-demenz\/impressum\/"]}]},{"@type":"BreadcrumbList","@id":"https:\/\/blog.fh-kaernten.at\/kompetenzgruppe-demenz\/impressum\/#breadcrumb","itemListElement":[{"@type":"ListItem","position":1,"name":"Startseite","item":"https:\/\/blog.fh-kaernten.at\/kompetenzgruppe-demenz\/"},{"@type":"ListItem","position":2,"name":"Impressum"}]},{"@type":"WebSite","@id":"https:\/\/blog.fh-kaernten.at\/kompetenzgruppe-demenz\/#website","url":"https:\/\/blog.fh-kaernten.at\/kompetenzgruppe-demenz\/","name":"Kompetenzgruppe Demenz","description":"der \u00d6sterreichischen Gesellschaft f\u00fcr Public Health","potentialAction":[{"@type":"SearchAction","target":{"@type":"EntryPoint","urlTemplate":"https:\/\/blog.fh-kaernten.at\/kompetenzgruppe-demenz\/?s={search_term_string}"},"query-input":{"@type":"PropertyValueSpecification","valueRequired":true,"valueName":"search_term_string"}}],"inLanguage":"de"}]}},"_links":{"self":[{"href":"https:\/\/blog.fh-kaernten.at\/kompetenzgruppe-demenz\/wp-json\/wp\/v2\/pages\/99","targetHints":{"allow":["GET"]}}],"collection":[{"href":"https:\/\/blog.fh-kaernten.at\/kompetenzgruppe-demenz\/wp-json\/wp\/v2\/pages"}],"about":[{"href":"https:\/\/blog.fh-kaernten.at\/kompetenzgruppe-demenz\/wp-json\/wp\/v2\/types\/page"}],"author":[{"embeddable":true,"href":"https:\/\/blog.fh-kaernten.at\/kompetenzgruppe-demenz\/wp-json\/wp\/v2\/users\/48"}],"replies":[{"embeddable":true,"href":"https:\/\/blog.fh-kaernten.at\/kompetenzgruppe-demenz\/wp-json\/wp\/v2\/comments?post=99"}],"version-history":[{"count":0,"href":"https:\/\/blog.fh-kaernten.at\/kompetenzgruppe-demenz\/wp-json\/wp\/v2\/pages\/99\/revisions"}],"wp:attachment":[{"href":"https:\/\/blog.fh-kaernten.at\/kompetenzgruppe-demenz\/wp-json\/wp\/v2\/media?parent=99"}],"curies":[{"name":"wp","href":"https:\/\/api.w.org\/{rel}","templated":true}]}}