{"id":96,"date":"2022-10-18T15:09:45","date_gmt":"2022-10-18T13:09:45","guid":{"rendered":"https:\/\/blog.fh-kaernten.at\/kligs\/?page_id=96"},"modified":"2023-03-17T18:04:28","modified_gmt":"2023-03-17T17:04:28","slug":"elementor-96","status":"publish","type":"page","link":"https:\/\/blog.fh-kaernten.at\/kligs\/elementor-96\/","title":{"rendered":"Daniela Elisabeth Str\u00f6ckl"},"content":{"rendered":"<p><\/p>\r\n\r\n<div class=\"wp-block-columns is-layout-flex wp-container-core-columns-is-layout-28f84493 wp-block-columns-is-layout-flex\">\r\n<div class=\"wp-block-column is-layout-flow wp-block-column-is-layout-flow\" style=\"flex-basis: 66.66%\">\r\n<p><strong>Beschreibe kurz deine Profession:<\/strong><\/p>\r\n\r\n\r\n\r\n<p>Das Bindeglied zwischen Medizin, GDAs sowie Endnutzer:innen und der Digitalisierung ist die Medizin- bzw. Gesundheitsinformatik. Entwicklungen wie KIS, digitale Gesundheitsdokumentation, Telehealth, Gesundheitsapps zu Themen wie Fitness, Wohlbefinden oder Monitoring von Vitaldaten geh\u00f6ren zum Kerngesch\u00e4ft, genauso wie die digitale Unterst\u00fctzung bei relevanten Gesundheitsthemen von morgen. Gezielter Wissenstransfer (health empowerment) wie auch der Einsatz von Serious Games runden den Wirkungskreis ab.<\/p>\r\n<\/div>\r\n\r\n\r\n\r\n<div class=\"wp-block-column is-layout-flow wp-block-column-is-layout-flow\" style=\"flex-basis: 33.33%\">\r\n<figure class=\"wp-block-image size-large\"><img fetchpriority=\"high\" decoding=\"async\" width=\"1024\" height=\"1024\" class=\"wp-image-77\" src=\"http:\/\/blog.fh-kaernten.at\/kligs\/files\/2022\/10\/dani-stroeckl-sw-edited-1024x1024.jpg\" alt=\"\" srcset=\"https:\/\/blog.fh-kaernten.at\/kligs\/files\/2022\/10\/dani-stroeckl-sw-edited-1024x1024.jpg 1024w, https:\/\/blog.fh-kaernten.at\/kligs\/files\/2022\/10\/dani-stroeckl-sw-edited-300x300.jpg 300w, https:\/\/blog.fh-kaernten.at\/kligs\/files\/2022\/10\/dani-stroeckl-sw-edited-150x150.jpg 150w, https:\/\/blog.fh-kaernten.at\/kligs\/files\/2022\/10\/dani-stroeckl-sw-edited-768x769.jpg 768w, https:\/\/blog.fh-kaernten.at\/kligs\/files\/2022\/10\/dani-stroeckl-sw-edited-1534x1536.jpg 1534w, https:\/\/blog.fh-kaernten.at\/kligs\/files\/2022\/10\/dani-stroeckl-sw-edited-1000x1001.jpg 1000w, https:\/\/blog.fh-kaernten.at\/kligs\/files\/2022\/10\/dani-stroeckl-sw-edited-230x230.jpg 230w, https:\/\/blog.fh-kaernten.at\/kligs\/files\/2022\/10\/dani-stroeckl-sw-edited-350x350.jpg 350w, https:\/\/blog.fh-kaernten.at\/kligs\/files\/2022\/10\/dani-stroeckl-sw-edited-480x481.jpg 480w\" sizes=\"(max-width: 1024px) 100vw, 1024px\" \/><\/figure>\r\n<\/div>\r\n<\/div>\r\n\r\n\r\n\r\n<p><strong>Wo ber\u00fchrt dich das Thema Nachhaltigkeit in deinem Arbeitsalltag am meisten? \/ Wo siehst du die Schnittmenge zwischen Nachhaltigkeit und deiner Profession? (SDGs von Interesse angeben)<\/strong><\/p>\r\n\r\n\r\n\r\n<p>In der digitalen Transformation bzw. Digitisierung des Gesundheitswesens kann es keine nachhaltigen Weiterentwicklungen ohne die Themen Klimawandel, Klimaschutz und Klimaanpassung sinnvoll geben. H\u00f6her, schneller, weiter sind technisch m\u00f6glich, aber man muss sich im Bezug auf die Nachhaltigkeit und auch der Technikethik fragen, ob dies der Weg ist. Medizininformatik, eHealth oder mHealth sind falsch implementiert und angewendet \u201cRessourcenfresser\u201d und keine Patentl\u00f6sung f\u00fcr Nachhaltigkeit \u2013 aber sie haben Potential, wenn man Aspekte wie Hardwareerzeugung und -kreislaufwirtschaft, Energiegewinnung und verantwortungsbewusstes Nutzen bedenkt. Studierende m\u00fcssen diese Informationen aber w\u00e4hrend der Ausbildung bereits gezeigt bekommen, um sp\u00e4ter m\u00fcndige und kompetente Entwickler:innen zu werden, die auch Ressourcenschonung mitbedenken &#8211; Stichwort Green IT in Healthcare.<\/p>\r\n\r\n\r\n\r\n<p>Ein zweiter interessanter Aspekt ist das Zusammenspiel \u201cMentale Gesundheit und Klimawandel\u201d aus mehreren Perspektiven: zum einen ist die Natur und das Naturerleben im Sinne von nature-based Therapy ein wichtiger Faktor f\u00fcr die mentale Gesundheit (z.B. bei Stress, Burnout, Depressionen etc.) aber zum anderen ist der Klimawandel und die damit verbundenen \u00c4ngste und Sorgen ein Treiber f\u00fcr mentale Gesundheitsprobleme. Diese Wechselwirkungen und an welchen Punkten digitale Assistenz unterst\u00fctzen kann sind neue, spannende Kernaspekte meiner Forschungst\u00e4tigkeit, die ich auch meinen Studierenden mitgebe.<\/p>\r\n\r\n\r\n\r\n<p>&nbsp;<\/p>\r\n\r\n\r\n\r\n<p><strong>Kennst du ein Best Practice Beispiel?<\/strong><\/p>\r\n\r\n\r\n\r\n<p>Es gibt weltweit betrachtet einige Ideen, die Themenbereiche zusammenzubringen; z.B. wird von Health Science im Rahmen des Projekts ECHO ein kostenloses Weiterbildungsprogramm \u201cClimate Change and human Health ECHO\u201d angeboten, das online stattfindet. In dessen Rahmen werden Inhalte f\u00fcr GDAs aufbereitet und angeboten, um eine Sensibilisierung f\u00fcr das Thema Nachhaltigkeit zu forcieren.<\/p>\r\n\r\n\r\n\r\n<p>Nationale und internationale Netzwerke wie die Idee hinter Health4Future sind auch hervorzuheben, da aus der Gesundheitsprofession heraus der Drive kommt, sich dem Thema anzun\u00e4hern und gemeinsam Gesundheit gr\u00fcner zu machen.<\/p>\r\n\r\n\r\n\r\n<p>Auch im Studienbereich Eng&amp;IT sowie dem Studiengang Informationstechnologien werden die Auswirkungen der IT auf das Klima immer h\u00e4ufiger thematisiert und in Lehrveranstaltungen besprochen (z.B. Current IT Trends: Digitalisierung &#8211; Klimas\u00fcnder oder Zukunftschance). Aber grundlegend ist zu sagen, es ist noch viel zu tun.<\/p>\r\n\r\n\r\n\r\n<p>&nbsp;<\/p>\r\n\r\n\r\n\r\n<p><strong>Was ist deiner Meinung nach zu tun?<\/strong><\/p>\r\n\r\n\r\n\r\n<p>Patient and professional empowerment. Man muss ein Bewusstsein schaffen und praktikable sowie niederschwellige L\u00f6sungen anbieten, deren Nutzen erkennbar und gut umsetzbar sind. Das Wissen \u00fcber die Auswirkungen des Gesundheitswesens und der eigenen Profession auf das Klima sollte Basiswissen sein und geh\u00f6rt in den Curricula verankert. Nur dann wird der Sektor es schaffen, weiterf\u00fchrende Ma\u00dfnahmen \u00fcberhaupt anzudenken.<\/p>\r\n\r\n<p><\/p>","protected":false},"excerpt":{"rendered":"<p>Beschreibe kurz deine Profession: Das Bindeglied zwischen Medizin, GDAs sowie Endnutzer:innen und der Digitalisierung ist die Medizin- bzw. Gesundheitsinformatik. Entwicklungen wie KIS, [&hellip;]<\/p>\n","protected":false},"author":104,"featured_media":0,"parent":0,"menu_order":0,"comment_status":"closed","ping_status":"closed","template":"","meta":{"inline_featured_image":false,"footnotes":""},"class_list":["post-96","page","type-page","status-publish","hentry"],"_links":{"self":[{"href":"https:\/\/blog.fh-kaernten.at\/kligs\/wp-json\/wp\/v2\/pages\/96","targetHints":{"allow":["GET"]}}],"collection":[{"href":"https:\/\/blog.fh-kaernten.at\/kligs\/wp-json\/wp\/v2\/pages"}],"about":[{"href":"https:\/\/blog.fh-kaernten.at\/kligs\/wp-json\/wp\/v2\/types\/page"}],"author":[{"embeddable":true,"href":"https:\/\/blog.fh-kaernten.at\/kligs\/wp-json\/wp\/v2\/users\/104"}],"replies":[{"embeddable":true,"href":"https:\/\/blog.fh-kaernten.at\/kligs\/wp-json\/wp\/v2\/comments?post=96"}],"version-history":[{"count":0,"href":"https:\/\/blog.fh-kaernten.at\/kligs\/wp-json\/wp\/v2\/pages\/96\/revisions"}],"wp:attachment":[{"href":"https:\/\/blog.fh-kaernten.at\/kligs\/wp-json\/wp\/v2\/media?parent=96"}],"curies":[{"name":"wp","href":"https:\/\/api.w.org\/{rel}","templated":true}]}}