{"id":342,"date":"2023-03-13T09:45:33","date_gmt":"2023-03-13T08:45:33","guid":{"rendered":"https:\/\/blog.fh-kaernten.at\/kligs\/?page_id=342"},"modified":"2023-03-17T17:44:55","modified_gmt":"2023-03-17T16:44:55","slug":"change","status":"publish","type":"page","link":"https:\/\/blog.fh-kaernten.at\/kligs\/change\/","title":{"rendered":"chAnGE"},"content":{"rendered":"<p>Die klimabedingten Gesundheitsrisiken nehmen zu, da unsere wachsende europ\u00e4ische Bev\u00f6lkerung \u00e4lterer Menschen durch den Klimawandel und extreme Wetterereignisse stark gef\u00e4hrdet ist.<br \/>\nDie chAnGE-Allianz aus Hochschulen, Berufsbildungseinrichtungen und Organisationen des Gesundheits- und Sozialwesens [HSCOs] in Irland, Portugal, Finnland, \u00d6sterreich und Griechenland hat folgende Ziele:<\/p>\n<ol>\n<li>die gemeinsame Entwicklung einer Reihe von Online-Mikroqualifikationen (MC) f\u00fcr Fachkr\u00e4fte des Gesundheits- und Sozialwesens, die die Pflege \u00e4lterer Menschen planen und durchf\u00fchren, um ihnen Wissen, Selbstvertrauen und F\u00e4higkeiten zu vermitteln, damit sie Klimaanpassung und Resilienz in ihre Arbeit einbeziehen k\u00f6nnen<\/li>\n<li>HSC-Fachkr\u00e4fte als lokale Klimaanpassungsf\u00fchrer, Vorreiter und Peer-Trainer zu bef\u00e4higen, um die Wirkung zu verst\u00e4rken<\/li>\n<li>F\u00f6rderung der Beziehungen und der gemeinsamen Schaffung von Wissen zwischen VET-HEI-HSCO durch Projektaktivit\u00e4ten und gezielte Veranstaltungen zum Wissensaustausch (KE)<\/li>\n<li>Erleichterung der Modernisierung des Lernangebots von Hochschulen und Berufsbildungseinrichtungen und Unterst\u00fctzung des \u00dcbergangs von Lernenden zu Hochschulen<\/li>\n<li>Einigung auf einen EU-angepassten Rahmen f\u00fcr die Anerkennung\/Akkumulierung von MC-Leistungspunkten zur Nutzung (f\u00fcr jedes Thema oder jede Lerngruppe) durch Hochschulen\/Berufsbildungseinrichtungen in ganz Europa.<\/li>\n<\/ol>\n<p>Die Projektaktivit\u00e4ten werden in vier Arbeitspaketen (WPs) \u00fcber 3 Jahre durchgef\u00fchrt:<\/p>\n<ul>\n<li>WP1: Projektkoordination\/\u00dcberwachung<\/li>\n<li>WP2: Vorbereitung: Iterative gemeinsame Erstellung von Inhalten, Digitalisierung, Pilotierung; MC-Credit-Zertifizierung<\/li>\n<li>WP3: Umsetzung (Lernangebote), \u00dcberwachung, Bewertung<\/li>\n<li>WP4: Verbreitung und Verwertung<\/li>\n<\/ul>\n<p><strong>Ergebnisse und Outputs:<\/strong><br \/>\nDas innovative Bildungsangebot, das 500-1000 HSC-Fachkr\u00e4ften zur Verf\u00fcgung gestellt und in den HSCOs weit verbreitet wird, wird neuartig (auf der Grundlage umfassender Bedarfs-\/L\u00fcckenanalysen), interaktiv, zug\u00e4nglich, mundgerecht, stapelbar und in Zusammenarbeit mit den Ziellernenden\/\u00e4lteren Menschen auf EQR-Niveau 4-6 erstellt. Der Lehrplan und die Lerninhalte (f\u00fcr die 15 verkn\u00fcpften MCs) sowie die Ressourcen zur Lernverst\u00e4rkung werden frei verf\u00fcgbar sein, damit sie von anderen angepasst\/verwendet werden k\u00f6nnen, zusammen mit mehr als drei akademischen Abhandlungen und drei Berichten \u00fcber die Anerkennung von MC-Punkten, die Nachhaltigkeit und die Evaluierung (Feedback und Unterst\u00fctzungsbedarf der Lernenden, Nutzung und Verwendbarkeit;<br \/>\nLerneffektivit\u00e4t\/Wirkung).<\/p>\n<p><a href=\"https:\/\/blog.fh-kaernten.at\/kligs\/2023\/03\/13\/finanzierung-fuer-1-88-mil-eur-erasmus-partnership-for-innovation-erhalten\/\" target=\"_blank\" rel=\"noopener\">News Beitrag &#8211; Finanzierungszusage<\/a><\/p>","protected":false},"excerpt":{"rendered":"<p>Die klimabedingten Gesundheitsrisiken nehmen zu, da unsere wachsende europ\u00e4ische Bev\u00f6lkerung \u00e4lterer Menschen durch den Klimawandel und extreme Wetterereignisse stark gef\u00e4hrdet ist. Die [&hellip;]<\/p>\n","protected":false},"author":104,"featured_media":0,"parent":0,"menu_order":0,"comment_status":"closed","ping_status":"closed","template":"","meta":{"inline_featured_image":false,"footnotes":""},"class_list":["post-342","page","type-page","status-publish","hentry"],"_links":{"self":[{"href":"https:\/\/blog.fh-kaernten.at\/kligs\/wp-json\/wp\/v2\/pages\/342","targetHints":{"allow":["GET"]}}],"collection":[{"href":"https:\/\/blog.fh-kaernten.at\/kligs\/wp-json\/wp\/v2\/pages"}],"about":[{"href":"https:\/\/blog.fh-kaernten.at\/kligs\/wp-json\/wp\/v2\/types\/page"}],"author":[{"embeddable":true,"href":"https:\/\/blog.fh-kaernten.at\/kligs\/wp-json\/wp\/v2\/users\/104"}],"replies":[{"embeddable":true,"href":"https:\/\/blog.fh-kaernten.at\/kligs\/wp-json\/wp\/v2\/comments?post=342"}],"version-history":[{"count":0,"href":"https:\/\/blog.fh-kaernten.at\/kligs\/wp-json\/wp\/v2\/pages\/342\/revisions"}],"wp:attachment":[{"href":"https:\/\/blog.fh-kaernten.at\/kligs\/wp-json\/wp\/v2\/media?parent=342"}],"curies":[{"name":"wp","href":"https:\/\/api.w.org\/{rel}","templated":true}]}}