{"id":2,"date":"2022-02-02T07:08:27","date_gmt":"2022-02-02T06:08:27","guid":{"rendered":"https:\/\/blog.fh-kaernten.at\/kligs\/?page_id=2"},"modified":"2023-03-17T17:43:38","modified_gmt":"2023-03-17T16:43:38","slug":"beispiel-seite","status":"publish","type":"page","link":"https:\/\/blog.fh-kaernten.at\/kligs\/","title":{"rendered":"Willkommen!"},"content":{"rendered":"<p><\/p>\r\n<p>&nbsp;<\/p>\r\n\r\n<p>Hiermit m\u00f6chten wir Ihnen die Lehrenden &amp; Forschenden der FH K\u00e4rnten vorstellen, die sich als interdisziplin\u00e4res Team zusammen getan haben, um das Thema Klimawandel und dessen Folgen f\u00fcr unser aller Gesundheit zu beforschen und in der Lehre zu verankern. Ziel ist es, gemeinsam Strategien und L\u00f6sungen zu finden, dass wir alle einer gesunden und lebenswerten Zukunft entgegenblicken k\u00f6nnen.<\/p>\r\n<p>Es ist nicht nur wichtig, dass wir uns in unseren unterschiedlichen Professionen mit dem Thema Klimaschutz &amp; Klimaanpassung besch\u00e4ftigen, sondern es ist unumg\u00e4nglich, denn&#8230;<\/p>\r\n<p><\/p>\r\n<p>&nbsp;<\/p>\r\n<p><\/p>\r\n<blockquote class=\"is-layout-flow wp-block-quote-is-layout-flow\">\r\n<p><strong>\u201eDie Erde hat Fieber \u2013 und das Fieber steigt.\u201c<\/strong> (Albert \u201aAl\u2018 Gore)<\/p>\r\n<\/blockquote>\r\n<p><\/p>\r\n<p>&nbsp;<\/p>\r\n<p><\/p>\r\n<p>Und wer, wenn nicht Personen aus dem Gesundheitssektor wissen, was das auf lange Sicht bedeutet. Wir als Gruppe haben uns entschlossen zu handeln, und unseren Beitrag zu leisten. Auf dieser Plattform zeigen FH-Mitarbeiter:innen \u00fcber Hierarchien und Studienbereichs-Grenzen hinweg, wie man dem Thema Klimawandel begegnet, was man selbst und in der Profession tun kann und sie versuchen andere Kolleg:innen zu motivieren auch ihren Teil beizutragen. Denn&#8230;<\/p>\r\n<p><\/p>\r\n<p>&nbsp;<\/p>\r\n<p><\/p>\r\n<blockquote class=\"is-layout-flow wp-block-quote-is-layout-flow\">\r\n<p><strong>\u201eDie Erde ist nicht nur unser gemeinsames Erbe, sie ist auch die Quelle des Lebens.\u201c<\/strong>\u00a0(Dalai Lama)<\/p>\r\n<\/blockquote>\r\n<p><\/p>\r\n<p>&nbsp;<\/p>\r\n<p><\/p>\r\n<p>&nbsp;<\/p>\r\n<p><\/p>\r\n<p>&nbsp;<\/p>\r\n<p><\/p>","protected":false},"excerpt":{"rendered":"<p>&nbsp; Hiermit m\u00f6chten wir Ihnen die Lehrenden &amp; Forschenden der FH K\u00e4rnten vorstellen, die sich als interdisziplin\u00e4res Team zusammen getan haben, um [&hellip;]<\/p>\n","protected":false},"author":104,"featured_media":0,"parent":0,"menu_order":0,"comment_status":"closed","ping_status":"open","template":"","meta":{"inline_featured_image":false,"footnotes":""},"class_list":["post-2","page","type-page","status-publish","hentry"],"_links":{"self":[{"href":"https:\/\/blog.fh-kaernten.at\/kligs\/wp-json\/wp\/v2\/pages\/2","targetHints":{"allow":["GET"]}}],"collection":[{"href":"https:\/\/blog.fh-kaernten.at\/kligs\/wp-json\/wp\/v2\/pages"}],"about":[{"href":"https:\/\/blog.fh-kaernten.at\/kligs\/wp-json\/wp\/v2\/types\/page"}],"author":[{"embeddable":true,"href":"https:\/\/blog.fh-kaernten.at\/kligs\/wp-json\/wp\/v2\/users\/104"}],"replies":[{"embeddable":true,"href":"https:\/\/blog.fh-kaernten.at\/kligs\/wp-json\/wp\/v2\/comments?post=2"}],"version-history":[{"count":0,"href":"https:\/\/blog.fh-kaernten.at\/kligs\/wp-json\/wp\/v2\/pages\/2\/revisions"}],"wp:attachment":[{"href":"https:\/\/blog.fh-kaernten.at\/kligs\/wp-json\/wp\/v2\/media?parent=2"}],"curies":[{"name":"wp","href":"https:\/\/api.w.org\/{rel}","templated":true}]}}