{"id":143,"date":"2022-10-18T16:01:57","date_gmt":"2022-10-18T14:01:57","guid":{"rendered":"https:\/\/blog.fh-kaernten.at\/kligs\/?page_id=143"},"modified":"2022-10-20T14:32:35","modified_gmt":"2022-10-20T12:32:35","slug":"kligs-persoenlichkeiten-podcast","status":"publish","type":"page","link":"https:\/\/blog.fh-kaernten.at\/kligs\/kligs-persoenlichkeiten-podcast\/","title":{"rendered":"Podcast"},"content":{"rendered":"\n<p>Um uns nicht nur schriftlich sondern auch akustisch Ihnen vorzustellen, wurde der KliGS Pers\u00f6nlichkeiten Podcast aufgenommen. Durch die Expertise von unserem Kollegen Markus Kraxner gemeinsam mit Theresia Krautzer konnte eine tolle und ganz pers\u00f6nliche Podcast-Reihe realisiert werden, die wir Ihnen nicht vorenthalten m\u00f6chten. <\/p>\n\n\n\n<p>Sieben auf einen Streich: so vielf\u00e4ltig, wie die Zug\u00e4nge zum Thema Klimawandel &amp; Gesundheit sind, so bunt sind auch die Folgen; lauschen Sie und z\u00f6gern Sie nicht, anschlie\u00dfend mit uns in Kontakt zu kommen. Wir freuen uns darauf. <\/p>\n\n\n\n<p><strong>Folge 1: Zu Gast, KliGS Mitglied Outi Sulopuisto<\/strong><\/p>\n\n\n\n<div class=\"wp-block-columns is-layout-flex wp-container-core-columns-is-layout-28f84493 wp-block-columns-is-layout-flex\">\n<div class=\"wp-block-column is-layout-flow wp-block-column-is-layout-flow\">\n<figure class=\"wp-block-image size-large is-resized\"><img fetchpriority=\"high\" decoding=\"async\" src=\"http:\/\/blog.fh-kaernten.at\/kligs\/files\/2022\/10\/KliGS-Persoenlichkeiten-Outi-Sulopuisto-mp3-image-1024x1024.jpg\" alt=\"\" class=\"wp-image-153\" width=\"256\" height=\"256\" srcset=\"https:\/\/blog.fh-kaernten.at\/kligs\/files\/2022\/10\/KliGS-Persoenlichkeiten-Outi-Sulopuisto-mp3-image-1024x1024.jpg 1024w, https:\/\/blog.fh-kaernten.at\/kligs\/files\/2022\/10\/KliGS-Persoenlichkeiten-Outi-Sulopuisto-mp3-image-300x300.jpg 300w, https:\/\/blog.fh-kaernten.at\/kligs\/files\/2022\/10\/KliGS-Persoenlichkeiten-Outi-Sulopuisto-mp3-image-150x150.jpg 150w, https:\/\/blog.fh-kaernten.at\/kligs\/files\/2022\/10\/KliGS-Persoenlichkeiten-Outi-Sulopuisto-mp3-image-768x768.jpg 768w, https:\/\/blog.fh-kaernten.at\/kligs\/files\/2022\/10\/KliGS-Persoenlichkeiten-Outi-Sulopuisto-mp3-image-1000x1000.jpg 1000w, https:\/\/blog.fh-kaernten.at\/kligs\/files\/2022\/10\/KliGS-Persoenlichkeiten-Outi-Sulopuisto-mp3-image-230x230.jpg 230w, https:\/\/blog.fh-kaernten.at\/kligs\/files\/2022\/10\/KliGS-Persoenlichkeiten-Outi-Sulopuisto-mp3-image-350x350.jpg 350w, https:\/\/blog.fh-kaernten.at\/kligs\/files\/2022\/10\/KliGS-Persoenlichkeiten-Outi-Sulopuisto-mp3-image-480x480.jpg 480w, https:\/\/blog.fh-kaernten.at\/kligs\/files\/2022\/10\/KliGS-Persoenlichkeiten-Outi-Sulopuisto-mp3-image.jpg 1400w\" sizes=\"(max-width: 256px) 100vw, 256px\" \/><\/figure>\n<\/div>\n\n\n\n<div class=\"wp-block-column is-vertically-aligned-center is-layout-flow wp-block-column-is-layout-flow\">\n<figure class=\"wp-block-audio\"><audio controls src=\"http:\/\/blog.fh-kaernten.at\/kligs\/files\/2022\/10\/KliGS-Persoenlichkeiten-Outi-Sulopuisto.mp3\"><\/audio><\/figure>\n<\/div>\n<\/div>\n\n\n\n<figure class=\"wp-block-image size-full is-resized\"><img decoding=\"async\" src=\"https:\/\/blog.fh-kaernten.at\/kligs\/files\/2022\/10\/dlf.pt-chalk-border-png-1118625.png\" alt=\"\" class=\"wp-image-169\" width=\"790\" height=\"16\" srcset=\"https:\/\/blog.fh-kaernten.at\/kligs\/files\/2022\/10\/dlf.pt-chalk-border-png-1118625.png 917w, https:\/\/blog.fh-kaernten.at\/kligs\/files\/2022\/10\/dlf.pt-chalk-border-png-1118625-300x6.png 300w, https:\/\/blog.fh-kaernten.at\/kligs\/files\/2022\/10\/dlf.pt-chalk-border-png-1118625-768x16.png 768w, https:\/\/blog.fh-kaernten.at\/kligs\/files\/2022\/10\/dlf.pt-chalk-border-png-1118625-230x5.png 230w, https:\/\/blog.fh-kaernten.at\/kligs\/files\/2022\/10\/dlf.pt-chalk-border-png-1118625-350x7.png 350w, https:\/\/blog.fh-kaernten.at\/kligs\/files\/2022\/10\/dlf.pt-chalk-border-png-1118625-480x10.png 480w\" sizes=\"(max-width: 790px) 100vw, 790px\" \/><\/figure>\n\n\n\n<div class=\"wp-block-columns is-layout-flex wp-container-core-columns-is-layout-28f84493 wp-block-columns-is-layout-flex\">\n<div class=\"wp-block-column is-layout-flow wp-block-column-is-layout-flow\"><\/div>\n\n\n\n<div class=\"wp-block-column is-layout-flow wp-block-column-is-layout-flow\"><\/div>\n\n\n\n<div class=\"wp-block-column is-layout-flow wp-block-column-is-layout-flow\"><\/div>\n<\/div>\n\n\n\n<p><strong>Folge 2: Zu Gast, KliGS Mitglied Andrea Stitzel<\/strong><\/p>\n\n\n\n<div class=\"wp-block-columns is-layout-flex wp-container-core-columns-is-layout-28f84493 wp-block-columns-is-layout-flex\">\n<div class=\"wp-block-column is-layout-flow wp-block-column-is-layout-flow\">\n<figure class=\"wp-block-image size-large is-resized\"><img decoding=\"async\" src=\"http:\/\/blog.fh-kaernten.at\/kligs\/files\/2022\/10\/KliGS-Persoenlichkeiten-Andrea-Stitzel-mp3-image-1024x1024.jpg\" alt=\"\" class=\"wp-image-155\" width=\"256\" height=\"256\" srcset=\"https:\/\/blog.fh-kaernten.at\/kligs\/files\/2022\/10\/KliGS-Persoenlichkeiten-Andrea-Stitzel-mp3-image-1024x1024.jpg 1024w, https:\/\/blog.fh-kaernten.at\/kligs\/files\/2022\/10\/KliGS-Persoenlichkeiten-Andrea-Stitzel-mp3-image-300x300.jpg 300w, https:\/\/blog.fh-kaernten.at\/kligs\/files\/2022\/10\/KliGS-Persoenlichkeiten-Andrea-Stitzel-mp3-image-150x150.jpg 150w, https:\/\/blog.fh-kaernten.at\/kligs\/files\/2022\/10\/KliGS-Persoenlichkeiten-Andrea-Stitzel-mp3-image-768x768.jpg 768w, https:\/\/blog.fh-kaernten.at\/kligs\/files\/2022\/10\/KliGS-Persoenlichkeiten-Andrea-Stitzel-mp3-image-1000x1000.jpg 1000w, https:\/\/blog.fh-kaernten.at\/kligs\/files\/2022\/10\/KliGS-Persoenlichkeiten-Andrea-Stitzel-mp3-image-230x230.jpg 230w, https:\/\/blog.fh-kaernten.at\/kligs\/files\/2022\/10\/KliGS-Persoenlichkeiten-Andrea-Stitzel-mp3-image-350x350.jpg 350w, https:\/\/blog.fh-kaernten.at\/kligs\/files\/2022\/10\/KliGS-Persoenlichkeiten-Andrea-Stitzel-mp3-image-480x480.jpg 480w, https:\/\/blog.fh-kaernten.at\/kligs\/files\/2022\/10\/KliGS-Persoenlichkeiten-Andrea-Stitzel-mp3-image.jpg 1400w\" sizes=\"(max-width: 256px) 100vw, 256px\" \/><\/figure>\n<\/div>\n\n\n\n<div class=\"wp-block-column is-vertically-aligned-center is-layout-flow wp-block-column-is-layout-flow\">\n<figure class=\"wp-block-audio\"><audio controls src=\"http:\/\/blog.fh-kaernten.at\/kligs\/files\/2022\/10\/KliGS-Persoenlichkeiten-Andrea-Stitzel.mp3\"><\/audio><\/figure>\n<\/div>\n<\/div>\n\n\n\n<figure class=\"wp-block-image size-full is-resized\"><img loading=\"lazy\" decoding=\"async\" src=\"http:\/\/blog.fh-kaernten.at\/kligs\/files\/2022\/10\/dlf.pt-chalk-border-png-1118625.png\" alt=\"\" class=\"wp-image-169\" width=\"790\" height=\"16\" srcset=\"https:\/\/blog.fh-kaernten.at\/kligs\/files\/2022\/10\/dlf.pt-chalk-border-png-1118625.png 917w, https:\/\/blog.fh-kaernten.at\/kligs\/files\/2022\/10\/dlf.pt-chalk-border-png-1118625-300x6.png 300w, https:\/\/blog.fh-kaernten.at\/kligs\/files\/2022\/10\/dlf.pt-chalk-border-png-1118625-768x16.png 768w, https:\/\/blog.fh-kaernten.at\/kligs\/files\/2022\/10\/dlf.pt-chalk-border-png-1118625-230x5.png 230w, https:\/\/blog.fh-kaernten.at\/kligs\/files\/2022\/10\/dlf.pt-chalk-border-png-1118625-350x7.png 350w, https:\/\/blog.fh-kaernten.at\/kligs\/files\/2022\/10\/dlf.pt-chalk-border-png-1118625-480x10.png 480w\" sizes=\"(max-width: 790px) 100vw, 790px\" \/><\/figure>\n\n\n\n<div class=\"wp-block-columns is-layout-flex wp-container-core-columns-is-layout-28f84493 wp-block-columns-is-layout-flex\">\n<div class=\"wp-block-column is-layout-flow wp-block-column-is-layout-flow\"><\/div>\n\n\n\n<div class=\"wp-block-column is-layout-flow wp-block-column-is-layout-flow\"><\/div>\n\n\n\n<div class=\"wp-block-column is-layout-flow wp-block-column-is-layout-flow\"><\/div>\n<\/div>\n\n\n\n<p><strong>Folge 3: Zu Gast, KliGS Mitglied Daniela Str\u00f6ckl<\/strong><\/p>\n\n\n\n<div class=\"wp-block-columns is-layout-flex wp-container-core-columns-is-layout-28f84493 wp-block-columns-is-layout-flex\">\n<div class=\"wp-block-column is-layout-flow wp-block-column-is-layout-flow\">\n<figure class=\"wp-block-image size-large is-resized\"><img loading=\"lazy\" decoding=\"async\" src=\"http:\/\/blog.fh-kaernten.at\/kligs\/files\/2022\/10\/KliGS-Persoenlichkeiten-Daniela-Stroeckl-mp3-image-1024x1024.jpg\" alt=\"\" class=\"wp-image-145\" width=\"256\" height=\"256\" srcset=\"https:\/\/blog.fh-kaernten.at\/kligs\/files\/2022\/10\/KliGS-Persoenlichkeiten-Daniela-Stroeckl-mp3-image-1024x1024.jpg 1024w, https:\/\/blog.fh-kaernten.at\/kligs\/files\/2022\/10\/KliGS-Persoenlichkeiten-Daniela-Stroeckl-mp3-image-300x300.jpg 300w, https:\/\/blog.fh-kaernten.at\/kligs\/files\/2022\/10\/KliGS-Persoenlichkeiten-Daniela-Stroeckl-mp3-image-150x150.jpg 150w, https:\/\/blog.fh-kaernten.at\/kligs\/files\/2022\/10\/KliGS-Persoenlichkeiten-Daniela-Stroeckl-mp3-image-768x768.jpg 768w, https:\/\/blog.fh-kaernten.at\/kligs\/files\/2022\/10\/KliGS-Persoenlichkeiten-Daniela-Stroeckl-mp3-image-1000x1000.jpg 1000w, https:\/\/blog.fh-kaernten.at\/kligs\/files\/2022\/10\/KliGS-Persoenlichkeiten-Daniela-Stroeckl-mp3-image-230x230.jpg 230w, https:\/\/blog.fh-kaernten.at\/kligs\/files\/2022\/10\/KliGS-Persoenlichkeiten-Daniela-Stroeckl-mp3-image-350x350.jpg 350w, https:\/\/blog.fh-kaernten.at\/kligs\/files\/2022\/10\/KliGS-Persoenlichkeiten-Daniela-Stroeckl-mp3-image-480x480.jpg 480w, https:\/\/blog.fh-kaernten.at\/kligs\/files\/2022\/10\/KliGS-Persoenlichkeiten-Daniela-Stroeckl-mp3-image.jpg 1400w\" sizes=\"(max-width: 256px) 100vw, 256px\" \/><\/figure>\n<\/div>\n\n\n\n<div class=\"wp-block-column is-vertically-aligned-center is-layout-flow wp-block-column-is-layout-flow\">\n<figure class=\"wp-block-audio\"><audio controls src=\"http:\/\/blog.fh-kaernten.at\/kligs\/files\/2022\/10\/KliGS-Persoenlichkeiten-Daniela-Stroeckl.mp3\"><\/audio><\/figure>\n<\/div>\n<\/div>\n\n\n\n<figure class=\"wp-block-image size-full is-resized\"><img loading=\"lazy\" decoding=\"async\" src=\"http:\/\/blog.fh-kaernten.at\/kligs\/files\/2022\/10\/dlf.pt-chalk-border-png-1118625.png\" alt=\"\" class=\"wp-image-169\" width=\"790\" height=\"16\" srcset=\"https:\/\/blog.fh-kaernten.at\/kligs\/files\/2022\/10\/dlf.pt-chalk-border-png-1118625.png 917w, https:\/\/blog.fh-kaernten.at\/kligs\/files\/2022\/10\/dlf.pt-chalk-border-png-1118625-300x6.png 300w, https:\/\/blog.fh-kaernten.at\/kligs\/files\/2022\/10\/dlf.pt-chalk-border-png-1118625-768x16.png 768w, https:\/\/blog.fh-kaernten.at\/kligs\/files\/2022\/10\/dlf.pt-chalk-border-png-1118625-230x5.png 230w, https:\/\/blog.fh-kaernten.at\/kligs\/files\/2022\/10\/dlf.pt-chalk-border-png-1118625-350x7.png 350w, https:\/\/blog.fh-kaernten.at\/kligs\/files\/2022\/10\/dlf.pt-chalk-border-png-1118625-480x10.png 480w\" sizes=\"(max-width: 790px) 100vw, 790px\" \/><\/figure>\n\n\n\n<p><strong>Folge 4: Zu Gast, KliGS Mitglied Markus Kraxner<\/strong><\/p>\n\n\n\n<div class=\"wp-block-columns is-layout-flex wp-container-core-columns-is-layout-28f84493 wp-block-columns-is-layout-flex\">\n<div class=\"wp-block-column is-layout-flow wp-block-column-is-layout-flow\">\n<figure class=\"wp-block-image size-large is-resized\"><img loading=\"lazy\" decoding=\"async\" src=\"http:\/\/blog.fh-kaernten.at\/kligs\/files\/2022\/10\/KliGS-Persoenlichkeiten-Markus-Kraxner-mp3-image-1024x1024.jpg\" alt=\"\" class=\"wp-image-149\" width=\"256\" height=\"256\" srcset=\"https:\/\/blog.fh-kaernten.at\/kligs\/files\/2022\/10\/KliGS-Persoenlichkeiten-Markus-Kraxner-mp3-image-1024x1024.jpg 1024w, https:\/\/blog.fh-kaernten.at\/kligs\/files\/2022\/10\/KliGS-Persoenlichkeiten-Markus-Kraxner-mp3-image-300x300.jpg 300w, https:\/\/blog.fh-kaernten.at\/kligs\/files\/2022\/10\/KliGS-Persoenlichkeiten-Markus-Kraxner-mp3-image-150x150.jpg 150w, https:\/\/blog.fh-kaernten.at\/kligs\/files\/2022\/10\/KliGS-Persoenlichkeiten-Markus-Kraxner-mp3-image-768x768.jpg 768w, https:\/\/blog.fh-kaernten.at\/kligs\/files\/2022\/10\/KliGS-Persoenlichkeiten-Markus-Kraxner-mp3-image-1000x1000.jpg 1000w, https:\/\/blog.fh-kaernten.at\/kligs\/files\/2022\/10\/KliGS-Persoenlichkeiten-Markus-Kraxner-mp3-image-230x230.jpg 230w, https:\/\/blog.fh-kaernten.at\/kligs\/files\/2022\/10\/KliGS-Persoenlichkeiten-Markus-Kraxner-mp3-image-350x350.jpg 350w, https:\/\/blog.fh-kaernten.at\/kligs\/files\/2022\/10\/KliGS-Persoenlichkeiten-Markus-Kraxner-mp3-image-480x480.jpg 480w, https:\/\/blog.fh-kaernten.at\/kligs\/files\/2022\/10\/KliGS-Persoenlichkeiten-Markus-Kraxner-mp3-image.jpg 1400w\" sizes=\"(max-width: 256px) 100vw, 256px\" \/><\/figure>\n<\/div>\n\n\n\n<div class=\"wp-block-column is-vertically-aligned-center is-layout-flow wp-block-column-is-layout-flow\">\n<figure class=\"wp-block-audio\"><audio controls src=\"http:\/\/blog.fh-kaernten.at\/kligs\/files\/2022\/10\/KliGS-Persoenlichkeiten-Markus-Kraxner.mp3\"><\/audio><\/figure>\n<\/div>\n<\/div>\n\n\n\n<figure class=\"wp-block-image size-full is-resized\"><img loading=\"lazy\" decoding=\"async\" src=\"http:\/\/blog.fh-kaernten.at\/kligs\/files\/2022\/10\/dlf.pt-chalk-border-png-1118625.png\" alt=\"\" class=\"wp-image-169\" width=\"790\" height=\"16\" srcset=\"https:\/\/blog.fh-kaernten.at\/kligs\/files\/2022\/10\/dlf.pt-chalk-border-png-1118625.png 917w, https:\/\/blog.fh-kaernten.at\/kligs\/files\/2022\/10\/dlf.pt-chalk-border-png-1118625-300x6.png 300w, https:\/\/blog.fh-kaernten.at\/kligs\/files\/2022\/10\/dlf.pt-chalk-border-png-1118625-768x16.png 768w, https:\/\/blog.fh-kaernten.at\/kligs\/files\/2022\/10\/dlf.pt-chalk-border-png-1118625-230x5.png 230w, https:\/\/blog.fh-kaernten.at\/kligs\/files\/2022\/10\/dlf.pt-chalk-border-png-1118625-350x7.png 350w, https:\/\/blog.fh-kaernten.at\/kligs\/files\/2022\/10\/dlf.pt-chalk-border-png-1118625-480x10.png 480w\" sizes=\"(max-width: 790px) 100vw, 790px\" \/><\/figure>\n\n\n\n<p><strong>Folge 5: Zu Gast, KliGS Mitglied Elena Fluch<\/strong><\/p>\n\n\n\n<div class=\"wp-block-columns is-layout-flex wp-container-core-columns-is-layout-28f84493 wp-block-columns-is-layout-flex\">\n<div class=\"wp-block-column is-layout-flow wp-block-column-is-layout-flow\">\n<figure class=\"wp-block-image size-large is-resized\"><img loading=\"lazy\" decoding=\"async\" src=\"http:\/\/blog.fh-kaernten.at\/kligs\/files\/2022\/10\/KliGS-Persoenlichkeiten-Elena-Fluch-mp3-image-1024x1024.jpg\" alt=\"\" class=\"wp-image-147\" width=\"256\" height=\"256\" srcset=\"https:\/\/blog.fh-kaernten.at\/kligs\/files\/2022\/10\/KliGS-Persoenlichkeiten-Elena-Fluch-mp3-image-1024x1024.jpg 1024w, https:\/\/blog.fh-kaernten.at\/kligs\/files\/2022\/10\/KliGS-Persoenlichkeiten-Elena-Fluch-mp3-image-300x300.jpg 300w, https:\/\/blog.fh-kaernten.at\/kligs\/files\/2022\/10\/KliGS-Persoenlichkeiten-Elena-Fluch-mp3-image-150x150.jpg 150w, https:\/\/blog.fh-kaernten.at\/kligs\/files\/2022\/10\/KliGS-Persoenlichkeiten-Elena-Fluch-mp3-image-768x768.jpg 768w, https:\/\/blog.fh-kaernten.at\/kligs\/files\/2022\/10\/KliGS-Persoenlichkeiten-Elena-Fluch-mp3-image-1000x1000.jpg 1000w, https:\/\/blog.fh-kaernten.at\/kligs\/files\/2022\/10\/KliGS-Persoenlichkeiten-Elena-Fluch-mp3-image-230x230.jpg 230w, https:\/\/blog.fh-kaernten.at\/kligs\/files\/2022\/10\/KliGS-Persoenlichkeiten-Elena-Fluch-mp3-image-350x350.jpg 350w, https:\/\/blog.fh-kaernten.at\/kligs\/files\/2022\/10\/KliGS-Persoenlichkeiten-Elena-Fluch-mp3-image-480x480.jpg 480w, https:\/\/blog.fh-kaernten.at\/kligs\/files\/2022\/10\/KliGS-Persoenlichkeiten-Elena-Fluch-mp3-image.jpg 1400w\" sizes=\"(max-width: 256px) 100vw, 256px\" \/><\/figure>\n<\/div>\n\n\n\n<div class=\"wp-block-column is-vertically-aligned-center is-layout-flow wp-block-column-is-layout-flow\">\n<figure class=\"wp-block-audio\"><audio controls src=\"http:\/\/blog.fh-kaernten.at\/kligs\/files\/2022\/10\/KliGS-Persoenlichkeiten-Elena-Fluch.mp3\"><\/audio><\/figure>\n<\/div>\n<\/div>\n\n\n\n<figure class=\"wp-block-image size-full is-resized\"><img loading=\"lazy\" decoding=\"async\" src=\"http:\/\/blog.fh-kaernten.at\/kligs\/files\/2022\/10\/dlf.pt-chalk-border-png-1118625.png\" alt=\"\" class=\"wp-image-169\" width=\"790\" height=\"16\" srcset=\"https:\/\/blog.fh-kaernten.at\/kligs\/files\/2022\/10\/dlf.pt-chalk-border-png-1118625.png 917w, https:\/\/blog.fh-kaernten.at\/kligs\/files\/2022\/10\/dlf.pt-chalk-border-png-1118625-300x6.png 300w, https:\/\/blog.fh-kaernten.at\/kligs\/files\/2022\/10\/dlf.pt-chalk-border-png-1118625-768x16.png 768w, https:\/\/blog.fh-kaernten.at\/kligs\/files\/2022\/10\/dlf.pt-chalk-border-png-1118625-230x5.png 230w, https:\/\/blog.fh-kaernten.at\/kligs\/files\/2022\/10\/dlf.pt-chalk-border-png-1118625-350x7.png 350w, https:\/\/blog.fh-kaernten.at\/kligs\/files\/2022\/10\/dlf.pt-chalk-border-png-1118625-480x10.png 480w\" sizes=\"(max-width: 790px) 100vw, 790px\" \/><\/figure>\n\n\n\n<p><strong>Folge 6: <strong>Zu Gast, KliGS Mitglied Michael Suppanz<\/strong><\/strong><\/p>\n\n\n\n<div class=\"wp-block-columns is-layout-flex wp-container-core-columns-is-layout-28f84493 wp-block-columns-is-layout-flex\">\n<div class=\"wp-block-column is-layout-flow wp-block-column-is-layout-flow\">\n<figure class=\"wp-block-image size-large is-resized\"><img loading=\"lazy\" decoding=\"async\" src=\"http:\/\/blog.fh-kaernten.at\/kligs\/files\/2022\/10\/KliGS-Persoenlichkeiten-Michael-Suppanz-mp3-image-1024x1024.jpg\" alt=\"\" class=\"wp-image-151\" width=\"256\" height=\"256\" srcset=\"https:\/\/blog.fh-kaernten.at\/kligs\/files\/2022\/10\/KliGS-Persoenlichkeiten-Michael-Suppanz-mp3-image-1024x1024.jpg 1024w, https:\/\/blog.fh-kaernten.at\/kligs\/files\/2022\/10\/KliGS-Persoenlichkeiten-Michael-Suppanz-mp3-image-300x300.jpg 300w, https:\/\/blog.fh-kaernten.at\/kligs\/files\/2022\/10\/KliGS-Persoenlichkeiten-Michael-Suppanz-mp3-image-150x150.jpg 150w, https:\/\/blog.fh-kaernten.at\/kligs\/files\/2022\/10\/KliGS-Persoenlichkeiten-Michael-Suppanz-mp3-image-768x768.jpg 768w, https:\/\/blog.fh-kaernten.at\/kligs\/files\/2022\/10\/KliGS-Persoenlichkeiten-Michael-Suppanz-mp3-image-1000x1000.jpg 1000w, https:\/\/blog.fh-kaernten.at\/kligs\/files\/2022\/10\/KliGS-Persoenlichkeiten-Michael-Suppanz-mp3-image-230x230.jpg 230w, https:\/\/blog.fh-kaernten.at\/kligs\/files\/2022\/10\/KliGS-Persoenlichkeiten-Michael-Suppanz-mp3-image-350x350.jpg 350w, https:\/\/blog.fh-kaernten.at\/kligs\/files\/2022\/10\/KliGS-Persoenlichkeiten-Michael-Suppanz-mp3-image-480x480.jpg 480w, https:\/\/blog.fh-kaernten.at\/kligs\/files\/2022\/10\/KliGS-Persoenlichkeiten-Michael-Suppanz-mp3-image.jpg 1400w\" sizes=\"(max-width: 256px) 100vw, 256px\" \/><\/figure>\n<\/div>\n\n\n\n<div class=\"wp-block-column is-vertically-aligned-center is-layout-flow wp-block-column-is-layout-flow\">\n<figure class=\"wp-block-audio\"><audio controls src=\"http:\/\/blog.fh-kaernten.at\/kligs\/files\/2022\/10\/KliGS-Persoenlichkeiten-Michael-Suppanz.mp3\"><\/audio><\/figure>\n<\/div>\n<\/div>\n\n\n\n<figure class=\"wp-block-image size-full is-resized\"><img loading=\"lazy\" decoding=\"async\" src=\"http:\/\/blog.fh-kaernten.at\/kligs\/files\/2022\/10\/dlf.pt-chalk-border-png-1118625.png\" alt=\"\" class=\"wp-image-169\" width=\"790\" height=\"16\" srcset=\"https:\/\/blog.fh-kaernten.at\/kligs\/files\/2022\/10\/dlf.pt-chalk-border-png-1118625.png 917w, https:\/\/blog.fh-kaernten.at\/kligs\/files\/2022\/10\/dlf.pt-chalk-border-png-1118625-300x6.png 300w, https:\/\/blog.fh-kaernten.at\/kligs\/files\/2022\/10\/dlf.pt-chalk-border-png-1118625-768x16.png 768w, https:\/\/blog.fh-kaernten.at\/kligs\/files\/2022\/10\/dlf.pt-chalk-border-png-1118625-230x5.png 230w, https:\/\/blog.fh-kaernten.at\/kligs\/files\/2022\/10\/dlf.pt-chalk-border-png-1118625-350x7.png 350w, https:\/\/blog.fh-kaernten.at\/kligs\/files\/2022\/10\/dlf.pt-chalk-border-png-1118625-480x10.png 480w\" sizes=\"(max-width: 790px) 100vw, 790px\" \/><\/figure>\n\n\n\n<p><strong>Folge 7: Zu Gast, KliGS Mitglied Klaus Wettl<\/strong><\/p>\n\n\n\n<div class=\"wp-block-columns is-layout-flex wp-container-core-columns-is-layout-28f84493 wp-block-columns-is-layout-flex\">\n<div class=\"wp-block-column is-layout-flow wp-block-column-is-layout-flow\">\n<figure class=\"wp-block-image size-large is-resized\"><img loading=\"lazy\" decoding=\"async\" src=\"http:\/\/blog.fh-kaernten.at\/kligs\/files\/2022\/10\/KliGS-Persoenlichkeiten-Klaus-Wettl-mp3-image-1024x1024.jpg\" alt=\"\" class=\"wp-image-194\" width=\"256\" height=\"256\" srcset=\"https:\/\/blog.fh-kaernten.at\/kligs\/files\/2022\/10\/KliGS-Persoenlichkeiten-Klaus-Wettl-mp3-image-1024x1024.jpg 1024w, https:\/\/blog.fh-kaernten.at\/kligs\/files\/2022\/10\/KliGS-Persoenlichkeiten-Klaus-Wettl-mp3-image-300x300.jpg 300w, https:\/\/blog.fh-kaernten.at\/kligs\/files\/2022\/10\/KliGS-Persoenlichkeiten-Klaus-Wettl-mp3-image-150x150.jpg 150w, https:\/\/blog.fh-kaernten.at\/kligs\/files\/2022\/10\/KliGS-Persoenlichkeiten-Klaus-Wettl-mp3-image-768x768.jpg 768w, https:\/\/blog.fh-kaernten.at\/kligs\/files\/2022\/10\/KliGS-Persoenlichkeiten-Klaus-Wettl-mp3-image-1000x1000.jpg 1000w, https:\/\/blog.fh-kaernten.at\/kligs\/files\/2022\/10\/KliGS-Persoenlichkeiten-Klaus-Wettl-mp3-image-230x230.jpg 230w, https:\/\/blog.fh-kaernten.at\/kligs\/files\/2022\/10\/KliGS-Persoenlichkeiten-Klaus-Wettl-mp3-image-350x350.jpg 350w, https:\/\/blog.fh-kaernten.at\/kligs\/files\/2022\/10\/KliGS-Persoenlichkeiten-Klaus-Wettl-mp3-image-480x480.jpg 480w, https:\/\/blog.fh-kaernten.at\/kligs\/files\/2022\/10\/KliGS-Persoenlichkeiten-Klaus-Wettl-mp3-image.jpg 1400w\" sizes=\"(max-width: 256px) 100vw, 256px\" \/><\/figure>\n<\/div>\n\n\n\n<div class=\"wp-block-column is-vertically-aligned-center is-layout-flow wp-block-column-is-layout-flow\">\n<figure class=\"wp-block-audio\"><audio controls src=\"http:\/\/blog.fh-kaernten.at\/kligs\/files\/2022\/10\/KliGS-Persoenlichkeiten-Klaus-Wettl.mp3\"><\/audio><\/figure>\n<\/div>\n<\/div>\n","protected":false},"excerpt":{"rendered":"<p>Um uns nicht nur schriftlich sondern auch akustisch Ihnen vorzustellen, wurde der KliGS Pers\u00f6nlichkeiten Podcast aufgenommen. Durch die Expertise von unserem Kollegen [&hellip;]<\/p>\n","protected":false},"author":104,"featured_media":0,"parent":0,"menu_order":0,"comment_status":"closed","ping_status":"closed","template":"","meta":{"inline_featured_image":false,"footnotes":""},"class_list":["post-143","page","type-page","status-publish","hentry"],"_links":{"self":[{"href":"https:\/\/blog.fh-kaernten.at\/kligs\/wp-json\/wp\/v2\/pages\/143","targetHints":{"allow":["GET"]}}],"collection":[{"href":"https:\/\/blog.fh-kaernten.at\/kligs\/wp-json\/wp\/v2\/pages"}],"about":[{"href":"https:\/\/blog.fh-kaernten.at\/kligs\/wp-json\/wp\/v2\/types\/page"}],"author":[{"embeddable":true,"href":"https:\/\/blog.fh-kaernten.at\/kligs\/wp-json\/wp\/v2\/users\/104"}],"replies":[{"embeddable":true,"href":"https:\/\/blog.fh-kaernten.at\/kligs\/wp-json\/wp\/v2\/comments?post=143"}],"version-history":[{"count":0,"href":"https:\/\/blog.fh-kaernten.at\/kligs\/wp-json\/wp\/v2\/pages\/143\/revisions"}],"wp:attachment":[{"href":"https:\/\/blog.fh-kaernten.at\/kligs\/wp-json\/wp\/v2\/media?parent=143"}],"curies":[{"name":"wp","href":"https:\/\/api.w.org\/{rel}","templated":true}]}}