{"id":56,"date":"2022-10-18T14:53:05","date_gmt":"2022-10-18T12:53:05","guid":{"rendered":"https:\/\/blog.fh-kaernten.at\/kligs\/?page_id=56"},"modified":"2023-09-18T08:48:14","modified_gmt":"2023-09-18T06:48:14","slug":"56-2","status":"publish","type":"page","link":"https:\/\/blog.fh-kaernten.at\/kligs\/en\/56-2\/","title":{"rendered":"KliGS Pers\u00f6nlichkeiten"},"content":{"rendered":"\t\t<div data-elementor-type=\"wp-page\" data-elementor-id=\"56\" class=\"elementor elementor-56\">\n\t\t\t\t\t\t<section class=\"elementor-section elementor-top-section elementor-element elementor-element-20d2b600 elementor-section-boxed elementor-section-height-default elementor-section-height-default\" data-id=\"20d2b600\" data-element_type=\"section\" data-e-type=\"section\">\n\t\t\t\t\t\t<div class=\"elementor-container elementor-column-gap-default\">\n\t\t\t\t\t<div class=\"elementor-column elementor-col-100 elementor-top-column elementor-element elementor-element-4b8d21ed\" data-id=\"4b8d21ed\" data-element_type=\"column\" data-e-type=\"column\">\n\t\t\t<div class=\"elementor-widget-wrap elementor-element-populated\">\n\t\t\t\t\t\t<div class=\"elementor-element elementor-element-31b83a00 elementor-widget elementor-widget-text-editor\" data-id=\"31b83a00\" data-element_type=\"widget\" data-e-type=\"widget\" data-widget_type=\"text-editor.default\">\n\t\t\t\t<div class=\"elementor-widget-container\">\n\t\t\t\t\t\t\t\t\t<p><\/p>\n<p>KliGS ist eine interdisziplin\u00e4re Gruppe an Lehrenden und Forschenden an der FH K\u00e4rnten, die im Gesundheitsbereich t\u00e4tig sind. Vertreten sind bisher Professionen wie: Ergotherapie, Physiotherapie, Gesundheitsmanagement, Medizintechnik und Diversity und Disability Studies.<\/p>\n<p><\/p>\n<p>In den folgenden Kurzbeitr\u00e4gen &amp; Podcasts, m\u00f6chten wir Ihnen einen Einblick in die unterschiedlichen Professionen und deren Bezug zum Klimawandel geben; die Kolleg:innen zeigen auf, wie das Thema Nachhaltigkeit deren Arbeitsalltag ber\u00fchrt, sowie Best Practice Beispiele und ein kurzes pers\u00f6nliches Statement.<\/p>\n<p><\/p>\n<p><\/p>\n<div class=\"wp-block-group is-layout-flow wp-block-group-is-layout-flow\">\n<p><\/p>\n<div class=\"wp-block-columns is-layout-flex wp-container-core-columns-is-layout-28f84493 wp-block-columns-is-layout-flex\">\n<p><\/p>\n<div class=\"wp-block-column is-layout-flow wp-block-column-is-layout-flow\" style=\"flex-basis: 33.33%\">\n<p><\/p>\n<figure class=\"wp-block-image size-full\"><img fetchpriority=\"high\" decoding=\"async\" class=\"alignnone wp-image-73 size-medium\" src=\"http:\/\/blog.fh-kaernten.at\/kligs\/files\/2022\/10\/Andrea-edited-300x300.jpg\" alt=\"\" width=\"300\" height=\"300\" srcset=\"https:\/\/blog.fh-kaernten.at\/kligs\/files\/2022\/10\/Andrea-edited-300x300.jpg 300w, https:\/\/blog.fh-kaernten.at\/kligs\/files\/2022\/10\/Andrea-edited-150x150.jpg 150w, https:\/\/blog.fh-kaernten.at\/kligs\/files\/2022\/10\/Andrea-edited-230x230.jpg 230w, https:\/\/blog.fh-kaernten.at\/kligs\/files\/2022\/10\/Andrea-edited.jpg 327w\" sizes=\"(max-width: 300px) 100vw, 300px\" \/><\/figure>\n<p><\/p>\n<\/div>\n<p><\/p>\n<div class=\"is-layout-flow wp-block-column-is-layout-flow\">\n<p><strong>Andrea Stitzel, Dipl.-Psych.<\/strong><\/p>\n<p><\/p>\n<p>Psychologin, Lehrende im STG Gesundheitsmanagement<\/p>\n<p><\/p>\n<p><a href=\"https:\/\/blog.fh-kaernten.at\/kligs\/elementor-86\/\" data-type=\"page\" data-id=\"86\">Hier finden Sie das schriftliche Interview<\/a><\/p>\n<p><\/p>\n<p><a href=\"https:\/\/blog.fh-kaernten.at\/kligs\/files\/2022\/10\/KliGS-Persoenlichkeiten-Andrea-Stitzel.mp3\" data-type=\"attachment\" data-id=\"154\">Hier finden Sie den Podcast mit Andrea<\/a><\/p>\n<p><\/p>\n<p><a href=\"mailto:a.stitzel@fh-kaernten.at?subject=Feedback&amp;body=Message\">E-Mail Kontakt von Andrea<\/a><\/p>\n<\/div>\n<p><\/p>\n<\/div>\n<p><\/p>\n<\/div>\n<p><\/p>\n<figure class=\"wp-block-image size-full is-resized\"><img decoding=\"async\" class=\"wp-image-169\" src=\"http:\/\/blog.fh-kaernten.at\/kligs\/files\/2022\/10\/dlf.pt-chalk-border-png-1118625.png\" alt=\"\" width=\"790\" height=\"16\" srcset=\"https:\/\/blog.fh-kaernten.at\/kligs\/files\/2022\/10\/dlf.pt-chalk-border-png-1118625.png 917w, https:\/\/blog.fh-kaernten.at\/kligs\/files\/2022\/10\/dlf.pt-chalk-border-png-1118625-300x6.png 300w, https:\/\/blog.fh-kaernten.at\/kligs\/files\/2022\/10\/dlf.pt-chalk-border-png-1118625-768x16.png 768w, https:\/\/blog.fh-kaernten.at\/kligs\/files\/2022\/10\/dlf.pt-chalk-border-png-1118625-230x5.png 230w, https:\/\/blog.fh-kaernten.at\/kligs\/files\/2022\/10\/dlf.pt-chalk-border-png-1118625-350x7.png 350w, https:\/\/blog.fh-kaernten.at\/kligs\/files\/2022\/10\/dlf.pt-chalk-border-png-1118625-480x10.png 480w\" sizes=\"(max-width: 790px) 100vw, 790px\" \/><\/figure>\n<p><\/p>\n<div class=\"wp-block-columns is-layout-flex wp-container-core-columns-is-layout-28f84493 wp-block-columns-is-layout-flex\">\n<p><\/p>\n<div class=\"wp-block-column is-layout-flow wp-block-column-is-layout-flow\" style=\"flex-basis: 66.66%\">\n<p><\/p>\n<p><\/p>\n<p><strong>FH-Prof. Dipl.-Ing. Dr. techn. Daniela Elisabeth Str\u00f6ckl BSc<\/strong><\/p>\n<p><\/p>\n<p>Lecturer \/ Researcher im Bereich Medizininformatik &amp; Digitalisierung im Gesundheitswesen; STB Eng&amp;IT &amp; G&amp;S; Mitglied des IARA Dept. HAT<\/p>\n<p><\/p>\n<p><a href=\"https:\/\/blog.fh-kaernten.at\/kligs\/elementor-96\/\" data-type=\"page\" data-id=\"96\">Hier finden Sie das schriftliche Interview<\/a><\/p>\n<p><\/p>\n<p><a href=\"https:\/\/blog.fh-kaernten.at\/kligs\/files\/2022\/10\/KliGS-Persoenlichkeiten-Daniela-Stroeckl.mp3\" data-type=\"attachment\" data-id=\"144\">Hier finden Sie den Podcast mit Daniela<\/a><\/p>\n<p><\/p>\n<p><a href=\"mailto:d.stroeckl@fh-kaernten.at?subject=Feedback&amp;body=Message\">E-Mail Kontakt von Daniela<\/a><\/p>\n<p><\/p>\n<p>\u00a0<\/p>\n<p><\/p>\n<\/div>\n<p><\/p>\n<div class=\"wp-block-column is-layout-flow wp-block-column-is-layout-flow\" style=\"flex-basis: 33.33%\">\n<p><\/p>\n<figure class=\"wp-block-image size-full\"><img decoding=\"async\" class=\"alignnone wp-image-77 size-large\" src=\"http:\/\/blog.fh-kaernten.at\/kligs\/files\/2022\/10\/dani-stroeckl-sw-edited-1024x1024.jpg\" alt=\"\" width=\"1024\" height=\"1024\" srcset=\"https:\/\/blog.fh-kaernten.at\/kligs\/files\/2022\/10\/dani-stroeckl-sw-edited-1024x1024.jpg 1024w, https:\/\/blog.fh-kaernten.at\/kligs\/files\/2022\/10\/dani-stroeckl-sw-edited-300x300.jpg 300w, https:\/\/blog.fh-kaernten.at\/kligs\/files\/2022\/10\/dani-stroeckl-sw-edited-150x150.jpg 150w, https:\/\/blog.fh-kaernten.at\/kligs\/files\/2022\/10\/dani-stroeckl-sw-edited-768x769.jpg 768w, https:\/\/blog.fh-kaernten.at\/kligs\/files\/2022\/10\/dani-stroeckl-sw-edited-1534x1536.jpg 1534w, https:\/\/blog.fh-kaernten.at\/kligs\/files\/2022\/10\/dani-stroeckl-sw-edited-1000x1001.jpg 1000w, https:\/\/blog.fh-kaernten.at\/kligs\/files\/2022\/10\/dani-stroeckl-sw-edited-230x230.jpg 230w, https:\/\/blog.fh-kaernten.at\/kligs\/files\/2022\/10\/dani-stroeckl-sw-edited-350x350.jpg 350w, https:\/\/blog.fh-kaernten.at\/kligs\/files\/2022\/10\/dani-stroeckl-sw-edited-480x481.jpg 480w\" sizes=\"(max-width: 1024px) 100vw, 1024px\" \/><\/figure>\n<p><\/p>\n<\/div>\n<p><\/p>\n<\/div>\n<p><\/p>\n<figure class=\"wp-block-image size-full is-resized\"><img decoding=\"async\" class=\"wp-image-169\" src=\"http:\/\/blog.fh-kaernten.at\/kligs\/files\/2022\/10\/dlf.pt-chalk-border-png-1118625.png\" alt=\"\" width=\"790\" height=\"16\" srcset=\"https:\/\/blog.fh-kaernten.at\/kligs\/files\/2022\/10\/dlf.pt-chalk-border-png-1118625.png 917w, https:\/\/blog.fh-kaernten.at\/kligs\/files\/2022\/10\/dlf.pt-chalk-border-png-1118625-300x6.png 300w, https:\/\/blog.fh-kaernten.at\/kligs\/files\/2022\/10\/dlf.pt-chalk-border-png-1118625-768x16.png 768w, https:\/\/blog.fh-kaernten.at\/kligs\/files\/2022\/10\/dlf.pt-chalk-border-png-1118625-230x5.png 230w, https:\/\/blog.fh-kaernten.at\/kligs\/files\/2022\/10\/dlf.pt-chalk-border-png-1118625-350x7.png 350w, https:\/\/blog.fh-kaernten.at\/kligs\/files\/2022\/10\/dlf.pt-chalk-border-png-1118625-480x10.png 480w\" sizes=\"(max-width: 790px) 100vw, 790px\" \/><\/figure>\n<p><\/p>\n<div class=\"wp-block-columns is-layout-flex wp-container-core-columns-is-layout-28f84493 wp-block-columns-is-layout-flex\">\n<p><\/p>\n<div class=\"wp-block-column is-layout-flow wp-block-column-is-layout-flow\" style=\"flex-basis: 33.33%\">\n<p><\/p>\n<figure class=\"wp-block-image size-large\"><img loading=\"lazy\" decoding=\"async\" class=\"alignnone wp-image-68 size-full\" src=\"http:\/\/blog.fh-kaernten.at\/kligs\/files\/2022\/10\/Outi.jpg\" alt=\"\" width=\"504\" height=\"501\" srcset=\"https:\/\/blog.fh-kaernten.at\/kligs\/files\/2022\/10\/Outi.jpg 504w, https:\/\/blog.fh-kaernten.at\/kligs\/files\/2022\/10\/Outi-300x298.jpg 300w, https:\/\/blog.fh-kaernten.at\/kligs\/files\/2022\/10\/Outi-150x150.jpg 150w, https:\/\/blog.fh-kaernten.at\/kligs\/files\/2022\/10\/Outi-230x229.jpg 230w, https:\/\/blog.fh-kaernten.at\/kligs\/files\/2022\/10\/Outi-350x348.jpg 350w, https:\/\/blog.fh-kaernten.at\/kligs\/files\/2022\/10\/Outi-480x477.jpg 480w\" sizes=\"(max-width: 504px) 100vw, 504px\" \/><\/figure>\n<p><\/p>\n<\/div>\n<p><\/p>\n<div class=\"wp-block-column is-layout-flow wp-block-column-is-layout-flow\" style=\"flex-basis: 66.66%\">\n<p><\/p>\n<p><\/p>\n<p><strong>Outi Sulopuisto<\/strong> <strong>MHC<\/strong><\/p>\n<p><\/p>\n<p><\/p>\n<p>Wissenschaftliche Mitarbeiterin Diversity und Disability Studies &amp; Diversity, Disability &amp; Digitalisation<\/p>\n<p><\/p>\n<p><a href=\"https:\/\/blog.fh-kaernten.at\/kligs\/outi-sulopuisto\/\" target=\"_blank\" rel=\"noreferrer noopener\" data-type=\"page\" data-id=\"82\">Hier finden Sie das schriftliche Interview<\/a><\/p>\n<p><\/p>\n<p><a href=\"https:\/\/blog.fh-kaernten.at\/kligs\/files\/2022\/10\/KliGS-Persoenlichkeiten-Outi-Sulopuisto.mp3\" data-type=\"attachment\" data-id=\"152\">Hier finden Sie den Podcast mit Outi<\/a><\/p>\n<p><\/p>\n<p><a href=\"mailto:o.sulopuisto@fh-kaernten.at?subject=Feedback&amp;body=Message\">E-Mail Kontakt von Outi<\/a><\/p>\n<p><\/p>\n<\/div>\n<p><\/p>\n<\/div>\n<p><\/p>\n<figure class=\"wp-block-image size-full is-resized\"><img decoding=\"async\" class=\"wp-image-169\" src=\"http:\/\/blog.fh-kaernten.at\/kligs\/files\/2022\/10\/dlf.pt-chalk-border-png-1118625.png\" alt=\"\" width=\"790\" height=\"16\" srcset=\"https:\/\/blog.fh-kaernten.at\/kligs\/files\/2022\/10\/dlf.pt-chalk-border-png-1118625.png 917w, https:\/\/blog.fh-kaernten.at\/kligs\/files\/2022\/10\/dlf.pt-chalk-border-png-1118625-300x6.png 300w, https:\/\/blog.fh-kaernten.at\/kligs\/files\/2022\/10\/dlf.pt-chalk-border-png-1118625-768x16.png 768w, https:\/\/blog.fh-kaernten.at\/kligs\/files\/2022\/10\/dlf.pt-chalk-border-png-1118625-230x5.png 230w, https:\/\/blog.fh-kaernten.at\/kligs\/files\/2022\/10\/dlf.pt-chalk-border-png-1118625-350x7.png 350w, https:\/\/blog.fh-kaernten.at\/kligs\/files\/2022\/10\/dlf.pt-chalk-border-png-1118625-480x10.png 480w\" sizes=\"(max-width: 790px) 100vw, 790px\" \/><\/figure>\n<p><\/p>\n<div class=\"wp-block-columns is-layout-flex wp-container-core-columns-is-layout-28f84493 wp-block-columns-is-layout-flex\">\n<p><\/p>\n<div class=\"wp-block-column is-layout-flow wp-block-column-is-layout-flow\" style=\"flex-basis: 66.66%\">\n<p><\/p>\n<p><\/p>\n<p><strong>Markus Kraxner MSc<\/strong><\/p>\n<p><\/p>\n<p>Hochschullehrender f\u00fcr Ergotherapie<\/p>\n<p><\/p>\n<p><a href=\"https:\/\/blog.fh-kaernten.at\/kligs\/elementor-112\/\" data-type=\"page\" data-id=\"112\">Hier finden Sie das schriftliche Interview<\/a><\/p>\n<p><\/p>\n<p><a href=\"https:\/\/blog.fh-kaernten.at\/kligs\/files\/2022\/10\/KliGS-Persoenlichkeiten-Markus-Kraxner.mp3\" data-type=\"attachment\" data-id=\"148\">Hier finden Sie den Podcast mit Markus<\/a><\/p>\n<p><\/p>\n<p><a href=\"mailto:m.kraxner@fh-kaernten.at?subject=Feedback&amp;body=Message\">E-Mail Kontakt von Markus<\/a><\/p>\n<p><\/p>\n<\/div>\n<p><\/p>\n<div class=\"wp-block-column is-layout-flow wp-block-column-is-layout-flow\" style=\"flex-basis: 33.33%\">\n<p><\/p>\n<figure class=\"wp-block-image size-full\"><img loading=\"lazy\" decoding=\"async\" width=\"430\" height=\"430\" class=\"wp-image-72\" src=\"http:\/\/blog.fh-kaernten.at\/kligs\/files\/2022\/10\/Markus.jpg\" alt=\"\" srcset=\"https:\/\/blog.fh-kaernten.at\/kligs\/files\/2022\/10\/Markus.jpg 430w, https:\/\/blog.fh-kaernten.at\/kligs\/files\/2022\/10\/Markus-300x300.jpg 300w, https:\/\/blog.fh-kaernten.at\/kligs\/files\/2022\/10\/Markus-150x150.jpg 150w, https:\/\/blog.fh-kaernten.at\/kligs\/files\/2022\/10\/Markus-230x230.jpg 230w, https:\/\/blog.fh-kaernten.at\/kligs\/files\/2022\/10\/Markus-350x350.jpg 350w\" sizes=\"(max-width: 430px) 100vw, 430px\" \/><\/figure>\n<p><\/p>\n<\/div>\n<p><\/p>\n<\/div>\n<p><\/p>\n<figure class=\"wp-block-image size-full is-resized\"><img decoding=\"async\" class=\"wp-image-169\" src=\"http:\/\/blog.fh-kaernten.at\/kligs\/files\/2022\/10\/dlf.pt-chalk-border-png-1118625.png\" alt=\"\" width=\"790\" height=\"16\" srcset=\"https:\/\/blog.fh-kaernten.at\/kligs\/files\/2022\/10\/dlf.pt-chalk-border-png-1118625.png 917w, https:\/\/blog.fh-kaernten.at\/kligs\/files\/2022\/10\/dlf.pt-chalk-border-png-1118625-300x6.png 300w, https:\/\/blog.fh-kaernten.at\/kligs\/files\/2022\/10\/dlf.pt-chalk-border-png-1118625-768x16.png 768w, https:\/\/blog.fh-kaernten.at\/kligs\/files\/2022\/10\/dlf.pt-chalk-border-png-1118625-230x5.png 230w, https:\/\/blog.fh-kaernten.at\/kligs\/files\/2022\/10\/dlf.pt-chalk-border-png-1118625-350x7.png 350w, https:\/\/blog.fh-kaernten.at\/kligs\/files\/2022\/10\/dlf.pt-chalk-border-png-1118625-480x10.png 480w\" sizes=\"(max-width: 790px) 100vw, 790px\" \/><\/figure>\n<p><\/p>\n<div class=\"wp-block-columns is-layout-flex wp-container-core-columns-is-layout-28f84493 wp-block-columns-is-layout-flex\">\n<p><\/p>\n<div class=\"wp-block-column is-layout-flow wp-block-column-is-layout-flow\" style=\"flex-basis: 33.33%\">\n<p><\/p>\n<figure class=\"wp-block-image size-full\"><img loading=\"lazy\" decoding=\"async\" width=\"474\" height=\"475\" class=\"wp-image-78\" src=\"https:\/\/blog.fh-kaernten.at\/kligs\/files\/2022\/10\/Elena-edited.jpg\" alt=\"\" srcset=\"https:\/\/blog.fh-kaernten.at\/kligs\/files\/2022\/10\/Elena-edited.jpg 474w, https:\/\/blog.fh-kaernten.at\/kligs\/files\/2022\/10\/Elena-edited-300x300.jpg 300w, https:\/\/blog.fh-kaernten.at\/kligs\/files\/2022\/10\/Elena-edited-150x150.jpg 150w, https:\/\/blog.fh-kaernten.at\/kligs\/files\/2022\/10\/Elena-edited-230x230.jpg 230w, https:\/\/blog.fh-kaernten.at\/kligs\/files\/2022\/10\/Elena-edited-350x351.jpg 350w\" sizes=\"(max-width: 474px) 100vw, 474px\" \/><\/figure>\n<p><\/p>\n<\/div>\n<p><\/p>\n<div class=\"wp-block-column is-layout-flow wp-block-column-is-layout-flow\" style=\"flex-basis: 66.66%\">\n<p><\/p>\n<p><\/p>\n<p><strong>Elena Fluch MSc<\/strong><\/p>\n<p><\/p>\n<p>Physiotherapeutin &amp; Lehrende am STG Physiotherapie<\/p>\n<p><\/p>\n<p><a href=\"https:\/\/blog.fh-kaernten.at\/kligs\/elementor-104\/\" data-type=\"page\" data-id=\"104\">Hier finden Sie das schriftliche Interview<\/a><\/p>\n<p><\/p>\n<p><a href=\"https:\/\/blog.fh-kaernten.at\/kligs\/files\/2022\/10\/KliGS-Persoenlichkeiten-Elena-Fluch.mp3\" data-type=\"attachment\" data-id=\"146\">Hier finden Sie den Podcast mit Elena<\/a><\/p>\n<p><\/p>\n<p><a href=\"mailto:e.fluch@fh-kaernten.at?subject=Feedback&amp;body=Message\">E-Mail Kontakt von Markus<\/a><\/p>\n<p><\/p>\n<\/div>\n<p><\/p>\n<\/div>\n<p><\/p>\n<figure class=\"wp-block-image size-full is-resized\"><img decoding=\"async\" class=\"wp-image-169\" src=\"http:\/\/blog.fh-kaernten.at\/kligs\/files\/2022\/10\/dlf.pt-chalk-border-png-1118625.png\" alt=\"\" width=\"790\" height=\"16\" srcset=\"https:\/\/blog.fh-kaernten.at\/kligs\/files\/2022\/10\/dlf.pt-chalk-border-png-1118625.png 917w, https:\/\/blog.fh-kaernten.at\/kligs\/files\/2022\/10\/dlf.pt-chalk-border-png-1118625-300x6.png 300w, https:\/\/blog.fh-kaernten.at\/kligs\/files\/2022\/10\/dlf.pt-chalk-border-png-1118625-768x16.png 768w, https:\/\/blog.fh-kaernten.at\/kligs\/files\/2022\/10\/dlf.pt-chalk-border-png-1118625-230x5.png 230w, https:\/\/blog.fh-kaernten.at\/kligs\/files\/2022\/10\/dlf.pt-chalk-border-png-1118625-350x7.png 350w, https:\/\/blog.fh-kaernten.at\/kligs\/files\/2022\/10\/dlf.pt-chalk-border-png-1118625-480x10.png 480w\" sizes=\"(max-width: 790px) 100vw, 790px\" \/><\/figure>\n<p><\/p>\n<div class=\"wp-block-columns is-layout-flex wp-container-core-columns-is-layout-28f84493 wp-block-columns-is-layout-flex\">\n<p><\/p>\n<div class=\"wp-block-column is-layout-flow wp-block-column-is-layout-flow\" style=\"flex-basis: 66.66%\">\n<p><\/p>\n<p><\/p>\n<p><strong>FH-Prof. Mag. Dr. Klaus Wettl<\/strong><\/p>\n<p><\/p>\n<p>Studiengangsleitung Gesundheits- und Pflegemanagement; Professur f\u00fcr Gesundheitsmanagement; Wissenschaftlicher Leiter<\/p>\n<p><\/p>\n<p><a href=\"https:\/\/blog.fh-kaernten.at\/kligs\/files\/2022\/10\/KliGS-Persoenlichkeiten-Klaus-Wettl.mp3\" data-type=\"attachment\" data-id=\"193\">Hier finden Sie den Podcast mit Klaus<\/a><\/p>\n<p><\/p>\n<p><a href=\"mailto:k.wettl@fh-kaernten.at?subject=Feedback&amp;body=Message\">E-Mail Kontakt von Klaus<\/a><\/p>\n<p><\/p>\n<\/div>\n<p><\/p>\n<div class=\"wp-block-column is-layout-flow wp-block-column-is-layout-flow\" style=\"flex-basis: 33.33%\">\n<p><\/p>\n<figure class=\"wp-block-image size-full\"><img loading=\"lazy\" decoding=\"async\" class=\"alignnone wp-image-202 size-medium\" src=\"http:\/\/blog.fh-kaernten.at\/kligs\/files\/2022\/11\/RS12077__MG_9839-scaled-e1668517313697-300x284.jpg\" alt=\"\" width=\"300\" height=\"284\" srcset=\"https:\/\/blog.fh-kaernten.at\/kligs\/files\/2022\/11\/RS12077__MG_9839-scaled-e1668517313697-300x284.jpg 300w, https:\/\/blog.fh-kaernten.at\/kligs\/files\/2022\/11\/RS12077__MG_9839-scaled-e1668517313697-1024x970.jpg 1024w, https:\/\/blog.fh-kaernten.at\/kligs\/files\/2022\/11\/RS12077__MG_9839-scaled-e1668517313697-768x728.jpg 768w, https:\/\/blog.fh-kaernten.at\/kligs\/files\/2022\/11\/RS12077__MG_9839-scaled-e1668517313697-1536x1456.jpg 1536w, https:\/\/blog.fh-kaernten.at\/kligs\/files\/2022\/11\/RS12077__MG_9839-scaled-e1668517313697-1000x948.jpg 1000w, https:\/\/blog.fh-kaernten.at\/kligs\/files\/2022\/11\/RS12077__MG_9839-scaled-e1668517313697-230x218.jpg 230w, https:\/\/blog.fh-kaernten.at\/kligs\/files\/2022\/11\/RS12077__MG_9839-scaled-e1668517313697-350x332.jpg 350w, https:\/\/blog.fh-kaernten.at\/kligs\/files\/2022\/11\/RS12077__MG_9839-scaled-e1668517313697-480x455.jpg 480w, https:\/\/blog.fh-kaernten.at\/kligs\/files\/2022\/11\/RS12077__MG_9839-scaled-e1668517313697.jpg 1701w\" sizes=\"(max-width: 300px) 100vw, 300px\" \/><\/figure>\n<p><\/p>\n<\/div>\n<p><\/p>\n<\/div>\n<p><\/p>\n<figure class=\"wp-block-image size-full is-resized\"><img decoding=\"async\" class=\"wp-image-169\" src=\"http:\/\/blog.fh-kaernten.at\/kligs\/files\/2022\/10\/dlf.pt-chalk-border-png-1118625.png\" alt=\"\" width=\"790\" height=\"16\" srcset=\"https:\/\/blog.fh-kaernten.at\/kligs\/files\/2022\/10\/dlf.pt-chalk-border-png-1118625.png 917w, https:\/\/blog.fh-kaernten.at\/kligs\/files\/2022\/10\/dlf.pt-chalk-border-png-1118625-300x6.png 300w, https:\/\/blog.fh-kaernten.at\/kligs\/files\/2022\/10\/dlf.pt-chalk-border-png-1118625-768x16.png 768w, https:\/\/blog.fh-kaernten.at\/kligs\/files\/2022\/10\/dlf.pt-chalk-border-png-1118625-230x5.png 230w, https:\/\/blog.fh-kaernten.at\/kligs\/files\/2022\/10\/dlf.pt-chalk-border-png-1118625-350x7.png 350w, https:\/\/blog.fh-kaernten.at\/kligs\/files\/2022\/10\/dlf.pt-chalk-border-png-1118625-480x10.png 480w\" sizes=\"(max-width: 790px) 100vw, 790px\" \/><\/figure>\n<p><\/p>\n<div class=\"wp-block-columns is-layout-flex wp-container-core-columns-is-layout-28f84493 wp-block-columns-is-layout-flex\">\n<p><\/p>\n<div class=\"wp-block-column is-layout-flow wp-block-column-is-layout-flow\" style=\"flex-basis: 33.33%\">\n<p><\/p>\n<figure class=\"wp-block-image size-full\"><img loading=\"lazy\" decoding=\"async\" class=\"alignnone wp-image-203 size-medium\" src=\"http:\/\/blog.fh-kaernten.at\/kligs\/files\/2022\/11\/MSuppanz-300x279.jpg\" alt=\"\" width=\"300\" height=\"279\" srcset=\"https:\/\/blog.fh-kaernten.at\/kligs\/files\/2022\/11\/MSuppanz-300x279.jpg 300w, https:\/\/blog.fh-kaernten.at\/kligs\/files\/2022\/11\/MSuppanz-1024x953.jpg 1024w, https:\/\/blog.fh-kaernten.at\/kligs\/files\/2022\/11\/MSuppanz-768x715.jpg 768w, https:\/\/blog.fh-kaernten.at\/kligs\/files\/2022\/11\/MSuppanz-1536x1430.jpg 1536w, https:\/\/blog.fh-kaernten.at\/kligs\/files\/2022\/11\/MSuppanz-2048x1906.jpg 2048w, https:\/\/blog.fh-kaernten.at\/kligs\/files\/2022\/11\/MSuppanz-1000x931.jpg 1000w, https:\/\/blog.fh-kaernten.at\/kligs\/files\/2022\/11\/MSuppanz-230x214.jpg 230w, https:\/\/blog.fh-kaernten.at\/kligs\/files\/2022\/11\/MSuppanz-350x326.jpg 350w, https:\/\/blog.fh-kaernten.at\/kligs\/files\/2022\/11\/MSuppanz-480x447.jpg 480w\" sizes=\"(max-width: 300px) 100vw, 300px\" \/><\/figure>\n<p><\/p>\n<\/div>\n<p><\/p>\n<div class=\"wp-block-column is-layout-flow wp-block-column-is-layout-flow\" style=\"flex-basis: 66.66%\">\n<p><\/p>\n<p><\/p>\n<p><strong>Dr. Michael Alexander Suppanz, MSc MAS<\/strong><\/p>\n<p><\/p>\n<p>Studiengangsleitung Physiotherapie<\/p>\n<p><\/p>\n<p><a href=\"https:\/\/blog.fh-kaernten.at\/kligs\/files\/2022\/10\/KliGS-Persoenlichkeiten-Michael-Suppanz.mp3\" data-type=\"attachment\" data-id=\"150\">Hier finden Sie den Podcast mit Michael<\/a><\/p>\n<p><\/p>\n<p><a href=\"mailto:m.suppanz@fh-kaernten.at?subject=Feedback&amp;body=Message\">E-Mail Kontakt von Michael<\/a><\/p>\n<p><\/p>\n<\/div>\n<p><\/p>\n<\/div>\n<p><\/p>\t\t\t\t\t\t\t\t<\/div>\n\t\t\t\t<\/div>\n\t\t\t\t\t<\/div>\n\t\t<\/div>\n\t\t\t\t\t<\/div>\n\t\t<\/section>\n\t\t\t\t<\/div>\n\t\t","protected":false},"excerpt":{"rendered":"<p>KliGS ist eine interdisziplin\u00e4re Gruppe an Lehrenden und Forschenden an der FH K\u00e4rnten, die im Gesundheitsbereich t\u00e4tig sind. Vertreten sind bisher Professionen [&hellip;]<\/p>\n","protected":false},"author":104,"featured_media":68,"parent":0,"menu_order":0,"comment_status":"closed","ping_status":"closed","template":"","meta":{"inline_featured_image":false,"footnotes":""},"class_list":["post-56","page","type-page","status-publish","has-post-thumbnail","hentry"],"_links":{"self":[{"href":"https:\/\/blog.fh-kaernten.at\/kligs\/en\/wp-json\/wp\/v2\/pages\/56","targetHints":{"allow":["GET"]}}],"collection":[{"href":"https:\/\/blog.fh-kaernten.at\/kligs\/en\/wp-json\/wp\/v2\/pages"}],"about":[{"href":"https:\/\/blog.fh-kaernten.at\/kligs\/en\/wp-json\/wp\/v2\/types\/page"}],"author":[{"embeddable":true,"href":"https:\/\/blog.fh-kaernten.at\/kligs\/en\/wp-json\/wp\/v2\/users\/104"}],"replies":[{"embeddable":true,"href":"https:\/\/blog.fh-kaernten.at\/kligs\/en\/wp-json\/wp\/v2\/comments?post=56"}],"version-history":[{"count":0,"href":"https:\/\/blog.fh-kaernten.at\/kligs\/en\/wp-json\/wp\/v2\/pages\/56\/revisions"}],"wp:featuredmedia":[{"embeddable":true,"href":"https:\/\/blog.fh-kaernten.at\/kligs\/en\/wp-json\/wp\/v2\/media\/68"}],"wp:attachment":[{"href":"https:\/\/blog.fh-kaernten.at\/kligs\/en\/wp-json\/wp\/v2\/media?parent=56"}],"curies":[{"name":"wp","href":"https:\/\/api.w.org\/{rel}","templated":true}]}}