{"id":259,"date":"2023-01-12T13:18:42","date_gmt":"2023-01-12T12:18:42","guid":{"rendered":"https:\/\/blog.fh-kaernten.at\/kligs\/?page_id=259"},"modified":"2023-09-04T10:51:04","modified_gmt":"2023-09-04T08:51:04","slug":"fachsymposium-call-for-papers","status":"publish","type":"page","link":"https:\/\/blog.fh-kaernten.at\/kligs\/en\/fachsymposium-call-for-papers\/","title":{"rendered":"Fachsymposium"},"content":{"rendered":"<p>\r\n<p>&nbsp;<\/p>\r\n<p>&nbsp;<\/p>\r\n<p><!-- wp:paragraph {\"textColor\":\"vivid-red\",\"fontSize\":\"large\"} --><\/p>\r\n<p><strong>Fachsymposium: <\/strong>&#8220;<strong>Klimawandel, Gesundheit und Resilienz: aktuelle Trends und k\u00fcnftige Entwicklungen in Lehre, Forschung und Praxis<\/strong>&#8220;<\/p>\r\n<p><!-- \/wp:paragraph --><\/p>\r\n<p><strong>Villach, \u00d6sterreich, 21-22 September 2023<\/strong><\/p>\r\n<p><!-- \/wp:paragraph --><\/p>\r\n<div>\r\n<div><img decoding=\"async\" style=\"float: left;width: 32%;margin-right: 2%;padding: 20px\" src=\"https:\/\/blog.fh-kaernten.at\/kligs\/files\/2023\/01\/HAW.jpg\" alt=\"\" \/><\/div>\r\n<div><img decoding=\"async\" style=\"float: left;width: 32%;margin-right: 2%;padding: 20px\" src=\"https:\/\/blog.fh-kaernten.at\/kligs\/files\/2023\/01\/FH-Kaernten-1-1024x353.jpg\" alt=\"\" \/><\/div>\r\n<div><img decoding=\"async\" style=\"float: left;width: 32%;margin-right: 0;padding: 20px\" src=\"https:\/\/blog.fh-kaernten.at\/kligs\/files\/2023\/01\/KABEG.jpg\" alt=\"\" \/><\/div>\r\n<\/div>\r\n<p>&nbsp;<\/p>\r\n<p><!-- wp:paragraph --><\/p>\r\n<p><strong>Information: <\/strong>Expert:innen aus Lehre, Forschung und Praxis pr\u00e4sentieren die neuesten Erkenntnisse im Bereich Gesundheit und Klima.<br \/><strong>Ideenaustausch:<\/strong> Forschende und Lehrende teilen ihre Ideen, Erfahrungen und Visionen f\u00fcr den Umgang mit dem Klimawandel und machen sie der Praxis zug\u00e4nglich.<br \/><strong>Vernetzung:<\/strong> die Key Player aus dem Gesundheitswesen, der Wissenschaft und Wirtschaft vernetzen sich, um Best Practices im Bereich der \u00d6kologie, Gesundheit und Resilienz auszutauschen und Synergien zu bilden.<\/p>\r\n<p><!-- \/wp:paragraph --><\/p>\r\n<p>Das Fachsymposium steht unter der <strong style=\"color: red\"> Schirmherrschaft <\/strong> von <strong style=\"color: red\">Bundesministerin Leonore Gewessler, BA <\/strong> &#8211; Klimaschutz, Umwelt, Energie, Mobilit\u00e4t, Innovation und Technologie und <strong style=\"color: red\"> Bundesminister Johannes Rauch<\/strong> &#8211; Soziales, Gesundheit, Pflege und Konsumentenschutz.<\/p>\r\n<p><!-- wp:paragraph --><\/p>\r\n<p>Finanziell unterst\u00fctzt durch:<\/p>\r\n<div>\r\n<div><img decoding=\"async\" style=\"float: left;width: 32%;margin-right: 2%;padding: 20px\" src=\"http:\/\/blog.fh-kaernten.at\/kligs\/files\/2023\/04\/Villach_Unterstuetzt-durch-die-Stadt_75mm_RGB.jpg\" alt=\"\" \/><\/div>\r\n<div><img decoding=\"async\" style=\"float: left;width: 32%;margin-right: 2%;padding: 20px\" src=\"http:\/\/blog.fh-kaernten.at\/kligs\/files\/2023\/05\/landkaernten.png\" alt=\"\" \/><\/div>\r\n<div><img decoding=\"async\" style=\"float: left;width: 25%;margin-right: 2%;padding: 20px\" src=\"http:\/\/blog.fh-kaernten.at\/kligs\/files\/2023\/05\/klimafonds_2D_RBG.png\" alt=\"\" \/><\/div>\r\n<div><img decoding=\"async\" style=\"float: left;width: 32%;margin-right: 2%;padding: 20px\" src=\"http:\/\/blog.fh-kaernten.at\/kligs\/files\/2023\/06\/SPK-Kaerntner_Special_print_4C.jpg\" alt=\"\" \/><\/div>\r\n<div><img decoding=\"async\" style=\"float: left;width: 32%;margin-right: 2%;padding: 20px\" src=\"http:\/\/blog.fh-kaernten.at\/kligs\/files\/2023\/06\/HM-Marke.jpg\" alt=\"\" \/><\/div>\r\n<\/div>\r\n<p><!-- \/wp:paragraph --><\/p>\r\n<p><!-- wp:paragraph --><\/p>\r\n<p>&nbsp;<\/p>\r\n<p>&nbsp;<\/p>\r\n<p>&nbsp;<\/p>\r\n<p>&nbsp;<\/p>\r\n<p>&nbsp;<\/p>\r\n<p>&nbsp;<\/p>\r\n<p><strong>Nehmen Sie an der Veranstaltung teil!<\/strong><br \/>Die Anmeldung ist \u00fcber das Anmeldeportal Conftool der Fachhochschule K\u00e4rnten: <a href=\"https:\/\/www.conftool.org\/kligs2023\" target=\"_blank\" rel=\"noopener\">https:\/\/www.conftool.org\/kligs2023<\/a> m\u00f6glich. Die Teilnahmegeb\u00fchr betr\u00e4gt <strong>220 Euro<\/strong> bzw. f\u00fcr <strong>Studierende 100 EUR<\/strong>. Bei Anmeldung bis 1<strong>0. Juni 2023 gibt es eine Erm\u00e4\u00dfigung: 190 EUR Vollzahler; 85 EUR Studierende<\/strong>. Darin enthalten sind Kaffeepausen und Mittagessen an beiden Tagen, sowie die PDF-Version des Buchs \u201eKlimawandel und Gesundheit: Kooperative Ans\u00e4tze und Synergien\u201c.<\/p>\r\n<p><!-- \/wp:paragraph --><\/p>\r\n<p><!-- wp:paragraph --><\/p>\r\n<p>Das Programm finden Sie unter: <a href=\"http:\/\/blog.fh-kaernten.at\/kligs\/files\/2023\/09\/Programm_Fachsymposium-Final.pdf\" target=\"_blank\" rel=\"noopener\">Programm_Fachsymposium Final<\/a><\/p>\r\n<p>Die Veranstaltung ist als Fortbildung seitens DFP (ID 772373), MTD Dachverband und \u00d6GKV anerkannt.\u00a0<\/p>\r\n<p><!-- \/wp:paragraph --><\/p>\r\n<p><!-- wp:image {\"id\":294,\"sizeSlug\":\"large\",\"linkDestination\":\"none\"} --><\/p>\r\n<figure><img decoding=\"async\" src=\"https:\/\/blog.fh-kaernten.at\/kligs\/files\/2023\/02\/einladung-klimasymposium-foto-1024x545.jpg\" alt=\"\" \/><\/figure>\r\n<p><!-- \/wp:image --><\/p>\r\n<p><!-- wp:paragraph {\"align\":\"left\"} --><\/p>\r\n<p><strong>Hintergrund<\/strong><br \/>Im deutschsprachigen Raum gibt es eine Vielzahl an Institutionen und Organisationen, die sich mit dem Nexus Klimawandel und Gesundheit besch\u00e4ftigen und im Bereich der planetaren Gesundheit t\u00e4tig sind. Ihre Arbeit ist zentral, um zum besseren Verst\u00e4ndnis und als Katalysator f\u00fcr die notwendigen Ma\u00dfnahmen zur Bew\u00e4ltigung des Klimawandels aus der Perspektive der Gesundheitswissenschaften und des Gesundheitswesens beizutragen.\u00a0<\/p>\r\n<p><!-- \/wp:paragraph --><\/p>\r\n<p><!-- wp:paragraph --><\/p>\r\n<p>Angesichts der Relevanz dieses Themas und der gro\u00dfen Bedeutung eines st\u00e4rkeren Austauschs zwischen den in diesem Bereich t\u00e4tigen Forschungs- und Bildungsinstitutionen sowie der Praxis, wird ein l\u00e4nder\u00fcbergreifender Bedarf an Fachveranstaltungen gesehen, auf denen diese Gemeinschaft\u00a0 zusammenkommen und ihre Arbeit in diesem rasch wachsenden Bereich diskutieren und pr\u00e4sentieren kann.<\/p>\r\n<p><!-- \/wp:paragraph --><\/p>\r\n<p><!-- wp:paragraph --><\/p>\r\n<p>Vor diesem Hintergrund organisieren die Hochschule f\u00fcr Angewandte Wissenschaften Hamburg, die Fachhochschule K\u00e4rnten und das Landeskrankenhaus Villach (KABEG), mit Unterst\u00fctzung des Interdisciplinary Expert Centre for Climate Change and Health (IECCCH), des International Climate Change Information and Research Programme (ICCIRP), des Climate Change Center Austria (CCCA), des Kompetenz\u00adzentrums Klima und Gesundheit der Gesundheit \u00d6sterreich GmbH (G\u00d6G), der Allgemeinen Unfallversicherungsanstalt (AUVA), des \u00d6sterreichischen Verbands Gr\u00fcner Kranken\u00adh\u00e4user (\u00d6VGK) und von Health for Future Austria (H4F) das<strong> Fachsymposium \u201eKlimawandel, Gesundheit und Resilienz: aktuelle Trends und k\u00fcnftige Entwicklungen in Lehre, Forschung und Praxis\u201c<\/strong>.\u00a0Die Veranstaltung findet am <strong>21.-22. September 2023<\/strong> an der Fachhochschule K\u00e4rnten, Campus Villach (\u00d6sterreich) statt.<\/p>\r\n<p><!-- \/wp:paragraph --><\/p>\r\n<p><!-- wp:paragraph --><\/p>\r\n<p><strong>Ziele der Veranstaltung<\/strong><br \/>i. Personen, die Lehr-, Forschungs- oder Praxisprojekte zum Thema Klimawandel und Gesundheit durchf\u00fchren, Gelegenheit zu geben, ihre Arbeit, Studien, sowie Forschungs- und Praxisprojekte vorzustellen, die zur Bew\u00e4ltigung der zahlreichen Herausforderungen im Zusammenhang mit Klimawandel und Gesundheit beitragen k\u00f6nnen.<\/p>\r\n<p><!-- \/wp:paragraph --><\/p>\r\n<p><!-- wp:paragraph --><\/p>\r\n<p>ii. Ideen, Erfahrungen und Visionen Forschenden und Lehrenden im Bereich Klima und Gesundheit, wie Fragen des Klimawandels und der Gesundheit in Aus-, Fort- und Weiterbildung in den Gesundheitsberufen systematischer erarbeitet werden k\u00f6nnen, auszutauschen, zu dokumentieren und zu verbreiten.<\/p>\r\n<p><!-- \/wp:paragraph --><\/p>\r\n<p><!-- wp:paragraph --><\/p>\r\n<p>iii. L\u00e4nder\u00fcbergreifende Vernetzung der Keyplayer aus Wissenschaft, Praxis und Wirtschaft in der DACH Region zu erm\u00f6glichen, um Best Practice auszutauschen und Synergien zu bilden.\u00a0<\/p>\r\n<p><!-- \/wp:paragraph --><\/p>\r\n<p><!-- wp:paragraph --><\/p>\r\n<p>Als Ergebnis der Veranstaltung wird das Buch &#8220;Klimawandel und Gesundheit: Kooperative Ans\u00e4tze und Synergien\u201c mit allen angenommenen Beitr\u00e4gen im Springer-Verlag ver\u00f6ffentlicht. Auf diese Weise wird sichergestellt, dass die Arbeit der Vortragenden ordnungsgem\u00e4\u00df dokumentiert und in der deutschsprachigen Gemeinschaft weit verbreitet wird.<\/p>\r\n<p><!-- \/wp:paragraph --><\/p>\r\n<p><!-- wp:paragraph --><\/p>\r\n<p>F\u00fcr Lehr- und Forschungskr\u00e4fte in Hochschulen, die sich mit Fragen des Klimawandels und der Gesundheit befassen, f\u00fcr Vertreter:innen des Gesundheitswesens und andere Gesundheitsfachleute sowie Personen aus dem Bereich der digitalen Gesundheitsvorsorge wird das Symposium von besonderem Interesse sein. Veranstaltungssprache ist Deutsch.<\/p>\r\n<p><!-- \/wp:paragraph --><\/p>\r\n<p><!-- wp:paragraph --><\/p>\r\n<p><strong>Programmkomitee:<\/strong> <br \/>Dipl. Psych.<sup>in<\/sup> Andrea Stitzel, Fachhochschule K\u00e4rnten<br \/>FH-Prof.<sup> in<\/sup> Dipl.-Ing.<sup>in<\/sup> Dr.<sup>in<\/sup> techn. Daniela Elisabeth Str\u00f6ckl BSc, Fachhochschule K\u00e4rnten<br \/>Dr.<sup>in<\/sup> Chiara Cardelli MSc., LBG Open Innovation in Science Center<br \/>Alexander Thomasser, Landeskrankenhaus Villach<br \/>Priv.-Doz. Mag. Dr.<sup>in<\/sup> Katharina Brugger &amp; Mag. Ilonka Horv\u00e1th, Gesundheit \u00d6sterreich GmbH<br \/>Dr.<sup> in<\/sup> Angelika Wolf, Climate Change Centre Austria, Climate Change Centre Austria<br \/>Prof. Dr. (mult.). Dr. h.c. (mult.) Walter Leal, Hochschule f\u00fcr Angewandte Wissenschaften Hamburg<\/p>\r\n<p><!-- \/wp:paragraph --><\/p>\r\n<p><!-- wp:paragraph --><\/p>\r\n<p><strong>Kontakt und weitere Informationen: <\/strong><br \/>Derya Taser, HAW Hamburg, E-Mail: <a href=\"mailto:peek4health@hamburg.de\">peek4health@hamburg.de<\/a> <br \/>Dipl. Psych. Andrea Stitzel, Fachhochschule K\u00e4rnten, E-Mail: <a href=\"mailto:a.stitzel@fh-kaernten.at\" data-type=\"mailto\" data-id=\"mailto:a.stitzel@fh-kaernten.at\">a.stitzel@fh-kaernten.at<\/a><\/p>\r\n<p><!-- \/wp:paragraph --><\/p>\r\n<div>\r\n<div><img decoding=\"async\" style=\"float: left;width: 32%;margin-right: 2%;padding: 20px\" src=\"http:\/\/blog.fh-kaernten.at\/kligs\/files\/2023\/03\/1.jpg\" alt=\"\" \/><\/div>\r\n<div><img decoding=\"async\" style=\"float: left;width: 32%;margin-right: 2%;padding: 20px\" src=\"http:\/\/blog.fh-kaernten.at\/kligs\/files\/2023\/01\/ccca.jpg\" alt=\"\" \/><\/div>\r\n<div><img decoding=\"async\" style=\"float: left;width: 32%;margin-right: 0;padding: 20px\" src=\"http:\/\/blog.fh-kaernten.at\/kligs\/files\/2023\/03\/3.PNG-300x122.jpg\" alt=\"\" \/><\/div>\r\n<\/div>\r\n<div>\r\n<div><img decoding=\"async\" style=\"float: left;width: 32%;margin-right: 2%;padding: 20px\" src=\"http:\/\/blog.fh-kaernten.at\/kligs\/files\/2023\/01\/AUVA.jpg\" alt=\"\" \/><\/div>\r\n<div><img decoding=\"async\" style=\"float: left;width: 32%;margin-right: 2%;padding: 20px\" src=\"http:\/\/blog.fh-kaernten.at\/kligs\/files\/2023\/01\/GOeG.jpg\" alt=\"\" \/><\/div>\r\n<div><img decoding=\"async\" style=\"float: left;width: 32%;margin-right: 0;padding: 20px\" src=\"http:\/\/blog.fh-kaernten.at\/kligs\/files\/2023\/01\/oevgk.jpg\" alt=\"\" \/><\/div>\r\n<\/div>\r\n<div>\r\n<div><img decoding=\"async\" style=\"float: left;width: 32%;margin-right: 2%;padding: 20px\" src=\"http:\/\/blog.fh-kaernten.at\/kligs\/files\/2023\/01\/IF-KG.jpg\" alt=\"\" \/><\/div>\r\n<div><img decoding=\"async\" style=\"float: left;width: 32%;margin-right: 2%;padding: 20px\" src=\"https:\/\/blog.fh-kaernten.at\/kligs\/files\/2023\/02\/h4f-logo-150x150.png\" alt=\"\" \/><\/div>\r\n<\/div>\r\n<div><!-- \/wp:paragraph --><\/div>\r\n<p>&nbsp;<\/p>\r\n<p>&nbsp;<\/p>\r\n<p>&nbsp;<\/p>\r\n<p>&nbsp;<\/p>\r\n<p>&nbsp;<\/p>\r\n<p>&nbsp;<\/p>\r\n<p>&nbsp;<\/p>\r\n<\/div>","protected":false},"excerpt":{"rendered":"<p>&nbsp; &nbsp; Fachsymposium: &#8220;Klimawandel, Gesundheit und Resilienz: aktuelle Trends und k\u00fcnftige Entwicklungen in Lehre, Forschung und Praxis&#8220; Villach, \u00d6sterreich, 21-22 September 2023 [&hellip;]<\/p>\n","protected":false},"author":104,"featured_media":0,"parent":0,"menu_order":0,"comment_status":"closed","ping_status":"closed","template":"","meta":{"inline_featured_image":false,"footnotes":""},"class_list":["post-259","page","type-page","status-publish","hentry"],"_links":{"self":[{"href":"https:\/\/blog.fh-kaernten.at\/kligs\/en\/wp-json\/wp\/v2\/pages\/259","targetHints":{"allow":["GET"]}}],"collection":[{"href":"https:\/\/blog.fh-kaernten.at\/kligs\/en\/wp-json\/wp\/v2\/pages"}],"about":[{"href":"https:\/\/blog.fh-kaernten.at\/kligs\/en\/wp-json\/wp\/v2\/types\/page"}],"author":[{"embeddable":true,"href":"https:\/\/blog.fh-kaernten.at\/kligs\/en\/wp-json\/wp\/v2\/users\/104"}],"replies":[{"embeddable":true,"href":"https:\/\/blog.fh-kaernten.at\/kligs\/en\/wp-json\/wp\/v2\/comments?post=259"}],"version-history":[{"count":0,"href":"https:\/\/blog.fh-kaernten.at\/kligs\/en\/wp-json\/wp\/v2\/pages\/259\/revisions"}],"wp:attachment":[{"href":"https:\/\/blog.fh-kaernten.at\/kligs\/en\/wp-json\/wp\/v2\/media?parent=259"}],"curies":[{"name":"wp","href":"https:\/\/api.w.org\/{rel}","templated":true}]}}