{"id":112,"date":"2022-10-18T15:20:12","date_gmt":"2022-10-18T13:20:12","guid":{"rendered":"https:\/\/blog.fh-kaernten.at\/kligs\/?page_id=112"},"modified":"2022-10-18T15:22:32","modified_gmt":"2022-10-18T13:22:32","slug":"elementor-112","status":"publish","type":"page","link":"https:\/\/blog.fh-kaernten.at\/kligs\/en\/elementor-112\/","title":{"rendered":"Markus Kraxner"},"content":{"rendered":"\n<div class=\"wp-block-columns is-layout-flex wp-container-core-columns-is-layout-28f84493 wp-block-columns-is-layout-flex\">\n<div class=\"wp-block-column is-layout-flow wp-block-column-is-layout-flow\" style=\"flex-basis:66.66%\">\n<p><strong>Beschreibe kurz deine Profession:<\/strong><\/p>\n\n\n\n<p>Menschliche Handlungsf\u00e4higkeit w\u00e4hrend der gesamten Lebenszeit steht im Fokus der Ergotherapie: Dinge, die Menschen tun wollen (oder m\u00fcssen!) und deren Aus\u00fcbung durch vielf\u00e4ltige Faktoren eingeschr\u00e4nkt oder verunm\u00f6glicht wird, haben negative Auswirkungen auf Gesundheit &amp; Wohlbefinden. Ergotherapeut:innen w\u00e4hlen verschiedene therapeutische Ans\u00e4tze und Zug\u00e4nge um Menschen das (Wieder-)ausf\u00fchren von sinnstiftenden Handlungen zu erm\u00f6glichen. Ebenso geh\u00f6ren Pr\u00e4vention und Gesundheitsf\u00f6rderung zum Aufgabengebiet von Ergotherapeut:innen, sowohl auf der Mikro-, als auch auf der Meso- und Makroebene.<\/p>\n<\/div>\n\n\n\n<div class=\"wp-block-column is-layout-flow wp-block-column-is-layout-flow\" style=\"flex-basis:33.33%\">\n<figure class=\"wp-block-image size-full\"><img fetchpriority=\"high\" decoding=\"async\" width=\"430\" height=\"430\" src=\"http:\/\/blog.fh-kaernten.at\/kligs\/files\/2022\/10\/Markus.jpg\" alt=\"\" class=\"wp-image-72\" srcset=\"https:\/\/blog.fh-kaernten.at\/kligs\/files\/2022\/10\/Markus.jpg 430w, https:\/\/blog.fh-kaernten.at\/kligs\/files\/2022\/10\/Markus-300x300.jpg 300w, https:\/\/blog.fh-kaernten.at\/kligs\/files\/2022\/10\/Markus-150x150.jpg 150w, https:\/\/blog.fh-kaernten.at\/kligs\/files\/2022\/10\/Markus-230x230.jpg 230w, https:\/\/blog.fh-kaernten.at\/kligs\/files\/2022\/10\/Markus-350x350.jpg 350w\" sizes=\"(max-width: 430px) 100vw, 430px\" \/><\/figure>\n<\/div>\n<\/div>\n\n\n\n<p><strong>Wo ber\u00fchrt dich das Thema Nachhaltigkeit in deinem Arbeitsalltag am meisten? \/ Wo siehst du die Schnittmenge zwischen Nachhaltigkeit und deiner Profession? (SDGs von Interesse angeben)<\/strong><\/p>\n\n\n\n<p>Das Thema gewinnt in den letzten Jahren in der Profession und Ausbildung zunehmend an Fahrt, 2018 hat der Weltverband der Ergotherapeut*innen (WFOT) global dazu aufgerufen, Nachhaltigkeit in Ausbildung, Forschung und Praxis zu verankern und eine Orientierung an den SDGs vorgeschlagen, ebenso wie eine Ausrichtung der praktischen T\u00e4tigkeit an ethisch-nachhaltigen Prinzipien und Lebensstilen. Inhaltlich lassen sich, je nach Setting und Zugang, Bez\u00fcge zu den SGDs <em>Gesundheit &amp; Wohlergehen<\/em>, <em>Hochwertige Bildung<\/em>, <em>Geschlechtergleichheit<\/em>, <em>weniger Ungleichheiten<\/em>, <em>nachhaltige St\u00e4dte und Gemeinden<\/em>, <em>Nachhaltiger Konsum &amp; Produktion<\/em>, <em>Leben an Land und Frieden,<\/em><em>Gerechtigkeit und starke Institutionen<\/em> herstellen.<\/p>\n\n\n\n<p><\/p>\n\n\n\n<p><strong>Kennst du ein Best Practice Beispiel?<\/strong><\/p>\n\n\n\n<p>International gibt es diese, zum Beispiel die vermehrte, verantwortungsvolle Nutzung von Naturr\u00e4umen als \u201eTherapiematerial\u201c (Stichwort Green Care), Up- und Recycling in der Praxis oder Bewusstseinsbildung bei Studierenden durch Selbsterfahrung und Reflexion bezogen auf Nachhaltigkeit. Am Studiengang Ergotherapie sind wir stolz darauf, das Thema \u201eNachhaltigkeit\u201c bereits seit zwei Jahren im Zuge eines Workshops im 6. Semester zu behandeln, das Interesse der Studierenden ist riesengro\u00df! Lehrveranstaltungen zum Komplex \u201eGreen Care\u201c sind bereits mehrj\u00e4hrig im Curriculum verankert.<\/p>\n\n\n\n<p><\/p>\n\n\n\n<p><strong>Was ist deiner Meinung nach zu tun?<\/strong><\/p>\n\n\n\n<p>Aktuell im (ergotherapeutischen) Bildungskontext: Nachhaltigkeit strukturiert in der FH K\u00e4rnten und in den Curricula zu verankern, Naturr\u00e4ume und deren Bedeutung f\u00fcr Gesundheit &amp; Wohlbefinden erlebbar und nachvollziehbar machen, in Diskurs und Diskussion treten, eigene (Alltags-)Handlungen in Bezug zu Nachhaltigkeit transparent und nachvollziehbar machen und (vielleicht ein bisschen) Vorbild sein.<\/p>\n","protected":false},"excerpt":{"rendered":"<p>Beschreibe kurz deine Profession: Menschliche Handlungsf\u00e4higkeit w\u00e4hrend der gesamten Lebenszeit steht im Fokus der Ergotherapie: Dinge, die Menschen tun wollen (oder m\u00fcssen!) [&hellip;]<\/p>\n","protected":false},"author":104,"featured_media":0,"parent":0,"menu_order":0,"comment_status":"closed","ping_status":"closed","template":"","meta":{"inline_featured_image":false,"footnotes":""},"class_list":["post-112","page","type-page","status-publish","hentry"],"_links":{"self":[{"href":"https:\/\/blog.fh-kaernten.at\/kligs\/en\/wp-json\/wp\/v2\/pages\/112","targetHints":{"allow":["GET"]}}],"collection":[{"href":"https:\/\/blog.fh-kaernten.at\/kligs\/en\/wp-json\/wp\/v2\/pages"}],"about":[{"href":"https:\/\/blog.fh-kaernten.at\/kligs\/en\/wp-json\/wp\/v2\/types\/page"}],"author":[{"embeddable":true,"href":"https:\/\/blog.fh-kaernten.at\/kligs\/en\/wp-json\/wp\/v2\/users\/104"}],"replies":[{"embeddable":true,"href":"https:\/\/blog.fh-kaernten.at\/kligs\/en\/wp-json\/wp\/v2\/comments?post=112"}],"version-history":[{"count":0,"href":"https:\/\/blog.fh-kaernten.at\/kligs\/en\/wp-json\/wp\/v2\/pages\/112\/revisions"}],"wp:attachment":[{"href":"https:\/\/blog.fh-kaernten.at\/kligs\/en\/wp-json\/wp\/v2\/media?parent=112"}],"curies":[{"name":"wp","href":"https:\/\/api.w.org\/{rel}","templated":true}]}}