{"id":104,"date":"2022-10-18T15:17:59","date_gmt":"2022-10-18T13:17:59","guid":{"rendered":"https:\/\/blog.fh-kaernten.at\/kligs\/?page_id=104"},"modified":"2022-10-18T15:19:30","modified_gmt":"2022-10-18T13:19:30","slug":"elementor-104","status":"publish","type":"page","link":"https:\/\/blog.fh-kaernten.at\/kligs\/en\/elementor-104\/","title":{"rendered":"Elena Fluch"},"content":{"rendered":"\n<div class=\"wp-block-columns is-layout-flex wp-container-core-columns-is-layout-28f84493 wp-block-columns-is-layout-flex\">\n<div class=\"wp-block-column is-layout-flow wp-block-column-is-layout-flow\" style=\"flex-basis:66.66%\">\n<p><strong>Beschreibe kurz deine Profession:<\/strong><\/p>\n\n\n\n<p>PhysiotherapeutInnen arbeiten mit Menschen aller Altersgruppen, mit Schwerkranken, Menschen nach Operationen oder Verletzungen, mit Gesunden oder Sportlern.<\/p>\n\n\n\n<p>Mit individuell angepassten Bewegungs\u00fcbungen und Behandlungstechniken werden Alltagsfunktionen verbessert, Bewegungsabl\u00e4ufe optimiert und Schmerzen gelindert. Arbeitsr\u00e4ume sind Krankenh\u00e4user, Reha-Zentren, freie Praxen und Gesundheitseinrichtungen.<\/p>\n<\/div>\n\n\n\n<div class=\"wp-block-column is-layout-flow wp-block-column-is-layout-flow\" style=\"flex-basis:33.33%\">\n<figure class=\"wp-block-image size-full\"><img fetchpriority=\"high\" decoding=\"async\" width=\"474\" height=\"475\" src=\"http:\/\/blog.fh-kaernten.at\/kligs\/files\/2022\/10\/Elena-edited.jpg\" alt=\"\" class=\"wp-image-78\" srcset=\"https:\/\/blog.fh-kaernten.at\/kligs\/files\/2022\/10\/Elena-edited.jpg 474w, https:\/\/blog.fh-kaernten.at\/kligs\/files\/2022\/10\/Elena-edited-300x300.jpg 300w, https:\/\/blog.fh-kaernten.at\/kligs\/files\/2022\/10\/Elena-edited-150x150.jpg 150w, https:\/\/blog.fh-kaernten.at\/kligs\/files\/2022\/10\/Elena-edited-230x230.jpg 230w, https:\/\/blog.fh-kaernten.at\/kligs\/files\/2022\/10\/Elena-edited-350x351.jpg 350w\" sizes=\"(max-width: 474px) 100vw, 474px\" \/><\/figure>\n<\/div>\n<\/div>\n\n\n\n<p><strong>Wo ber\u00fchrt dich das Thema Nachhaltigkeit in deinem Arbeitsalltag am meisten? \/ Wo siehst du die Schnittmenge zwischen Nachhaltigkeit und deiner Profession? (SDGs von Interesse angeben)<\/strong><\/p>\n\n\n\n<p>Nachhaltigkeit ist mir ein Anliegen, weil die Natur die Grundlage unseres Lebens ist, und wir ein Teil dieser Natur sind.<\/p>\n\n\n\n<p>Der Klimawandel hat Auswirkungen auf die Gesundheit. Durch die zunehmenden Temperaturen kommt es zu vermehrten Herz-Kreislauf-Erkrankungen, Gef\u00e4\u00dferkrankungen und Allergien.<\/p>\n\n\n\n<p>Information und Sensibilisierung f\u00fcr das Thema in der Lehre und in der physiotherapeutischen Praxis ist mir wichtig.<\/p>\n\n\n\n<p><\/p>\n\n\n\n<p><strong>Kennst du ein Best Practice Beispiel?<\/strong><\/p>\n\n\n\n<p>EPIC:&nbsp;&nbsp; &nbsp;Environmental Physiotherapy in Clinic&nbsp;&nbsp;&nbsp; <a href=\"http:\/\/environmentalphysio.com\/practice\/\">http:\/\/environmentalphysio.com\/<\/a> KLUG:&nbsp; Klimawandel und Gesundheit, Deutschland&nbsp;&nbsp;&nbsp; <a href=\"https:\/\/www.klimawandel-gesundheit.de\/\">https:\/\/www.klimawandel-gesundheit.de\/<\/a><\/p>\n\n\n\n<p><\/p>\n\n\n\n<p><strong>Was ist deiner Meinung nach zu tun?<\/strong><\/p>\n\n\n\n<p>Gesundheit braucht Klimaschutz.<\/p>\n\n\n\n<p>\u00d6fter mit dem Rad zu fahren, zu Fu\u00df zu gehen oder weniger Fleisch zu essen hat doppelte Wirkung: Auf die Gesundheit und das Klima.<\/p>\n\n\n\n<p>Macht es KLIGS?<\/p>\n","protected":false},"excerpt":{"rendered":"<p>Beschreibe kurz deine Profession: PhysiotherapeutInnen arbeiten mit Menschen aller Altersgruppen, mit Schwerkranken, Menschen nach Operationen oder Verletzungen, mit Gesunden oder Sportlern. Mit [&hellip;]<\/p>\n","protected":false},"author":104,"featured_media":0,"parent":0,"menu_order":0,"comment_status":"closed","ping_status":"closed","template":"","meta":{"inline_featured_image":false,"footnotes":""},"class_list":["post-104","page","type-page","status-publish","hentry"],"_links":{"self":[{"href":"https:\/\/blog.fh-kaernten.at\/kligs\/en\/wp-json\/wp\/v2\/pages\/104","targetHints":{"allow":["GET"]}}],"collection":[{"href":"https:\/\/blog.fh-kaernten.at\/kligs\/en\/wp-json\/wp\/v2\/pages"}],"about":[{"href":"https:\/\/blog.fh-kaernten.at\/kligs\/en\/wp-json\/wp\/v2\/types\/page"}],"author":[{"embeddable":true,"href":"https:\/\/blog.fh-kaernten.at\/kligs\/en\/wp-json\/wp\/v2\/users\/104"}],"replies":[{"embeddable":true,"href":"https:\/\/blog.fh-kaernten.at\/kligs\/en\/wp-json\/wp\/v2\/comments?post=104"}],"version-history":[{"count":0,"href":"https:\/\/blog.fh-kaernten.at\/kligs\/en\/wp-json\/wp\/v2\/pages\/104\/revisions"}],"wp:attachment":[{"href":"https:\/\/blog.fh-kaernten.at\/kligs\/en\/wp-json\/wp\/v2\/media?parent=104"}],"curies":[{"name":"wp","href":"https:\/\/api.w.org\/{rel}","templated":true}]}}