{"id":178,"date":"2021-05-14T11:54:32","date_gmt":"2021-05-14T09:54:32","guid":{"rendered":"https:\/\/blog.fh-kaernten.at\/international-programs\/?page_id=178"},"modified":"2022-01-24T08:47:10","modified_gmt":"2022-01-24T07:47:10","slug":"impressum","status":"publish","type":"page","link":"https:\/\/blog.fh-kaernten.at\/international-programs\/impressum\/","title":{"rendered":"Legal Notice"},"content":{"rendered":"\n<h2 class=\"wp-block-heading\">Informationspflicht lt. \u00a7 5 Abs. 1 E-Commerce Gesetz bzw. Offenlegung lt. \u00a7\u00a7 24 und 25 Mediengesetz<\/h2>\n\n\n\n<h4 class=\"wp-block-heading\">Medieninhaber:<\/h4>\n\n\n\n<p><br><strong>FH K\u00e4rnten &#8211; gemeinn\u00fctzige Gesellschaft mbH<\/strong><\/p>\n\n\n\n<p>Villacher Stra\u00dfe 1<br>A-9800 Spittal<br>T: +43 5 90500<br>F: +43 (0)5 \/ 90500-9910<br><a href=\"javascript:linkTo_UnCryptMailto(%27kygjrm8rcj8gldmYdf%2Biycplrcl%2Cyr%27);\">info@fh-kaernten.at<\/a>&nbsp;<\/p>\n\n\n\n<h4 class=\"wp-block-heading\">Gesch\u00e4ftsf\u00fchrender Vorstandsvorsitzender<\/h4>\n\n\n\n<p>DI Siegfried Spanz<\/p>\n\n\n\n<h4 class=\"wp-block-heading\">Organisation<\/h4>\n\n\n\n<figure class=\"wp-block-embed\"><div class=\"wp-block-embed__wrapper\">\nhttps:\/\/www.fh-kaernten.at\/fachhochschule\n<\/div><\/figure>\n\n\n\n<h4 class=\"wp-block-heading\">Standort<\/h4>\n\n\n\n<p>FH K\u00e4rnten &#8211; gemeinn\u00fctzige Gesellschaft mbH<br>Europastra\u00dfe 4<br>9524 Villach<\/p>\n\n\n\n<p>FN566373b, LG Klagenfurt<br>UID-Nr:\u00a0\u00a0 \u00a0ATU77483224<br>IBAN\u00a0\u00a0\u00a0\u00a0\u00a0 AT88 1200 0100 3503 8529<br>BIC\u00a0\u00a0\u00a0\u00a0\u00a0\u00a0\u00a0\u00a0 BKAUATWW<\/p>\n\n\n\n<h4 class=\"wp-block-heading\">T\u00e4tigkeitsbereich<\/h4>\n\n\n\n<p>Die FH K\u00e4rnten bietet FH-Bachelor- sowie FH-Master-Studieng\u00e4nge in den Studienbereichen \u201eBauingenieurwesen &amp; Architektur\u201c, \u201eEngineering &amp; IT\u201c, \u201eGesundheit &amp; Soziales\u201c sowie \u201eWirtschaft &amp; Management\u201c an.<\/p>\n\n\n\n<p>Dieser Internetauftritt dient der F\u00f6rderung und Unterst\u00fctzung des T\u00e4tigkeitsbereichs.<\/p>\n\n\n\n<h4 class=\"wp-block-heading\">Aufsichtsbeh\u00f6rde<\/h4>\n\n\n\n<p>Agentur f\u00fcr Qualit\u00e4tssicherung und Akkreditierung Austria<br>Bundesministerium f\u00fcr Bildung, Wissenschaft und Forschung<\/p>\n\n\n\n<p>Die FH K\u00e4rnten ist Mitglied der \u00d6sterreichischen Fachhochschulkonferenz.<\/p>\n\n\n\n<h4 class=\"wp-block-heading\"><br>Haftungsausschluss<\/h4>\n\n\n\n<p>Die FH K\u00e4rnten ist bem\u00fcht, s\u00e4mtliche Inhalte auf der Website richtig zu gestalten und aktuell zu halten. S\u00e4mtliche Texte auf der Website der FH K\u00e4rnten wurden sorgf\u00e4ltig gepr\u00fcft. Dessen ungeachtet kann keine Gew\u00e4hrleistung f\u00fcr die Richtigkeit, Vollst\u00e4ndigkeit und Aktualit\u00e4t der Angaben gegeben werden. Eine Haftung der FH K\u00e4rnten wird daher ausgeschlossen. Die Links zu anderen Webseiten wurden sorgf\u00e4ltig ausgew\u00e4hlt. Da die FH K\u00e4rnten auf deren Inhalt keinen Einfluss hat, \u00fcbernimmt die FH K\u00e4rnten daf\u00fcr keine Verantwortung. Die FH K\u00e4rnten haftet dar\u00fcber hinaus nicht f\u00fcr unautorisierte Bewerbung ihrer Angebote. Bez\u00fcglich Zugangsvoraussetzungen f\u00fcr Studieng\u00e4nge oder Lehrg\u00e4nge zur Weiterbildung, Studienbeitr\u00e4gen bzw. Lehrgangsbeitr\u00e4gen oder sonstigen Informationen \u00fcber Studienprogramme gelten im Zweifelsfall die Regelungen dieser Website.<\/p>\n\n\n\n<h4 class=\"wp-block-heading\">Urheberrecht, IPR<\/h4>\n\n\n\n<p>Das Layout der Website, die verwendeten Grafiken und Bilder sowie die Inhalte der Website sind urheberrechtlich gesch\u00fctzt. Die FH K\u00e4rnten beh\u00e4lt sich s\u00e4mtliche Rechte daran vor.<br>Die Bildmarke (Logo) der FH K\u00e4rnten ist gesch\u00fctzt. Deren Verwendung ist ohne ausdr\u00fcckliche Zustimmung nicht gestattet.<\/p>\n\n\n\n<p><strong>Fotos<\/strong><\/p>\n\n\n\n<p>\u2022&nbsp;&nbsp; &nbsp;Colourbox <a href=\"http:\/\/www.colourbox.de\" target=\"_blank\" rel=\"noreferrer noopener\">www.colourbox.de<\/a><br>\u2022&nbsp;&nbsp; &nbsp;Fotolia <a href=\"http:\/\/www.fotolia.de\" target=\"_blank\" rel=\"noreferrer noopener\">www.fotolia.de<\/a><br>\u2022&nbsp;&nbsp; &nbsp;Shutterstock <a href=\"http:\/\/www.shutterstock.com\" target=\"_blank\" rel=\"noreferrer noopener\">www.shutterstock.com<\/a><br>\u2022&nbsp;&nbsp; &nbsp;Pixabay <a href=\"http:\/\/www.pixabay.com\" target=\"_blank\" rel=\"noreferrer noopener\">www.pixabay.com<\/a><br>\u2022&nbsp;&nbsp; &nbsp;K\u00e4rnten Werbung <a href=\"http:\/\/www.kaernten.at\" target=\"_blank\" rel=\"noreferrer noopener\">www.kaernten.at<\/a><br>\u2022&nbsp;&nbsp; &nbsp;Helge Bauer <a href=\"http:\/\/www.helgebauer.at\" target=\"_blank\" rel=\"noreferrer noopener\">www.helgebauer.at<\/a><br>\u2022&nbsp;&nbsp; &nbsp;Martin Hofmann <a href=\"http:\/\/www.martinhofmann.at\" target=\"_blank\" rel=\"noreferrer noopener\">www.martinhofmann.at<\/a><\/p>\n\n\n\n<h4 class=\"wp-block-heading\">Datenschutzhinweise<\/h4>\n\n\n\n<p><strong>Google Analytics<\/strong><br>Diese Website benutzt Google Analytics, einen Webanalysedienst der Google Inc. (\u201eGoogle&#8221;). Google Analytics verwendet sog. \u201eCookies&#8221;, Textdateien, die auf Ihrem Computer gespeichert werden und die eine Analyse der Benutzung der Website durch Sie erm\u00f6glichen. Die durch den Cookie erzeugten Informationen \u00fcber Ihre Benutzung dieser Website (einschlie\u00dflich Ihrer IP-Adresse) wird an einen Server von Google in den USA \u00fcbertragen und dort gespeichert. Google wird diese Informationen benutzen, um Ihre Nutzung der Website auszuwerten, um Reports \u00fcber die Websiteaktivit\u00e4ten f\u00fcr die Websitebetreiber zusammenzustellen und um weitere mit der Websitenutzung und der Internetnutzung verbundene Dienstleistungen zu erbringen. Auch wird Google diese Informationen gegebenenfalls an Dritte \u00fcbertragen, sofern dies gesetzlich vorgeschrieben oder soweit Dritte diese Daten im Auftrag von Google verarbeiten. Google wird in keinem Fall Ihre IP-Adresse mit anderen Daten von Google in Verbindung bringen. Sie k\u00f6nnen die Installation der Cookies durch eine entsprechende Einstellung Ihrer Browser Software verhindern; wir weisen Sie jedoch darauf hin, dass Sie in diesem Fall gegebenenfalls nicht s\u00e4mtliche Funktionen dieser Website vollumf\u00e4nglich nutzen k\u00f6nnen. Durch die Nutzung dieser Website erkl\u00e4ren Sie sich mit der Bearbeitung der \u00fcber Sie erhobenen Daten durch Google in der zuvor beschriebenen Art und Weise und zu dem zuvor benannten Zweck einverstanden. Der Datenerhebung und -speicherung kann jederzeit mit Wirkung f\u00fcr die Zukunft widersprochen werden. Angesichts der Diskussion um den Einsatz von Analysetools mit vollst\u00e4ndigen IP-Adressen m\u00f6chten wir darauf hinweisen, dass diese Website Google Analytics mit der Erweiterung \u201e_anonymizeIp()&#8221; verwendet und daher IP-Adressen nur gek\u00fcrzt weiterverarbeitet werden, um eine direkte Personenbeziehbarkeit auszuschlie\u00dfen.<\/p>\n\n\n\n<p><strong>Facebook-Pixel<\/strong><br>Mit Hilfe des Facebook-Pixels ist es Facebook m\u00f6glich, die Besucher*innen unseres Angebotes als Zielgruppe f\u00fcr die Darstellung von Anzeigen, sog. \u201eFacebook-Ads\u201c zu bestimmen. Der Facebook-Pixel wird beim Aufruf unserer Website unmittelbar durch Facebook eingebunden und k\u00f6nnen auf Ihrem Ger\u00e4t ein sog. Cookie, d.h. eine kleine Datei abspeichern.<\/p>\n\n\n\n<p><strong>Yumpu<\/strong><br>Yumpu ist eine digitale Plattform zur Ver\u00f6ffentlichung von Zeitschriften, Brosch\u00fcren oder Kataloge.<br>Datenschutzerkl\u00e4rung von Yumpu: <a href=\"https:\/\/helpcenter.yumpu.com\/en\/articles\/2032220-dsgvo-passus-webkiosk-mit-yumpu-com-und-custom-doma\" target=\"_blank\" rel=\"noreferrer noopener\">https:\/\/helpcenter.yumpu.com\/en\/articles\/2032220-dsgvo-passus-webkiosk-mit-yumpu-com-und-custom-doma<\/a>in<\/p>\n\n\n\n<p>Weitere Informationen zum Datenschutz finden Sie <a href=\"https:\/\/www.fh-kaernten.at\/datenschutz\">hier<\/a>.<br>F\u00fcr Fragen und Anliegen im Zusammenhang mit dem Datenschutz an der FH K\u00e4rnten steht Ihnen gerne unsere interne Ansprechperson zur Verf\u00fcgung, welche Sie per E-Mail unter <a href=\"javascript:linkTo_UnCryptMailto(%27kygjrm8byrclqafsrxYdf%2Biycplrcl%2Cyr%27);\">datenschutz@fh-kaernten.at<\/a> erreichen k\u00f6nnen.<\/p>\n","protected":false},"excerpt":{"rendered":"<p>Informationspflicht lt. \u00a7 5 Abs. 1 E-Commerce Gesetz bzw. Offenlegung lt. \u00a7\u00a7 24 und 25 Mediengesetz Medieninhaber: FH K\u00e4rnten &#8211; gemeinn\u00fctzige Gesellschaft [&hellip;]<\/p>\n","protected":false},"author":48,"featured_media":0,"parent":0,"menu_order":0,"comment_status":"closed","ping_status":"closed","template":"","meta":{"inline_featured_image":false,"footnotes":""},"class_list":["post-178","page","type-page","status-publish","hentry"],"_links":{"self":[{"href":"https:\/\/blog.fh-kaernten.at\/international-programs\/wp-json\/wp\/v2\/pages\/178","targetHints":{"allow":["GET"]}}],"collection":[{"href":"https:\/\/blog.fh-kaernten.at\/international-programs\/wp-json\/wp\/v2\/pages"}],"about":[{"href":"https:\/\/blog.fh-kaernten.at\/international-programs\/wp-json\/wp\/v2\/types\/page"}],"author":[{"embeddable":true,"href":"https:\/\/blog.fh-kaernten.at\/international-programs\/wp-json\/wp\/v2\/users\/48"}],"replies":[{"embeddable":true,"href":"https:\/\/blog.fh-kaernten.at\/international-programs\/wp-json\/wp\/v2\/comments?post=178"}],"version-history":[{"count":0,"href":"https:\/\/blog.fh-kaernten.at\/international-programs\/wp-json\/wp\/v2\/pages\/178\/revisions"}],"wp:attachment":[{"href":"https:\/\/blog.fh-kaernten.at\/international-programs\/wp-json\/wp\/v2\/media?parent=178"}],"curies":[{"name":"wp","href":"https:\/\/api.w.org\/{rel}","templated":true}]}}