{"id":893,"date":"2026-01-29T18:35:31","date_gmt":"2026-01-29T17:35:31","guid":{"rendered":"https:\/\/blog.fh-kaernten.at\/gruendergarage\/?page_id=893"},"modified":"2026-01-29T18:36:55","modified_gmt":"2026-01-29T17:36:55","slug":"vor-gruenden-rueckblick","status":"publish","type":"page","link":"https:\/\/blog.fh-kaernten.at\/gruendergarage\/vor-gruenden-rueckblick\/","title":{"rendered":"vor.GR\u00dcNDEN \u2013 R\u00fcckblick"},"content":{"rendered":"\t\t<div data-elementor-type=\"wp-page\" data-elementor-id=\"893\" class=\"elementor elementor-893\">\n\t\t\t\t\t\t<section class=\"elementor-section elementor-top-section elementor-element elementor-element-877f236 elementor-section-boxed elementor-section-height-default elementor-section-height-default\" data-id=\"877f236\" data-element_type=\"section\" data-e-type=\"section\">\n\t\t\t\t\t\t<div class=\"elementor-container elementor-column-gap-default\">\n\t\t\t\t\t<div class=\"elementor-column elementor-col-100 elementor-top-column elementor-element elementor-element-dc58a45\" data-id=\"dc58a45\" data-element_type=\"column\" data-e-type=\"column\">\n\t\t\t<div class=\"elementor-widget-wrap elementor-element-populated\">\n\t\t\t\t\t\t<div class=\"elementor-element elementor-element-ee1a9d4 elementor-widget elementor-widget-heading\" data-id=\"ee1a9d4\" data-element_type=\"widget\" data-e-type=\"widget\" data-widget_type=\"heading.default\">\n\t\t\t\t<div class=\"elementor-widget-container\">\n\t\t\t\t\t<h2 class=\"elementor-heading-title elementor-size-default\">vor.GR\u00dcNDEN \u2013R\u00fcckblick<\/h2>\t\t\t\t<\/div>\n\t\t\t\t<\/div>\n\t\t\t\t\t<\/div>\n\t\t<\/div>\n\t\t\t\t\t<\/div>\n\t\t<\/section>\n\t\t\t\t<section class=\"elementor-section elementor-top-section elementor-element elementor-element-13b0348 elementor-section-boxed elementor-section-height-default elementor-section-height-default\" data-id=\"13b0348\" data-element_type=\"section\" data-e-type=\"section\">\n\t\t\t\t\t\t<div class=\"elementor-container elementor-column-gap-default\">\n\t\t\t\t\t<div class=\"elementor-column elementor-col-100 elementor-top-column elementor-element elementor-element-4f35d55\" data-id=\"4f35d55\" data-element_type=\"column\" data-e-type=\"column\">\n\t\t\t<div class=\"elementor-widget-wrap elementor-element-populated\">\n\t\t\t\t\t\t<div class=\"elementor-element elementor-element-fb9ae93 elementor-widget elementor-widget-text-editor\" data-id=\"fb9ae93\" data-element_type=\"widget\" data-e-type=\"widget\" data-widget_type=\"text-editor.default\">\n\t\t\t\t<div class=\"elementor-widget-container\">\n\t\t\t\t\t\t\t\t\t<p class=\"x_MsoNormal\"><b data-olk-copy-source=\"MessageBody\">Vor.Gr\u00fcnden 2023:<\/b><\/p><p class=\"x_MsoNormal\">Im Mai 2023 wurden von Seiten der FH K\u00e4rnten <b>10 Gr\u00fcndungsvorhaben<\/b> beim KWF eingereicht. Alle 10 Gr\u00fcndungsideen wurden genehmigt und \u00a09 Gr\u00fcndungsvorhaben starteten mit Herbst 2023. Die Bandbreite der Projekte reicht von Social Entrepreneurship-Projekten, Green Future Projekten bis hin zu innovativen technischen Projekten. Das vor.Gr\u00fcnden-Programm 2023 z\u00e4hlt zu den erfolgreichsten vor.Gr\u00fcnden Programmen der letzten Jahre im Hinblick auf realisierte Gr\u00fcndungen. Insgesamt wurden sechs von neun Vorhaben erfolgreich ausgegr\u00fcndet.<\/p><p class=\"x_MsoNormal\"><b>Vor.Gr\u00fcnden 2024:<\/b><\/p><p class=\"x_MsoNormal\">Im Mai 2024 wurden von Seiten der FH K\u00e4rnten <b>7 Gr\u00fcndungsvorhaben<\/b> beim KWF eingereicht. Alle 7 Gr\u00fcndungsideen wurden genehmigt und alle 7 Gr\u00fcndungsvorhaben starteten mit Herbst 2024. Die Projekte reichen von Software\/Apps und KI-L\u00f6sungen \u00fcber Hardware\/Elektronik-Reuse bis zu Bio-\/Recycling- und Gesundheitsprodukten. Der Entwicklungsstand reicht von Konzept\/Prototyp bis bereits gegr\u00fcndeten Unternehmen mit Beta- bzw. Pilotphasen. Drei der 7 Gr\u00fcndungsvorhaben wurden ausgegr\u00fcndet, ein Gr\u00fcndungsvorhaben plant die Gr\u00fcndung f\u00fcr 2026.<\/p><p class=\"x_MsoNormal\"><b>Vor.Gr\u00fcnden 2025: <\/b><\/p><p class=\"x_MsoNormal\">Im Mai 2025 wurden von Seiten der FH K\u00e4rnten <b>9 Gr\u00fcndungsvorhaben <\/b>beim KWF eingereicht. Alle 9 Gr\u00fcndungsideen wurden genehmigt, allerdings hat ein Gr\u00fcnder sein Vorhaben zur\u00fcckgezogen. Somit starteten 8 Gr\u00fcndungsvorhaben. \u00a0Alle Projekte laufen aktuell. Inhaltlich reichen die Gr\u00fcndungsvorhaben von medizintechnischen Produkten, Lifestyle Produkten bis hin zu Produktions-Plattformen und Virtual Reality Anwendungen.<\/p>\t\t\t\t\t\t\t\t<\/div>\n\t\t\t\t<\/div>\n\t\t\t\t\t<\/div>\n\t\t<\/div>\n\t\t\t\t\t<\/div>\n\t\t<\/section>\n\t\t\t\t<\/div>\n\t\t","protected":false},"excerpt":{"rendered":"<p>vor.GR\u00dcNDEN \u2013R\u00fcckblick Vor.Gr\u00fcnden 2023: Im Mai 2023 wurden von Seiten der FH K\u00e4rnten 10 Gr\u00fcndungsvorhaben beim KWF eingereicht. Alle 10 Gr\u00fcndungsideen wurden [&hellip;]<\/p>\n","protected":false},"author":48,"featured_media":0,"parent":0,"menu_order":0,"comment_status":"closed","ping_status":"closed","template":"elementor_header_footer","meta":{"inline_featured_image":false,"footnotes":""},"class_list":["post-893","page","type-page","status-publish","hentry"],"yoast_head":"<!-- This site is optimized with the Yoast SEO plugin v27.4 - https:\/\/yoast.com\/product\/yoast-seo-wordpress\/ -->\n<title>vor.GR\u00dcNDEN \u2013 R\u00fcckblick - Initiative Gr\u00fcndergarage<\/title>\n<meta name=\"robots\" content=\"index, follow, max-snippet:-1, max-image-preview:large, max-video-preview:-1\" \/>\n<link rel=\"canonical\" href=\"https:\/\/blog.fh-kaernten.at\/gruendergarage\/vor-gruenden-rueckblick\/\" \/>\n<meta property=\"og:locale\" content=\"de_DE\" \/>\n<meta property=\"og:type\" content=\"article\" \/>\n<meta property=\"og:title\" content=\"vor.GR\u00dcNDEN \u2013 R\u00fcckblick - Initiative Gr\u00fcndergarage\" \/>\n<meta property=\"og:description\" content=\"vor.GR\u00dcNDEN \u2013R\u00fcckblick Vor.Gr\u00fcnden 2023: Im Mai 2023 wurden von Seiten der FH K\u00e4rnten 10 Gr\u00fcndungsvorhaben beim KWF eingereicht. Alle 10 Gr\u00fcndungsideen wurden [&hellip;]\" \/>\n<meta property=\"og:url\" content=\"https:\/\/blog.fh-kaernten.at\/gruendergarage\/vor-gruenden-rueckblick\/\" \/>\n<meta property=\"og:site_name\" content=\"Initiative Gr\u00fcndergarage\" \/>\n<meta property=\"article:modified_time\" content=\"2026-01-29T17:36:55+00:00\" \/>\n<meta name=\"twitter:card\" content=\"summary_large_image\" \/>\n<meta name=\"twitter:label1\" content=\"Gesch\u00e4tzte Lesezeit\" \/>\n\t<meta name=\"twitter:data1\" content=\"2\u00a0Minuten\" \/>\n<script type=\"application\/ld+json\" class=\"yoast-schema-graph\">{\"@context\":\"https:\\\/\\\/schema.org\",\"@graph\":[{\"@type\":\"WebPage\",\"@id\":\"https:\\\/\\\/blog.fh-kaernten.at\\\/gruendergarage\\\/vor-gruenden-rueckblick\\\/\",\"url\":\"https:\\\/\\\/blog.fh-kaernten.at\\\/gruendergarage\\\/vor-gruenden-rueckblick\\\/\",\"name\":\"vor.GR\u00dcNDEN \u2013 R\u00fcckblick - Initiative Gr\u00fcndergarage\",\"isPartOf\":{\"@id\":\"https:\\\/\\\/blog.fh-kaernten.at\\\/gruendergarage\\\/#website\"},\"datePublished\":\"2026-01-29T17:35:31+00:00\",\"dateModified\":\"2026-01-29T17:36:55+00:00\",\"breadcrumb\":{\"@id\":\"https:\\\/\\\/blog.fh-kaernten.at\\\/gruendergarage\\\/vor-gruenden-rueckblick\\\/#breadcrumb\"},\"inLanguage\":\"de\",\"potentialAction\":[{\"@type\":\"ReadAction\",\"target\":[\"https:\\\/\\\/blog.fh-kaernten.at\\\/gruendergarage\\\/vor-gruenden-rueckblick\\\/\"]}]},{\"@type\":\"BreadcrumbList\",\"@id\":\"https:\\\/\\\/blog.fh-kaernten.at\\\/gruendergarage\\\/vor-gruenden-rueckblick\\\/#breadcrumb\",\"itemListElement\":[{\"@type\":\"ListItem\",\"position\":1,\"name\":\"Startseite\",\"item\":\"https:\\\/\\\/blog.fh-kaernten.at\\\/gruendergarage\\\/\"},{\"@type\":\"ListItem\",\"position\":2,\"name\":\"vor.GR\u00dcNDEN \u2013 R\u00fcckblick\"}]},{\"@type\":\"WebSite\",\"@id\":\"https:\\\/\\\/blog.fh-kaernten.at\\\/gruendergarage\\\/#website\",\"url\":\"https:\\\/\\\/blog.fh-kaernten.at\\\/gruendergarage\\\/\",\"name\":\"Initiative Gr\u00fcndergarage\",\"description\":\"FH K\u00e4rnten\",\"potentialAction\":[{\"@type\":\"SearchAction\",\"target\":{\"@type\":\"EntryPoint\",\"urlTemplate\":\"https:\\\/\\\/blog.fh-kaernten.at\\\/gruendergarage\\\/?s={search_term_string}\"},\"query-input\":{\"@type\":\"PropertyValueSpecification\",\"valueRequired\":true,\"valueName\":\"search_term_string\"}}],\"inLanguage\":\"de\"}]}<\/script>\n<!-- \/ Yoast SEO plugin. -->","yoast_head_json":{"title":"vor.GR\u00dcNDEN \u2013 R\u00fcckblick - Initiative Gr\u00fcndergarage","robots":{"index":"index","follow":"follow","max-snippet":"max-snippet:-1","max-image-preview":"max-image-preview:large","max-video-preview":"max-video-preview:-1"},"canonical":"https:\/\/blog.fh-kaernten.at\/gruendergarage\/vor-gruenden-rueckblick\/","og_locale":"de_DE","og_type":"article","og_title":"vor.GR\u00dcNDEN \u2013 R\u00fcckblick - Initiative Gr\u00fcndergarage","og_description":"vor.GR\u00dcNDEN \u2013R\u00fcckblick Vor.Gr\u00fcnden 2023: Im Mai 2023 wurden von Seiten der FH K\u00e4rnten 10 Gr\u00fcndungsvorhaben beim KWF eingereicht. Alle 10 Gr\u00fcndungsideen wurden [&hellip;]","og_url":"https:\/\/blog.fh-kaernten.at\/gruendergarage\/vor-gruenden-rueckblick\/","og_site_name":"Initiative Gr\u00fcndergarage","article_modified_time":"2026-01-29T17:36:55+00:00","twitter_card":"summary_large_image","twitter_misc":{"Gesch\u00e4tzte Lesezeit":"2\u00a0Minuten"},"schema":{"@context":"https:\/\/schema.org","@graph":[{"@type":"WebPage","@id":"https:\/\/blog.fh-kaernten.at\/gruendergarage\/vor-gruenden-rueckblick\/","url":"https:\/\/blog.fh-kaernten.at\/gruendergarage\/vor-gruenden-rueckblick\/","name":"vor.GR\u00dcNDEN \u2013 R\u00fcckblick - Initiative Gr\u00fcndergarage","isPartOf":{"@id":"https:\/\/blog.fh-kaernten.at\/gruendergarage\/#website"},"datePublished":"2026-01-29T17:35:31+00:00","dateModified":"2026-01-29T17:36:55+00:00","breadcrumb":{"@id":"https:\/\/blog.fh-kaernten.at\/gruendergarage\/vor-gruenden-rueckblick\/#breadcrumb"},"inLanguage":"de","potentialAction":[{"@type":"ReadAction","target":["https:\/\/blog.fh-kaernten.at\/gruendergarage\/vor-gruenden-rueckblick\/"]}]},{"@type":"BreadcrumbList","@id":"https:\/\/blog.fh-kaernten.at\/gruendergarage\/vor-gruenden-rueckblick\/#breadcrumb","itemListElement":[{"@type":"ListItem","position":1,"name":"Startseite","item":"https:\/\/blog.fh-kaernten.at\/gruendergarage\/"},{"@type":"ListItem","position":2,"name":"vor.GR\u00dcNDEN \u2013 R\u00fcckblick"}]},{"@type":"WebSite","@id":"https:\/\/blog.fh-kaernten.at\/gruendergarage\/#website","url":"https:\/\/blog.fh-kaernten.at\/gruendergarage\/","name":"Initiative Gr\u00fcndergarage","description":"FH K\u00e4rnten","potentialAction":[{"@type":"SearchAction","target":{"@type":"EntryPoint","urlTemplate":"https:\/\/blog.fh-kaernten.at\/gruendergarage\/?s={search_term_string}"},"query-input":{"@type":"PropertyValueSpecification","valueRequired":true,"valueName":"search_term_string"}}],"inLanguage":"de"}]}},"_links":{"self":[{"href":"https:\/\/blog.fh-kaernten.at\/gruendergarage\/wp-json\/wp\/v2\/pages\/893","targetHints":{"allow":["GET"]}}],"collection":[{"href":"https:\/\/blog.fh-kaernten.at\/gruendergarage\/wp-json\/wp\/v2\/pages"}],"about":[{"href":"https:\/\/blog.fh-kaernten.at\/gruendergarage\/wp-json\/wp\/v2\/types\/page"}],"author":[{"embeddable":true,"href":"https:\/\/blog.fh-kaernten.at\/gruendergarage\/wp-json\/wp\/v2\/users\/48"}],"replies":[{"embeddable":true,"href":"https:\/\/blog.fh-kaernten.at\/gruendergarage\/wp-json\/wp\/v2\/comments?post=893"}],"version-history":[{"count":0,"href":"https:\/\/blog.fh-kaernten.at\/gruendergarage\/wp-json\/wp\/v2\/pages\/893\/revisions"}],"wp:attachment":[{"href":"https:\/\/blog.fh-kaernten.at\/gruendergarage\/wp-json\/wp\/v2\/media?parent=893"}],"curies":[{"name":"wp","href":"https:\/\/api.w.org\/{rel}","templated":true}]}}