{"id":133,"date":"2023-05-17T18:01:30","date_gmt":"2023-05-17T16:01:30","guid":{"rendered":"https:\/\/blog.fh-kaernten.at\/emv\/?page_id=133"},"modified":"2023-07-10T11:52:18","modified_gmt":"2023-07-10T09:52:18","slug":"impressum","status":"publish","type":"page","link":"https:\/\/blog.fh-kaernten.at\/emv\/impressum\/","title":{"rendered":"Impressum"},"content":{"rendered":"\t\t<div data-elementor-type=\"wp-page\" data-elementor-id=\"133\" class=\"elementor elementor-133\" data-elementor-post-type=\"page\">\n\t\t\t\t\t\t<section class=\"elementor-section elementor-top-section elementor-element elementor-element-e16188f elementor-section-boxed elementor-section-height-default elementor-section-height-default\" data-id=\"e16188f\" data-element_type=\"section\" data-e-type=\"section\">\n\t\t\t\t\t\t<div class=\"elementor-container elementor-column-gap-default\">\n\t\t\t\t\t<div class=\"elementor-column elementor-col-100 elementor-top-column elementor-element elementor-element-41f6a10\" data-id=\"41f6a10\" data-element_type=\"column\" data-e-type=\"column\">\n\t\t\t<div class=\"elementor-widget-wrap elementor-element-populated\">\n\t\t\t\t\t\t<div class=\"elementor-element elementor-element-0c252c5 elementor-widget elementor-widget-heading\" data-id=\"0c252c5\" data-element_type=\"widget\" data-e-type=\"widget\" data-widget_type=\"heading.default\">\n\t\t\t\t\t<h2 class=\"elementor-heading-title elementor-size-default\">Impressum<\/h2>\t\t\t\t<\/div>\n\t\t\t\t\t<\/div>\n\t\t<\/div>\n\t\t\t\t\t<\/div>\n\t\t<\/section>\n\t\t\t\t<section class=\"elementor-section elementor-top-section elementor-element elementor-element-23c6408 elementor-section-boxed elementor-section-height-default elementor-section-height-default\" data-id=\"23c6408\" data-element_type=\"section\" data-e-type=\"section\">\n\t\t\t\t\t\t<div class=\"elementor-container elementor-column-gap-default\">\n\t\t\t\t\t<div class=\"elementor-column elementor-col-100 elementor-top-column elementor-element elementor-element-1253dd2\" data-id=\"1253dd2\" data-element_type=\"column\" data-e-type=\"column\">\n\t\t\t<div class=\"elementor-widget-wrap elementor-element-populated\">\n\t\t\t\t\t\t<div class=\"elementor-element elementor-element-56db36d elementor-widget elementor-widget-text-editor\" data-id=\"56db36d\" data-element_type=\"widget\" data-e-type=\"widget\" data-widget_type=\"text-editor.default\">\n\t\t\t\t\t\t\t\t\t<div class=\"entry-content\"><p>Impressum\/Informationspflicht lt. \u00a7 5 Abs. 1 E-Commerce Gesetz<\/p><p><strong>Forschungsgesellschaft der FH K\u00e4rnten mbH<br \/><\/strong>Villacher Stra\u00dfe 1, 9800 Spittal\/Drau<br \/>T: +43 5 90500 2644<br \/>E: <a href=\"mailto:emv@fh-kaernten.at\">emv@fh-kaernten.at<\/a><\/p><p><strong>Standort<\/strong><\/p><p>Europastra\u00dfe 3a, 9524 Villach.<br \/>Eingetragen im Firmenbuch des Landgerichts Klagenfurt, FN 141 367v, LG Klagenfurt<br \/>UID-Nr: ATU 40746804<br \/>IBAN\u00a0\u00a0\u00a0\u00a0\u00a0 AT43 1100 0028 1343 4400<br \/>BIC\u00a0\u00a0\u00a0\u00a0\u00a0\u00a0\u00a0\u00a0 BKAUATWW<\/p><p><strong>Haftung und Copyright<\/strong><\/p><p>S\u00e4mtliche Texte auf dem Blog der Forschungsgesellschaft der FH K\u00e4rnten wurden sorgf\u00e4ltig gepr\u00fcft. Dessen ungeachtet kann keine Garantie f\u00fcr die Richtigkeit, Vollst\u00e4ndigkeit und Aktualit\u00e4t der Angaben \u00fcbernommen werden. Eine Haftung der Forschungsgesellschaft wird daher ausgeschlossen. Die Links zu anderen Webseiten wurden sorgf\u00e4ltig ausgew\u00e4hlt. Da die Forschungsgesellschaft auf deren Inhalt keinen Einfluss hat, \u00fcbernimmt die Forschungsgesellschaft daf\u00fcr keine Verantwortung. Die Forschungsgesellschaft haftet dar\u00fcber hinaus nicht f\u00fcr unautorisierte Bewerbung ihrer Angebote.<br \/>\u00a9 Das Copyright liegt bei der Forschungsgesellschaft der FH K\u00e4rnten mbH.<\/p><p><strong>Fotocredits: <\/strong>EMV Labor<\/p><p>Die FH K\u00e4rnten geht mit Ihren personenbezogenen Daten sorgf\u00e4ltig und gewissenhaft um. Bei der Datenverarbeitung beachten wir die rechtlichen nationalen und europ\u00e4ischen Datenschutzbestimmungen. Alle Daten werden auf Servern gespeichert, die mit einem hohen Sicherheitsstandard betrieben und vor dem Zugriff unberechtigter Personen und Missbrauch gesch\u00fctzt werden.<\/p><p>F\u00fcr Fragen und Anliegen in Zusammenhang mit dem Datenschutz an der FH K\u00e4rnten steht Ihnen gerne unsere interne Ansprechperson zur Verf\u00fcgung, welche Sie per E-Mail unter <a href=\"mailto:datenschutz@fh-kaernten.at\">datenschutz@fh-kaernten.at<\/a> erreichen k\u00f6nnen.<\/p><\/div>\t\t\t\t\t\t\t\t<\/div>\n\t\t\t\t\t<\/div>\n\t\t<\/div>\n\t\t\t\t\t<\/div>\n\t\t<\/section>\n\t\t\t\t<\/div>\n\t\t","protected":false},"excerpt":{"rendered":"<p>Impressum Impressum\/Informationspflicht lt. \u00a7 5 Abs. 1 E-Commerce Gesetz Forschungsgesellschaft der FH K\u00e4rnten mbHVillacher Stra\u00dfe 1, 9800 Spittal\/DrauT: +43 5 90500 2644E: [&hellip;]<\/p>\n","protected":false},"author":48,"featured_media":0,"parent":0,"menu_order":0,"comment_status":"closed","ping_status":"closed","template":"elementor_header_footer","meta":{"inline_featured_image":false,"footnotes":""},"class_list":["post-133","page","type-page","status-publish","hentry"],"yoast_head":"<!-- This site is optimized with the Yoast SEO plugin v27.5 - https:\/\/yoast.com\/product\/yoast-seo-wordpress\/ -->\n<title>Impressum - EMV \u2013 Mess- und Pr\u00fcflabor<\/title>\n<meta name=\"robots\" content=\"index, follow, max-snippet:-1, max-image-preview:large, max-video-preview:-1\" \/>\n<link rel=\"canonical\" href=\"https:\/\/blog.fh-kaernten.at\/emv\/impressum\/\" \/>\n<meta property=\"og:locale\" content=\"de_DE\" \/>\n<meta property=\"og:type\" content=\"article\" \/>\n<meta property=\"og:title\" content=\"Impressum - EMV \u2013 Mess- und Pr\u00fcflabor\" \/>\n<meta property=\"og:description\" content=\"Impressum Impressum\/Informationspflicht lt. \u00a7 5 Abs. 1 E-Commerce Gesetz Forschungsgesellschaft der FH K\u00e4rnten mbHVillacher Stra\u00dfe 1, 9800 Spittal\/DrauT: +43 5 90500 2644E: [&hellip;]\" \/>\n<meta property=\"og:url\" content=\"https:\/\/blog.fh-kaernten.at\/emv\/impressum\/\" \/>\n<meta property=\"og:site_name\" content=\"EMV \u2013 Mess- und Pr\u00fcflabor\" \/>\n<meta property=\"article:modified_time\" content=\"2023-07-10T09:52:18+00:00\" \/>\n<meta name=\"twitter:card\" content=\"summary_large_image\" \/>\n<meta name=\"twitter:label1\" content=\"Gesch\u00e4tzte Lesezeit\" \/>\n\t<meta name=\"twitter:data1\" content=\"2\u00a0Minuten\" \/>\n<script type=\"application\/ld+json\" class=\"yoast-schema-graph\">{\"@context\":\"https:\\\/\\\/schema.org\",\"@graph\":[{\"@type\":\"WebPage\",\"@id\":\"https:\\\/\\\/blog.fh-kaernten.at\\\/emv\\\/impressum\\\/\",\"url\":\"https:\\\/\\\/blog.fh-kaernten.at\\\/emv\\\/impressum\\\/\",\"name\":\"Impressum - EMV \u2013 Mess- und Pr\u00fcflabor\",\"isPartOf\":{\"@id\":\"https:\\\/\\\/blog.fh-kaernten.at\\\/emv\\\/#website\"},\"datePublished\":\"2023-05-17T16:01:30+00:00\",\"dateModified\":\"2023-07-10T09:52:18+00:00\",\"breadcrumb\":{\"@id\":\"https:\\\/\\\/blog.fh-kaernten.at\\\/emv\\\/impressum\\\/#breadcrumb\"},\"inLanguage\":\"de\",\"potentialAction\":[{\"@type\":\"ReadAction\",\"target\":[\"https:\\\/\\\/blog.fh-kaernten.at\\\/emv\\\/impressum\\\/\"]}]},{\"@type\":\"BreadcrumbList\",\"@id\":\"https:\\\/\\\/blog.fh-kaernten.at\\\/emv\\\/impressum\\\/#breadcrumb\",\"itemListElement\":[{\"@type\":\"ListItem\",\"position\":1,\"name\":\"Startseite\",\"item\":\"https:\\\/\\\/blog.fh-kaernten.at\\\/emv\\\/\"},{\"@type\":\"ListItem\",\"position\":2,\"name\":\"Impressum\"}]},{\"@type\":\"WebSite\",\"@id\":\"https:\\\/\\\/blog.fh-kaernten.at\\\/emv\\\/#website\",\"url\":\"https:\\\/\\\/blog.fh-kaernten.at\\\/emv\\\/\",\"name\":\"EMV \u2013 Mess- und Pr\u00fcflabor\",\"description\":\"Europastra\u00dfe 3a, A-9524 Villach\",\"potentialAction\":[{\"@type\":\"SearchAction\",\"target\":{\"@type\":\"EntryPoint\",\"urlTemplate\":\"https:\\\/\\\/blog.fh-kaernten.at\\\/emv\\\/?s={search_term_string}\"},\"query-input\":{\"@type\":\"PropertyValueSpecification\",\"valueRequired\":true,\"valueName\":\"search_term_string\"}}],\"inLanguage\":\"de\"}]}<\/script>\n<!-- \/ Yoast SEO plugin. -->","yoast_head_json":{"title":"Impressum - EMV \u2013 Mess- und Pr\u00fcflabor","robots":{"index":"index","follow":"follow","max-snippet":"max-snippet:-1","max-image-preview":"max-image-preview:large","max-video-preview":"max-video-preview:-1"},"canonical":"https:\/\/blog.fh-kaernten.at\/emv\/impressum\/","og_locale":"de_DE","og_type":"article","og_title":"Impressum - EMV \u2013 Mess- und Pr\u00fcflabor","og_description":"Impressum Impressum\/Informationspflicht lt. \u00a7 5 Abs. 1 E-Commerce Gesetz Forschungsgesellschaft der FH K\u00e4rnten mbHVillacher Stra\u00dfe 1, 9800 Spittal\/DrauT: +43 5 90500 2644E: [&hellip;]","og_url":"https:\/\/blog.fh-kaernten.at\/emv\/impressum\/","og_site_name":"EMV \u2013 Mess- und Pr\u00fcflabor","article_modified_time":"2023-07-10T09:52:18+00:00","twitter_card":"summary_large_image","twitter_misc":{"Gesch\u00e4tzte Lesezeit":"2\u00a0Minuten"},"schema":{"@context":"https:\/\/schema.org","@graph":[{"@type":"WebPage","@id":"https:\/\/blog.fh-kaernten.at\/emv\/impressum\/","url":"https:\/\/blog.fh-kaernten.at\/emv\/impressum\/","name":"Impressum - EMV \u2013 Mess- und Pr\u00fcflabor","isPartOf":{"@id":"https:\/\/blog.fh-kaernten.at\/emv\/#website"},"datePublished":"2023-05-17T16:01:30+00:00","dateModified":"2023-07-10T09:52:18+00:00","breadcrumb":{"@id":"https:\/\/blog.fh-kaernten.at\/emv\/impressum\/#breadcrumb"},"inLanguage":"de","potentialAction":[{"@type":"ReadAction","target":["https:\/\/blog.fh-kaernten.at\/emv\/impressum\/"]}]},{"@type":"BreadcrumbList","@id":"https:\/\/blog.fh-kaernten.at\/emv\/impressum\/#breadcrumb","itemListElement":[{"@type":"ListItem","position":1,"name":"Startseite","item":"https:\/\/blog.fh-kaernten.at\/emv\/"},{"@type":"ListItem","position":2,"name":"Impressum"}]},{"@type":"WebSite","@id":"https:\/\/blog.fh-kaernten.at\/emv\/#website","url":"https:\/\/blog.fh-kaernten.at\/emv\/","name":"EMV \u2013 Mess- und Pr\u00fcflabor","description":"Europastra\u00dfe 3a, A-9524 Villach","potentialAction":[{"@type":"SearchAction","target":{"@type":"EntryPoint","urlTemplate":"https:\/\/blog.fh-kaernten.at\/emv\/?s={search_term_string}"},"query-input":{"@type":"PropertyValueSpecification","valueRequired":true,"valueName":"search_term_string"}}],"inLanguage":"de"}]}},"_links":{"self":[{"href":"https:\/\/blog.fh-kaernten.at\/emv\/wp-json\/wp\/v2\/pages\/133","targetHints":{"allow":["GET"]}}],"collection":[{"href":"https:\/\/blog.fh-kaernten.at\/emv\/wp-json\/wp\/v2\/pages"}],"about":[{"href":"https:\/\/blog.fh-kaernten.at\/emv\/wp-json\/wp\/v2\/types\/page"}],"author":[{"embeddable":true,"href":"https:\/\/blog.fh-kaernten.at\/emv\/wp-json\/wp\/v2\/users\/48"}],"replies":[{"embeddable":true,"href":"https:\/\/blog.fh-kaernten.at\/emv\/wp-json\/wp\/v2\/comments?post=133"}],"version-history":[{"count":0,"href":"https:\/\/blog.fh-kaernten.at\/emv\/wp-json\/wp\/v2\/pages\/133\/revisions"}],"wp:attachment":[{"href":"https:\/\/blog.fh-kaernten.at\/emv\/wp-json\/wp\/v2\/media?parent=133"}],"curies":[{"name":"wp","href":"https:\/\/api.w.org\/{rel}","templated":true}]}}