{"id":903,"date":"2019-12-02T12:39:22","date_gmt":"2019-12-02T11:39:22","guid":{"rendered":"http:\/\/blog.fh-kaernten.at\/demenzfreundliche-modellgemeinden\/?page_id=903"},"modified":"2019-12-12T16:10:32","modified_gmt":"2019-12-12T15:10:32","slug":"wissenschaftliche-begleitung","status":"publish","type":"page","link":"https:\/\/blog.fh-kaernten.at\/demenzfreundliche-modellgemeinden\/wissenschaftliche-begleitung\/","title":{"rendered":"Wissenschaftliche Begleitung"},"content":{"rendered":"<h3 style=\"text-align: center\">Aktion und Reflexion \u2013 AkteurInnen und Co-ForscherInnen in einer sorgenden Gemeinde<\/h3>\n<p>&nbsp;<\/p>\n<p style=\"text-align: justify\">Die sozialwissenschaftliche Begleitung des Projektes basiert auf einem Community-Based Participatory Research (CBPR) &#8211; Ansatz (s. von Unger, 2014, S. 27ff.). Die gleichberechtigte Beteiligung von Praxis- und CommunitypartnerInnen bezieht sich auf die verschiedenen Phasen im Forschungsprozess:<\/p>\n<p style=\"text-align: justify\">Ausgehend von einer gemeinsamen Entwicklung der Fragestellung und Zielsetzung, \u00fcber die Konzeption und Umsetzung von Ma\u00dfnahmen einerseits auf Ebene der Interventionen zur F\u00f6rderung einer demenzfreundlichen Lebenswelt und andererseits auf Ebene der empirischen Erhebung zur Wirkung dieser Ma\u00dfnahmen, hin zu einer gemeinsamen Reflexion und Pr\u00e4sentation der Ergebnisse. Empowerment und Kapazit\u00e4tsentwicklung hin zu einer &#8222;Sorgenden Gemeinde&#8220; haben dabei zentralen Stellenwert. Basierend auf der Grundhaltung der Aktionsforschung flie\u00dfen in dieser integrierten Form der Begleitung Ergebnisse aus der B\u00fcrgerInnenbeteiligung in die Projektgestaltung mit ein.<\/p>\n<p style=\"text-align: justify\">Folgende Module werden umgesetzt:<\/p>\n<ul>\n<li style=\"text-align: justify\">Befragung der InterventionsteilnehmerInnen \u00fcber Schulungs- und Entlastungsma\u00dfnahmen<\/li>\n<li style=\"text-align: justify\">Aktivierende BewohnerInnenerhebung \u00fcber Wahrnehmung, Einsch\u00e4tzung und Nutzen der laufenden Aktivit\u00e4ten zur Entwicklung einer demenzfreundlichen Lebensumwelt, \u00fcber ihre Mitwirkungs- und Mitgestaltungsbereitschaft und W\u00fcnsche hinsichtlich weiterer Angebote in Form von problemzentrierten Interviews, offenem B\u00fcrgerInnenforum, Beobachtungen, Befragungen<\/li>\n<li style=\"text-align: justify\">Stakeholderworkshop und Zukunftskonferenz: Einsch\u00e4tzung Kapazit\u00e4tsent-wicklung und nachhaltige Verankerung, Netzwerkaufbau mit weiteren Gemeinden<\/li>\n<\/ul>\n<p>&nbsp;<\/p>\n<h5 style=\"text-align: justify\">Aktuelles<\/h5>\n<p style=\"text-align: justify\">Zurzeit sind die PraxispartnerInnen der Aktion Demenz Moosburg im Feld unterwegs um die Einsch\u00e4tzung von B\u00fcrgerinnen und B\u00fcrgern aus der Region zu den bisherigen Ma\u00dfnahmen und daraus resultierenden Entwicklungen zu erfassen. Ein standardisiertes Instrument kommt dabei zum Einsatz. Ebenso werden die Ergebnisse aus den qualitativen Befragungen gemeinsam reflektiert und interpretiert. Ein Nachhaltigkeitskonzept f\u00fcr die Entwicklung einer demenzfreundlichen Gemeinde wird gemeinsam erarbeitet und Anfang 2020 auch auf dieser Seite abrufbar sein.<\/p>\n<p><img fetchpriority=\"high\" decoding=\"async\" class=\"alignnone wp-image-918 size-medium\" alt=\"\" src=\"https:\/\/blog.fh-kaernten.at\/demenzfreundliche-modellgemeinden\/files\/2019\/12\/Bild1-300x168.jpg\" width=\"300\" height=\"168\" srcset=\"https:\/\/blog.fh-kaernten.at\/demenzfreundliche-modellgemeinden\/files\/2019\/12\/Bild1-300x168.jpg 300w, https:\/\/blog.fh-kaernten.at\/demenzfreundliche-modellgemeinden\/files\/2019\/12\/Bild1.jpg 416w\" sizes=\"(max-width: 300px) 100vw, 300px\" \/><\/p>\n","protected":false},"excerpt":{"rendered":"<p>Aktion und Reflexion \u2013 AkteurInnen und Co-ForscherInnen in einer sorgenden Gemeinde &nbsp; Die sozialwissenschaftliche Begleitung des Projektes basiert auf einem Community-Based Participatory Research (CBPR) &#8211; Ansatz (s. von Unger, 2014, S. 27ff.). Die gleichberechtigte Beteiligung von Praxis- und CommunitypartnerInnen bezieht sich auf die verschiedenen Phasen im Forschungsprozess: Ausgehend von einer<a class=\"moretag\" href=\"https:\/\/blog.fh-kaernten.at\/demenzfreundliche-modellgemeinden\/wissenschaftliche-begleitung\/\"> Weiterlesen<\/a><\/p>\n","protected":false},"author":153,"featured_media":0,"parent":0,"menu_order":0,"comment_status":"closed","ping_status":"closed","template":"","meta":{"inline_featured_image":false,"footnotes":""},"class_list":["post-903","page","type-page","status-publish","hentry"],"_links":{"self":[{"href":"https:\/\/blog.fh-kaernten.at\/demenzfreundliche-modellgemeinden\/wp-json\/wp\/v2\/pages\/903","targetHints":{"allow":["GET"]}}],"collection":[{"href":"https:\/\/blog.fh-kaernten.at\/demenzfreundliche-modellgemeinden\/wp-json\/wp\/v2\/pages"}],"about":[{"href":"https:\/\/blog.fh-kaernten.at\/demenzfreundliche-modellgemeinden\/wp-json\/wp\/v2\/types\/page"}],"author":[{"embeddable":true,"href":"https:\/\/blog.fh-kaernten.at\/demenzfreundliche-modellgemeinden\/wp-json\/wp\/v2\/users\/153"}],"replies":[{"embeddable":true,"href":"https:\/\/blog.fh-kaernten.at\/demenzfreundliche-modellgemeinden\/wp-json\/wp\/v2\/comments?post=903"}],"version-history":[{"count":0,"href":"https:\/\/blog.fh-kaernten.at\/demenzfreundliche-modellgemeinden\/wp-json\/wp\/v2\/pages\/903\/revisions"}],"wp:attachment":[{"href":"https:\/\/blog.fh-kaernten.at\/demenzfreundliche-modellgemeinden\/wp-json\/wp\/v2\/media?parent=903"}],"curies":[{"name":"wp","href":"https:\/\/api.w.org\/{rel}","templated":true}]}}