{"id":722,"date":"2019-11-15T11:30:39","date_gmt":"2019-11-15T10:30:39","guid":{"rendered":"http:\/\/blog.fh-kaernten.at\/demenzfreundliche-modellgemeinden\/?page_id=722"},"modified":"2021-05-06T07:26:51","modified_gmt":"2021-05-06T05:26:51","slug":"kaerntner-demenzmarsch","status":"publish","type":"page","link":"https:\/\/blog.fh-kaernten.at\/demenzfreundliche-modellgemeinden\/kaerntner-demenzmarsch\/","title":{"rendered":"K\u00e4rntner Demenzmarsch"},"content":{"rendered":"<p style=\"text-align: justify\"><span style=\"font-size: 18pt\">Sich bewegen und damit nicht nur sich selbst, sondern auch anderen Gutes tun! Das kann man beim allj\u00e4hrlichen K\u00e4rntner Demenzmarsch auf der Schlosswiese in Moosburg.<\/span><\/p>\n<p style=\"text-align: justify\"><span style=\"font-size: 14pt\"> Drehen Sie spazierend, walkend oder laufend ein paar Runden um das Schloss Moosburg, informieren Sie sich u.a. zum Thema Demenz und verbringen Sie ein paar Stunden in gem\u00fctlicher Atmosph\u00e4re. Die im Zuge der Veranstaltung gesammelten Spenden kommen dem Verein Aktion Moosburg zugute und flie\u00dfen in die Aufrechterhaltung der kostenlosen Angebote. <\/span><\/p>\n<p>&nbsp;<\/p>\n<p style=\"text-align: justify\"><em><span style=\"font-size: 18pt\">R\u00fcckschau und Ausblick:<\/span><\/em><\/p>\n<p style=\"text-align: justify\"><span style=\"font-size: 14pt\"><a href=\"https:\/\/blog.fh-kaernten.at\/demenzfreundliche-modellgemeinden\/1-termin-22-09-2018\/\">1. Marsch &#8211; 22.09.2018<\/a><\/span><\/p>\n<p style=\"text-align: justify\"><span style=\"font-size: 14pt\"><a href=\"https:\/\/blog.fh-kaernten.at\/demenzfreundliche-modellgemeinden\/2-kaerntner-demenzmarsch\/\">2. Marsch &#8211; 25.05.2019<\/a><\/span><\/p>\n<p style=\"text-align: justify\"><span style=\"font-size: 14pt\"><a href=\"https:\/\/blog.fh-kaernten.at\/demenzfreundliche-modellgemeinden\/3-termin\/\">3. Marsch <\/a><\/span><\/p>\n<p style=\"text-align: justify\">\n","protected":false},"excerpt":{"rendered":"<p>Sich bewegen und damit nicht nur sich selbst, sondern auch anderen Gutes tun! Das kann man beim allj\u00e4hrlichen K\u00e4rntner Demenzmarsch auf der Schlosswiese in Moosburg. Drehen Sie spazierend, walkend oder laufend ein paar Runden um das Schloss Moosburg, informieren Sie sich u.a. zum Thema Demenz und verbringen Sie ein paar<a class=\"moretag\" href=\"https:\/\/blog.fh-kaernten.at\/demenzfreundliche-modellgemeinden\/kaerntner-demenzmarsch\/\"> Weiterlesen<\/a><\/p>\n","protected":false},"author":153,"featured_media":0,"parent":0,"menu_order":0,"comment_status":"closed","ping_status":"closed","template":"","meta":{"inline_featured_image":false,"footnotes":""},"class_list":["post-722","page","type-page","status-publish","hentry"],"_links":{"self":[{"href":"https:\/\/blog.fh-kaernten.at\/demenzfreundliche-modellgemeinden\/wp-json\/wp\/v2\/pages\/722","targetHints":{"allow":["GET"]}}],"collection":[{"href":"https:\/\/blog.fh-kaernten.at\/demenzfreundliche-modellgemeinden\/wp-json\/wp\/v2\/pages"}],"about":[{"href":"https:\/\/blog.fh-kaernten.at\/demenzfreundliche-modellgemeinden\/wp-json\/wp\/v2\/types\/page"}],"author":[{"embeddable":true,"href":"https:\/\/blog.fh-kaernten.at\/demenzfreundliche-modellgemeinden\/wp-json\/wp\/v2\/users\/153"}],"replies":[{"embeddable":true,"href":"https:\/\/blog.fh-kaernten.at\/demenzfreundliche-modellgemeinden\/wp-json\/wp\/v2\/comments?post=722"}],"version-history":[{"count":0,"href":"https:\/\/blog.fh-kaernten.at\/demenzfreundliche-modellgemeinden\/wp-json\/wp\/v2\/pages\/722\/revisions"}],"wp:attachment":[{"href":"https:\/\/blog.fh-kaernten.at\/demenzfreundliche-modellgemeinden\/wp-json\/wp\/v2\/media?parent=722"}],"curies":[{"name":"wp","href":"https:\/\/api.w.org\/{rel}","templated":true}]}}