{"id":64,"date":"2018-03-09T09:30:30","date_gmt":"2018-03-09T08:30:30","guid":{"rendered":"http:\/\/blog.fh-kaernten.at\/demenzfreundliche-modellgemeinden\/?page_id=64"},"modified":"2019-11-15T18:51:36","modified_gmt":"2019-11-15T17:51:36","slug":"dr-max-heistinger-informiert","status":"publish","type":"page","link":"https:\/\/blog.fh-kaernten.at\/demenzfreundliche-modellgemeinden\/dr-max-heistinger-informiert\/","title":{"rendered":"Dr. Max Heistinger informiert"},"content":{"rendered":"<p style=\"text-align: justify\">Demenz, oder dementielle Entwicklung, ist eine Erkrankung, die immer h\u00e4ufiger auftritt. In \u00d6sterreich sind etwa 130.000 Menschen davon betroffen.<\/p>\n<p style=\"text-align: justify\">Eine fr\u00fchzeitige und m\u00f6glichst exakte Diagnose ist die wichtigste Voraussetzung zur weiteren Therapieplanung und Einsch\u00e4tzung des weiteren Verlaufs. Oft fragen Patienten von sich aus: &#8222;Glauben Sie, bin ich schon dement?&#8220;, wenn sie eine zunehmende Vergesslichkeit bemerken. Oder Angeh\u00f6rige \u00e4u\u00dfern entsprechende Bedenken, weil der oder die Betroffene sich so anders verh\u00e4lt, &#8222;so seltsam\u201c wird. Es ist wichtig, diese Hinweise ernst zu nehmen und entsprechende Untersuchungen einzuleiten.<\/p>\n<p style=\"text-align: justify\">Die heutigen medikament\u00f6sen Therapien sind sehr hilfreich, aber ihr Nutzen ist umstritten. Die Medikamente k\u00f6nnen viele Symptome lindern und das (Gemeinschafts-)leben erleichtern, eine kausale Therapie gibt es bis dato aber leider noch nicht.<\/p>\n<p style=\"text-align: justify\">Meistens handelt es sich bei den Patienten um \u00e4ltere, multimorbide Menschen. Das erschwert sowohl die Diagnostik, als auch die Therapie nicht unerheblich. Diese Patienten nehmen auch oft mehrere Wirkstoffe ein, deren Zusammenwirken nicht mehr voraussagbar ist, und die dann nicht selten auch mehr schaden als nutzen. Zahlreiche Studien belegen auch, dass nicht-medikament\u00f6se Therapiema\u00dfnahmen, wie k\u00f6rperliche Fitness, geistiges Training, ein stabiles soziales Umfeld etc., mindestens ebenso wirksam sein k\u00f6nnen.<\/p>\n<p style=\"text-align: justify\">Demenz betrifft mehr oder weniger alle Lebensaspekte. Insbesondere treten im Verlauf zunehmend soziale Probleme auf. Einerseits kommt es h\u00e4ufig zum sozialen R\u00fcckzug der Betroffenen, andererseits kann rasch eine \u00dcberforderung der betreuenden Personen eintreten. Beides gef\u00e4hrdet das weitere Leben des Erkrankten in seiner vertrauten Umgebung. Jede Ver\u00e4nderung des gewohnten Tagesablaufs kann aber wiederum zu einer gravierenden Verschlechterung der Symptomatik f\u00fchren. Hier bedarf es dringender Hilfestellung durch Information \u00fcber und Koordination von bereits verf\u00fcgbaren Unterst\u00fctzungs- und Entlastungsm\u00f6glichkeiten. Ebenso wichtig ist die weitere Entwicklung von Ma\u00dfnahmen, die den besonderen Bed\u00fcrfnissen demenzkranker Menschen entsprechen.<\/p>\n<p style=\"text-align: justify\">Unser Projekt &#8222;Demenzfreundliche Modellgemeinde Moosburg&#8220; m\u00f6chte hier ansetzen. Wir wollen zus\u00e4tzliche Impulse geben, und auch nicht unmittelbar Betroffene informieren und motivieren. Es bedarf der Mithilfe m\u00f6glichst aller, damit an Demenz erkrankte Mitb\u00fcrgerinnen und Mitb\u00fcrger m\u00f6glichst lange in ihrem gewohnten sozialen Umfeld leben k\u00f6nnen.<\/p>\n<p style=\"text-align: justify\">Mit freundlichen Gr\u00fc\u00dfen<\/p>\n<p style=\"text-align: justify\">Dr. Max Heistinger<\/p>\n","protected":false},"excerpt":{"rendered":"<p>Demenz, oder dementielle Entwicklung, ist eine Erkrankung, die immer h\u00e4ufiger auftritt. In \u00d6sterreich sind etwa 130.000 Menschen davon betroffen. Eine fr\u00fchzeitige und m\u00f6glichst exakte Diagnose ist die wichtigste Voraussetzung zur weiteren Therapieplanung und Einsch\u00e4tzung des weiteren Verlaufs. Oft fragen Patienten von sich aus: &#8222;Glauben Sie, bin ich schon dement?&#8220;, wenn<a class=\"moretag\" href=\"https:\/\/blog.fh-kaernten.at\/demenzfreundliche-modellgemeinden\/dr-max-heistinger-informiert\/\"> Weiterlesen<\/a><\/p>\n","protected":false},"author":48,"featured_media":0,"parent":0,"menu_order":0,"comment_status":"closed","ping_status":"closed","template":"","meta":{"inline_featured_image":false,"footnotes":""},"class_list":["post-64","page","type-page","status-publish","hentry"],"_links":{"self":[{"href":"https:\/\/blog.fh-kaernten.at\/demenzfreundliche-modellgemeinden\/wp-json\/wp\/v2\/pages\/64","targetHints":{"allow":["GET"]}}],"collection":[{"href":"https:\/\/blog.fh-kaernten.at\/demenzfreundliche-modellgemeinden\/wp-json\/wp\/v2\/pages"}],"about":[{"href":"https:\/\/blog.fh-kaernten.at\/demenzfreundliche-modellgemeinden\/wp-json\/wp\/v2\/types\/page"}],"author":[{"embeddable":true,"href":"https:\/\/blog.fh-kaernten.at\/demenzfreundliche-modellgemeinden\/wp-json\/wp\/v2\/users\/48"}],"replies":[{"embeddable":true,"href":"https:\/\/blog.fh-kaernten.at\/demenzfreundliche-modellgemeinden\/wp-json\/wp\/v2\/comments?post=64"}],"version-history":[{"count":0,"href":"https:\/\/blog.fh-kaernten.at\/demenzfreundliche-modellgemeinden\/wp-json\/wp\/v2\/pages\/64\/revisions"}],"wp:attachment":[{"href":"https:\/\/blog.fh-kaernten.at\/demenzfreundliche-modellgemeinden\/wp-json\/wp\/v2\/media?parent=64"}],"curies":[{"name":"wp","href":"https:\/\/api.w.org\/{rel}","templated":true}]}}