{"id":549,"date":"2019-01-11T09:24:33","date_gmt":"2019-01-11T08:24:33","guid":{"rendered":"http:\/\/blog.fh-kaernten.at\/demenzfreundliche-modellgemeinden\/?page_id=549"},"modified":"2019-12-02T13:16:21","modified_gmt":"2019-12-02T12:16:21","slug":"demenz-parrk-uhr","status":"publish","type":"page","link":"https:\/\/blog.fh-kaernten.at\/demenzfreundliche-modellgemeinden\/termine\/demenz-parrk-uhr\/","title":{"rendered":"Demenz ParRk-UhR"},"content":{"rendered":"<p><span style=\"font-size: 14pt\"><strong>Demenz ParRk-UhR<\/strong><\/span><\/p>\n<p><a href=\"https:\/\/blog.fh-kaernten.at\/demenzfreundliche-modellgemeinden\/files\/2019\/01\/Flyer-Demenz-ParkUhr.pdf\">Flyer Demenz ParRk-UhR<\/a><\/p>\n<p style=\"text-align: justify\" align=\"LEFT\">\u201eWir wollen Menschen, die Demenzerkrankte betreuen, vermitteln, was die Betroffenen im Verlauf ihrer Erkrankung durchmachen. Sie ins F\u00fchlen und Sp\u00fcren bringen, damit sie selbst am eigenen K\u00f6rper erfahren k\u00f6nnen, mit welchen Einschr\u00e4nkungen Demenzerkrankte im Alltag zurechtkommen m\u00fcssen.\u201c &#8211;\u00a0Mag.<sup>a<\/sup> Sabine Battistata, Obfrau Verein Aktion Demenz Moosburg<\/p>\n<p style=\"text-align: justify\" align=\"LEFT\">Mit der Demenz ParRk-UhR erm\u00f6glichen wir, dass Sie sich in die Lage von einer an Demenz erkrankten Person hineinversetzen k\u00f6nnen und selber erfahren, wie die einfachen Aufgaben im Alltag (Bluse zukn\u00f6pfen, Tabletten aus der Packung nehmen, Schuhe anziehen) nur mehr schwer gelingen und wie \u00dcberforderung entsteht.<\/p>\n<p>&nbsp;<\/p>\n","protected":false},"excerpt":{"rendered":"<p>Demenz ParRk-UhR Flyer Demenz ParRk-UhR \u201eWir wollen Menschen, die Demenzerkrankte betreuen, vermitteln, was die Betroffenen im Verlauf ihrer Erkrankung durchmachen. Sie ins F\u00fchlen und Sp\u00fcren bringen, damit sie selbst am eigenen K\u00f6rper erfahren k\u00f6nnen, mit welchen Einschr\u00e4nkungen Demenzerkrankte im Alltag zurechtkommen m\u00fcssen.\u201c &#8211;\u00a0Mag.a Sabine Battistata, Obfrau Verein Aktion Demenz Moosburg<a class=\"moretag\" href=\"https:\/\/blog.fh-kaernten.at\/demenzfreundliche-modellgemeinden\/termine\/demenz-parrk-uhr\/\"> Weiterlesen<\/a><\/p>\n","protected":false},"author":154,"featured_media":0,"parent":27,"menu_order":0,"comment_status":"closed","ping_status":"closed","template":"","meta":{"inline_featured_image":false,"footnotes":""},"class_list":["post-549","page","type-page","status-publish","hentry"],"_links":{"self":[{"href":"https:\/\/blog.fh-kaernten.at\/demenzfreundliche-modellgemeinden\/wp-json\/wp\/v2\/pages\/549","targetHints":{"allow":["GET"]}}],"collection":[{"href":"https:\/\/blog.fh-kaernten.at\/demenzfreundliche-modellgemeinden\/wp-json\/wp\/v2\/pages"}],"about":[{"href":"https:\/\/blog.fh-kaernten.at\/demenzfreundliche-modellgemeinden\/wp-json\/wp\/v2\/types\/page"}],"author":[{"embeddable":true,"href":"https:\/\/blog.fh-kaernten.at\/demenzfreundliche-modellgemeinden\/wp-json\/wp\/v2\/users\/154"}],"replies":[{"embeddable":true,"href":"https:\/\/blog.fh-kaernten.at\/demenzfreundliche-modellgemeinden\/wp-json\/wp\/v2\/comments?post=549"}],"version-history":[{"count":0,"href":"https:\/\/blog.fh-kaernten.at\/demenzfreundliche-modellgemeinden\/wp-json\/wp\/v2\/pages\/549\/revisions"}],"up":[{"embeddable":true,"href":"https:\/\/blog.fh-kaernten.at\/demenzfreundliche-modellgemeinden\/wp-json\/wp\/v2\/pages\/27"}],"wp:attachment":[{"href":"https:\/\/blog.fh-kaernten.at\/demenzfreundliche-modellgemeinden\/wp-json\/wp\/v2\/media?parent=549"}],"curies":[{"name":"wp","href":"https:\/\/api.w.org\/{rel}","templated":true}]}}