{"id":516,"date":"2018-11-13T12:16:00","date_gmt":"2018-11-13T11:16:00","guid":{"rendered":"http:\/\/blog.fh-kaernten.at\/demenzfreundliche-modellgemeinden\/?page_id=516"},"modified":"2019-11-16T10:05:36","modified_gmt":"2019-11-16T09:05:36","slug":"mitweltenschulungen","status":"publish","type":"page","link":"https:\/\/blog.fh-kaernten.at\/demenzfreundliche-modellgemeinden\/termine\/mitweltenschulungen\/","title":{"rendered":"Mitweltenschulungen \u201eIm Leben bleiben\u201c"},"content":{"rendered":"<p style=\"text-align: justify\">Die Schulung wird f\u00fcr verschiedene Berufsgruppen des \u00f6ffentlichen Bereiches (Gastronomie, Polizei, Feuerwehr, Handel, Apotheke, Bank, Gemeinde, Ordination etc.) angeboten. Die MitarbeiterInnen der jeweiligen Organisationen werden den Umgang mit an Demenz erkrankten Menschen f\u00fcr ihr spezielles Berufsumfeld lernen. F\u00fcr den jeweiligen Betrieb entstehen keine Kosten. Die Schulungen werden im Rahmen des Projektes \u201eDemenzfreundliche Modellgemeinde Moosburg\u201c finanziert und durchgef\u00fchrt.<\/p>\n<p>&nbsp;<\/p>\n<p><strong>Folgende Schulungsinhalte werden gelehrt:<\/strong><\/p>\n<p style=\"text-align: justify\">Was muss ich im Kontakt mit demenzerkrankten Menschen wissen, wie gehe ich mit ihnen w\u00fcrdevoll um, wie kann ich ihnen helfen bzw. sie unterst\u00fctzen, wo Unterst\u00fctzung notwendig ist.<\/p>\n<p>&nbsp;<\/p>\n<p><strong>Laufend auf Anfrage<\/strong><\/p>\n<p>Bei Interesse bitte Kontaktaufnahme mit Frau Mag.<sup>a<\/sup> Sabine Battistata, mobil: 0664 453 8330<\/p>\n","protected":false},"excerpt":{"rendered":"<p>Die Schulung wird f\u00fcr verschiedene Berufsgruppen des \u00f6ffentlichen Bereiches (Gastronomie, Polizei, Feuerwehr, Handel, Apotheke, Bank, Gemeinde, Ordination etc.) angeboten. Die MitarbeiterInnen der jeweiligen Organisationen werden den Umgang mit an Demenz erkrankten Menschen f\u00fcr ihr spezielles Berufsumfeld lernen. F\u00fcr den jeweiligen Betrieb entstehen keine Kosten. Die Schulungen werden im Rahmen des<a class=\"moretag\" href=\"https:\/\/blog.fh-kaernten.at\/demenzfreundliche-modellgemeinden\/termine\/mitweltenschulungen\/\"> Weiterlesen<\/a><\/p>\n","protected":false},"author":154,"featured_media":0,"parent":27,"menu_order":0,"comment_status":"closed","ping_status":"closed","template":"","meta":{"inline_featured_image":false,"footnotes":""},"class_list":["post-516","page","type-page","status-publish","hentry"],"_links":{"self":[{"href":"https:\/\/blog.fh-kaernten.at\/demenzfreundliche-modellgemeinden\/wp-json\/wp\/v2\/pages\/516","targetHints":{"allow":["GET"]}}],"collection":[{"href":"https:\/\/blog.fh-kaernten.at\/demenzfreundliche-modellgemeinden\/wp-json\/wp\/v2\/pages"}],"about":[{"href":"https:\/\/blog.fh-kaernten.at\/demenzfreundliche-modellgemeinden\/wp-json\/wp\/v2\/types\/page"}],"author":[{"embeddable":true,"href":"https:\/\/blog.fh-kaernten.at\/demenzfreundliche-modellgemeinden\/wp-json\/wp\/v2\/users\/154"}],"replies":[{"embeddable":true,"href":"https:\/\/blog.fh-kaernten.at\/demenzfreundliche-modellgemeinden\/wp-json\/wp\/v2\/comments?post=516"}],"version-history":[{"count":0,"href":"https:\/\/blog.fh-kaernten.at\/demenzfreundliche-modellgemeinden\/wp-json\/wp\/v2\/pages\/516\/revisions"}],"up":[{"embeddable":true,"href":"https:\/\/blog.fh-kaernten.at\/demenzfreundliche-modellgemeinden\/wp-json\/wp\/v2\/pages\/27"}],"wp:attachment":[{"href":"https:\/\/blog.fh-kaernten.at\/demenzfreundliche-modellgemeinden\/wp-json\/wp\/v2\/media?parent=516"}],"curies":[{"name":"wp","href":"https:\/\/api.w.org\/{rel}","templated":true}]}}