{"id":506,"date":"2018-11-13T12:05:22","date_gmt":"2018-11-13T11:05:22","guid":{"rendered":"http:\/\/blog.fh-kaernten.at\/demenzfreundliche-modellgemeinden\/?page_id=506"},"modified":"2020-06-09T11:20:27","modified_gmt":"2020-06-09T09:20:27","slug":"schulung-fuer-ehrenamtliche-demenzbegleitung","status":"publish","type":"page","link":"https:\/\/blog.fh-kaernten.at\/demenzfreundliche-modellgemeinden\/termine\/schulung-fuer-ehrenamtliche-demenzbegleitung\/","title":{"rendered":"Schulung f\u00fcr ehrenamtliche Demenzbegleitung"},"content":{"rendered":"<h5 style=\"text-align: justify\"><span style=\"color: #339966\">Neue Termine!<\/span><\/h5>\n<p style=\"text-align: justify\">Freitag, 02.10.2020 und Samstag, 03.10.2020 sowie<br \/>\nFreitag, 16.10.2020 und Samstag, 17.10.2020<\/p>\n<p style=\"text-align: justify\"><strong>Inhalte:<\/strong> Was genau ist eine Demenz? Welche Gespr\u00e4chstechniken gibt es und wie wendet man sie im Verlauf der Erkrankung an? Welche alltagsnahen, abwechslungsreichen Besch\u00e4ftigungsm\u00f6glichkeiten, abgestimmt auf das jeweilige Stadium, gibt es?<\/p>\n<p style=\"text-align: justify\"><strong>Weitere Infos:<\/strong> Mag.<sup>a<\/sup> Sabine Battistata, 0664 453 8330 oder auf dem <a href=\"https:\/\/blog.fh-kaernten.at\/demenzfreundliche-modellgemeinden\/files\/2019\/11\/Infoblatt_Demenzbegleitung_Fr\u00fchjahr2019.konkret.pdf\">Infoblatt zur Schulung<\/a><\/p>\n","protected":false},"excerpt":{"rendered":"<p>Neue Termine! Freitag, 02.10.2020 und Samstag, 03.10.2020 sowie Freitag, 16.10.2020 und Samstag, 17.10.2020 Inhalte: Was genau ist eine Demenz? Welche Gespr\u00e4chstechniken gibt es und wie wendet man sie im Verlauf der Erkrankung an? Welche alltagsnahen, abwechslungsreichen Besch\u00e4ftigungsm\u00f6glichkeiten, abgestimmt auf das jeweilige Stadium, gibt es? Weitere Infos: Mag.a Sabine Battistata, 0664<a class=\"moretag\" href=\"https:\/\/blog.fh-kaernten.at\/demenzfreundliche-modellgemeinden\/termine\/schulung-fuer-ehrenamtliche-demenzbegleitung\/\"> Weiterlesen<\/a><\/p>\n","protected":false},"author":154,"featured_media":0,"parent":27,"menu_order":0,"comment_status":"closed","ping_status":"closed","template":"","meta":{"inline_featured_image":false,"footnotes":""},"class_list":["post-506","page","type-page","status-publish","hentry"],"_links":{"self":[{"href":"https:\/\/blog.fh-kaernten.at\/demenzfreundliche-modellgemeinden\/wp-json\/wp\/v2\/pages\/506","targetHints":{"allow":["GET"]}}],"collection":[{"href":"https:\/\/blog.fh-kaernten.at\/demenzfreundliche-modellgemeinden\/wp-json\/wp\/v2\/pages"}],"about":[{"href":"https:\/\/blog.fh-kaernten.at\/demenzfreundliche-modellgemeinden\/wp-json\/wp\/v2\/types\/page"}],"author":[{"embeddable":true,"href":"https:\/\/blog.fh-kaernten.at\/demenzfreundliche-modellgemeinden\/wp-json\/wp\/v2\/users\/154"}],"replies":[{"embeddable":true,"href":"https:\/\/blog.fh-kaernten.at\/demenzfreundliche-modellgemeinden\/wp-json\/wp\/v2\/comments?post=506"}],"version-history":[{"count":0,"href":"https:\/\/blog.fh-kaernten.at\/demenzfreundliche-modellgemeinden\/wp-json\/wp\/v2\/pages\/506\/revisions"}],"up":[{"embeddable":true,"href":"https:\/\/blog.fh-kaernten.at\/demenzfreundliche-modellgemeinden\/wp-json\/wp\/v2\/pages\/27"}],"wp:attachment":[{"href":"https:\/\/blog.fh-kaernten.at\/demenzfreundliche-modellgemeinden\/wp-json\/wp\/v2\/media?parent=506"}],"curies":[{"name":"wp","href":"https:\/\/api.w.org\/{rel}","templated":true}]}}