{"id":467,"date":"2018-11-12T13:05:11","date_gmt":"2018-11-12T12:05:11","guid":{"rendered":"http:\/\/blog.fh-kaernten.at\/demenzfreundliche-modellgemeinden\/?page_id=467"},"modified":"2020-09-28T09:15:25","modified_gmt":"2020-09-28T07:15:25","slug":"tanzcafe","status":"publish","type":"page","link":"https:\/\/blog.fh-kaernten.at\/demenzfreundliche-modellgemeinden\/termine\/tanzcafe\/","title":{"rendered":"Generationencaf\u00e9 &#8222;Mit Schwung und guter Laune&#8220;"},"content":{"rendered":"<p style=\"text-align: justify\"><span style=\"color: #ff0000\">Im Sinne der Covid-19-Verordnungen ist eine Voranmeldung zu allen Terminen und Veranstaltungen bis auf Weiteres erforderlich, um alle Vorsichtsma\u00dfnahmen einhalten zu k\u00f6nnen. <span style=\"font-size: 10pt\">(28.09.2020)<\/span><\/span><\/p>\n<p>&nbsp;<\/p>\n<p style=\"text-align: justify\" align=\"LEFT\">Gemeinsam mit Freude Zeit verbringen, das wollen wir im Generationencaf\u00e9 \u201eMit Schwung und guter Laune\u201c. Das Generationencaf\u00e9 ist eine Veranstaltung f\u00fcr Jung und Alt, bei der Begegnung, Tanz und Geselligkeit im Mittelpunkt stehen.<\/p>\n<p style=\"text-align: justify\" align=\"LEFT\"><strong>Jede und jeder ist herzlich willkommen!<\/strong><\/p>\n<p style=\"text-align: justify\" align=\"LEFT\"><a href=\"https:\/\/blog.fh-kaernten.at\/demenzfreundliche-modellgemeinden\/2019\/03\/25\/auftakt-des-generationencafes\/\">Hier<\/a> finden Sie Bilder vom allerersten Generationencaf\u00e9 mit dem Thema &#8222;Fasching&#8220;, welches am 28. Februar 2019 im GH Karawankenblick stattgefunden hat!<\/p>\n<p style=\"text-align: justify\" align=\"LEFT\"><span style=\"font-size: 14pt\">Der letzte Termin im <strong>Jahr 2020<\/strong> ist:<\/span><\/p>\n<ul style=\"text-align: justify\">\n<li><strong>18. Dezember 2020: GH Eichwalder, Tigring<\/strong><\/li>\n<\/ul>\n<p style=\"text-align: justify\" align=\"LEFT\">Das Generationencaf\u00e9 findet <strong>jeweils von 15:00 &#8211; 17:00 Uhr<\/strong> statt.<\/p>\n<p style=\"text-align: justify\" align=\"LEFT\">Kommen Sie doch einfach vorbei, das Team des Generationencaf\u00e9s freut sich auf Sie!<\/p>\n<p align=\"LEFT\"><strong>Veranstalter: Team Aktion Demenz Moosburg<\/strong><\/p>\n<p style=\"text-align: justify\" align=\"LEFT\">Bei Fragen wenden Sie sich bitte gerne an Aktion Demenz Moosburg, Mag.<sup>a<\/sup> Sabine Battistata, Mobil: 0664 453 8330, E-Mail: werkstatt.des.alterns@gmail.com<\/p>\n","protected":false},"excerpt":{"rendered":"<p>Im Sinne der Covid-19-Verordnungen ist eine Voranmeldung zu allen Terminen und Veranstaltungen bis auf Weiteres erforderlich, um alle Vorsichtsma\u00dfnahmen einhalten zu k\u00f6nnen. (28.09.2020) &nbsp; Gemeinsam mit Freude Zeit verbringen, das wollen wir im Generationencaf\u00e9 \u201eMit Schwung und guter Laune\u201c. Das Generationencaf\u00e9 ist eine Veranstaltung f\u00fcr Jung und Alt, bei der<a class=\"moretag\" href=\"https:\/\/blog.fh-kaernten.at\/demenzfreundliche-modellgemeinden\/termine\/tanzcafe\/\"> Weiterlesen<\/a><\/p>\n","protected":false},"author":154,"featured_media":0,"parent":27,"menu_order":0,"comment_status":"closed","ping_status":"closed","template":"","meta":{"inline_featured_image":false,"footnotes":""},"class_list":["post-467","page","type-page","status-publish","hentry"],"_links":{"self":[{"href":"https:\/\/blog.fh-kaernten.at\/demenzfreundliche-modellgemeinden\/wp-json\/wp\/v2\/pages\/467","targetHints":{"allow":["GET"]}}],"collection":[{"href":"https:\/\/blog.fh-kaernten.at\/demenzfreundliche-modellgemeinden\/wp-json\/wp\/v2\/pages"}],"about":[{"href":"https:\/\/blog.fh-kaernten.at\/demenzfreundliche-modellgemeinden\/wp-json\/wp\/v2\/types\/page"}],"author":[{"embeddable":true,"href":"https:\/\/blog.fh-kaernten.at\/demenzfreundliche-modellgemeinden\/wp-json\/wp\/v2\/users\/154"}],"replies":[{"embeddable":true,"href":"https:\/\/blog.fh-kaernten.at\/demenzfreundliche-modellgemeinden\/wp-json\/wp\/v2\/comments?post=467"}],"version-history":[{"count":0,"href":"https:\/\/blog.fh-kaernten.at\/demenzfreundliche-modellgemeinden\/wp-json\/wp\/v2\/pages\/467\/revisions"}],"up":[{"embeddable":true,"href":"https:\/\/blog.fh-kaernten.at\/demenzfreundliche-modellgemeinden\/wp-json\/wp\/v2\/pages\/27"}],"wp:attachment":[{"href":"https:\/\/blog.fh-kaernten.at\/demenzfreundliche-modellgemeinden\/wp-json\/wp\/v2\/media?parent=467"}],"curies":[{"name":"wp","href":"https:\/\/api.w.org\/{rel}","templated":true}]}}