{"id":448,"date":"2018-11-12T11:37:35","date_gmt":"2018-11-12T10:37:35","guid":{"rendered":"http:\/\/blog.fh-kaernten.at\/demenzfreundliche-modellgemeinden\/?page_id=448"},"modified":"2020-09-29T09:20:41","modified_gmt":"2020-09-29T07:20:41","slug":"vortragsreihe","status":"publish","type":"page","link":"https:\/\/blog.fh-kaernten.at\/demenzfreundliche-modellgemeinden\/termine\/vortragsreihe\/","title":{"rendered":"Vortragsreihe &#8222;Demenz braucht Dich&#8220;"},"content":{"rendered":"<p style=\"text-align: justify\"><span style=\"font-size: 14pt;color: #ff0000\">Im Sinne der Covid-19-Verordnungen ist eine Voranmeldung zu allen Terminen und Veranstaltungen bis auf Weiteres erforderlich, um alle Vorsichtsma\u00dfnahmen einhalten zu k\u00f6nnen. Bitte kontaktieren Sie uns gerne unter:<br \/>\nAktion Demenz Moosburg<br \/>\nTel.: +43 664 453 83 30 oder<br \/>\nE-Mail: werkstatt.des.alterns@gmail.com<br \/>\n<\/span><span style=\"font-size: 14pt;color: #ff0000\"><span style=\"font-size: 10pt\">(28.09.2020)<\/span><\/span><\/p>\n<p>&nbsp;<\/p>\n<h1>2020<\/h1>\n<p>&nbsp;<\/p>\n<p>Mittwoch, 29. April 2020, 18:30 bis 20:00 Uhr<br \/>\nKarolinger Saal, Feldkirchner Stra\u00dfe 2, 9062 Moosburg<\/p>\n<p><span style=\"font-size: 18pt\"><strong>Aktivierung und Besch\u00e4ftigung bei Demenz<\/strong><\/span><\/p>\n<p style=\"text-align: justify\"><em>Vortragende: MMag.<sup>a<\/sup> Alice Ebenberger, MA | Gerontopsychologin und MAS-Demenztrainerin<\/em><\/p>\n<p style=\"text-align: justify\"><span>Menschen mit Demenz k\u00f6nnen je nach Krankheitsphase immer weniger ihren gewohnten Aktivit\u00e4ten nachgehen. Eine demenzielle Erkrankung kann aber auch T\u00fcr\u00f6ffner sein zu Aktivit\u00e4ten, die im bisherigen Leben keine Rolle gespielt haben, sei es aus Zeitmangel oder fehlendem Zugang.<\/span><\/p>\n<p style=\"text-align: justify\"><span>Aktivit\u00e4ten und Besch\u00e4ftigungsangebote m\u00fcssen jedoch an die individuellen Vorlieben und das Stadium der Demenz angepasst sein, um vom Erkrankten als positiv wahrgenommen zu werden.<\/span><\/p>\n<p style=\"text-align: justify\">Angeh\u00f6rige, Pflegepersonen und Interessierte lernen im Rahmen dieses Vortrags unterschiedliche Aktivierungsm\u00f6glichkeiten und Zug\u00e4nge kennen.<\/p>\n<p>&nbsp;<\/p>\n<hr \/>\n<p>&nbsp;<\/p>\n<p style=\"text-align: justify\">Mittwoch, 26. Juni 2020, 18:30 bis 20:00 Uhr<br \/>\nKarolinger Saal, Feldkirchner Stra\u00dfe 2, 9062 Moosburg<\/p>\n<p style=\"text-align: justify\"><strong><span style=\"font-size: 18pt\">Und wer hilft mir? <span>\u2013<\/span> Wenn die Pflege und Betreuung zur Belastung wird \u2013 Ursachen, Hintergr\u00fcnde und Entlastungs-angebote<\/span><\/strong><\/p>\n<p style=\"text-align: justify\"><em>Vortragende: Petra St\u00f6ckl, BScN | freiberufliche Diplomierte Gesundheits- und Krankenpflegerin, Expertin f\u00fcr Casemanagement und Angeh\u00f6rigenbegleitung mit Schwerpunkt Demenz, Referentin<\/em><\/p>\n<p style=\"text-align: justify\">Etwa 80 % der pflegebed\u00fcrftigen Menschen in \u00d6sterreich werden zu Hause von ihren Angeh\u00f6rigen betreut und gepflegt. Nicht selten kommt es im Zuge dieser oftmals schwierigen und herausfordernden Aufgabe zu k\u00f6rperlichen, seelischen, zeitlichen und\/oder finanziellen Belastungen. Dieser Vortrag richtet sich an pflegende An- und Zugeh\u00f6rige sowie Interessierte und zielt darauf ab, die Ursachen und Hintergr\u00fcnde der verschiedenen Belastungssituationen zu erl\u00e4utern sowie M\u00f6glichkeiten der Entlastung und Hilfe aufzuzeigen.<\/p>\n<p>&nbsp;<\/p>\n<hr \/>\n<p>&nbsp;<\/p>\n<p style=\"text-align: justify\">Mittwoch, 30. September 2020, 18:30 bis 20:00 Uhr<span style=\"color: #ff0000\"><strong><\/strong><\/span><br \/>\nKarolinger Saal, Feldkirchner Stra\u00dfe 2, 9062 Moosburg<\/p>\n<p style=\"text-align: justify\"><span style=\"font-size: 18pt\"><strong>\u201eIst vergessen gleich immer eine Demenz?\u201c<\/strong><\/span><\/p>\n<p style=\"text-align: justify\"><em>Vortragender: OA Dr. Alfred Kuschnig | <\/em><em>Neurologische Abteilung, Leitung der Demenzambulanz, Klinikum Klagenfurt<\/em><\/p>\n<p style=\"text-align: justify\"><span>Freuen Sie sich auf einen\u00a0 interaktiven Vortrag mit Hrn. OA Dr. Alfred Kuschnig. <\/span><span>Es werden die\u00a0 m\u00f6glichen Ursachen, die zu einer Demenz f\u00fchren, die diagnostischen M\u00f6glichkeiten und die wenigen medikament\u00f6sen M\u00f6glichkeiten besprochen. Weiters werden auch die nicht-medikament\u00f6sen M\u00f6glichkeiten wie Schulbildung, Mehrsprachigkeit (S\u00fcdk\u00e4rnten!), sportlicher Lebensstil und ausgewogene Ern\u00e4hrung von Hrn. OA Dr. Kuschnig ausgef\u00fchrt. Fragen aus dem Publikum sind herzlich willkommen.<\/span><\/p>\n<p>&nbsp;<\/p>\n<hr \/>\n<p>&nbsp;<\/p>\n<p style=\"text-align: justify\">Mittwoch, 18. November 2020, 18:30 bis 20:00 Uhr<br \/>\nKarolinger Saal, Feldkirchner Stra\u00dfe 2, 9062 Moosburg<br \/>\n<em><\/em><\/p>\n<p style=\"text-align: justify\"><strong><span style=\"font-size: 18pt\">Erh\u00f6htes Sturzrisiko im Alter<\/span> <\/strong><\/p>\n<p style=\"text-align: justify\"><em>Vortragende: Dr. Anna Gr\u00f6tschnig | Fach\u00e4rztin f\u00fcr Innere Medizin, Zentrum f\u00fcr Altersmedizin im Klinikum Klagenfurt<\/em><\/p>\n<p style=\"text-align: justify\"><span>Alterungsprozesse und alterstypische Erkrankungen f\u00fchren zur Einschr\u00e4nkung unserer Beweglichkeit. Eine Gefahr, die diese Prozesse mit sich bringen, ist das erh\u00f6hte Sturzrisiko. Ein folgenschwerer Sturz kann die Lebensqualit\u00e4t deutlich reduzieren und zur Pflegebed\u00fcrftigkeit f\u00fchren. <\/span><\/p>\n<p style=\"text-align: justify\"><span>Nach den theoretischen Erl\u00e4uterungen haben Sie die M\u00f6glichkeit, h\u00e4ufig im Alter vorkommende Einschr\u00e4nkungen des Bewegungs- und Sinnesapparates am eigenen Leib zu erfahren. Mit GERT, dem Gerontologischen Testanzug, k\u00f6nnen alterstypische Gebrechen simuliert werden. Beobachten oder sp\u00fcren Sie, wie sich Gebrechlichkeit anf\u00fchlt, und erweitern Sie ihr Bewusstsein daf\u00fcr nachhaltig.<\/span><\/p>\n<p>&nbsp;<\/p>\n<hr \/>\n<p>&nbsp;<\/p>\n<h1>2019<\/h1>\n<p>&nbsp;<\/p>\n<p style=\"text-align: justify\"><span style=\"font-size: 18pt\"><strong>Demenz <\/strong><\/span><\/p>\n<p style=\"text-align: justify\">Unter dem Begriff Demenz wird eine Vielzahl von Erkrankungen zusammengefasst. Der Vortrag informiert grundlegend \u00fcber die unterschiedlichen Formen der Demenz, \u00fcber Krankheitsentstehung und Krankheitsverlauf sowie die derzeitigen Behandlungsm\u00f6glichkeiten. Auf die Wichtigkeit einer fr\u00fchzeitigen Diagnose im Hinblick auf eine Verz\u00f6gerung in der Krankheitsentwicklung wird explizit eingegangen.<\/p>\n<p style=\"text-align: justify\"><strong><u>Termin:<\/u> <\/strong>24.04.2019 | 18:30 Uhr<\/p>\n<p style=\"text-align: justify\"><strong><u>Vortragender:<\/u> <\/strong>Dr. med. Hans G. Lauchart | Facharzt f\u00fcr Neurologie, Arzt f\u00fcr Allgemeinmedizin, allgemein beeideter und gerichtlich zertifizierter Sachverst\u00e4ndiger.<\/p>\n<p style=\"text-align: justify\"><u><strong>Ort:<\/strong><\/u><strong>\u00a0<\/strong>Karolinger Saal | Feldkirchner Stra\u00dfe 2 | 9062 Moosburg<\/p>\n<p style=\"text-align: justify\"><strong><u>Zielgruppe:<\/u> <\/strong>Angeh\u00f6rige und Vertrauenspersonen von Menschen mit Demenz, Pflege- und Betreuungskr\u00e4fte, alle Interessierten<\/p>\n<p style=\"text-align: justify\"><em>Kostenloser Vortrag<\/em><\/p>\n<p>&nbsp;<\/p>\n<hr \/>\n<p>&nbsp;<\/p>\n<p style=\"text-align: justify\"><span style=\"font-size: 18pt\"><strong>Selbstbestimmt alt werden \u2013 \u00dcber Vorsorgevollmacht, Erwachsenenvertretung und Patientenverf\u00fcgung<\/strong><\/span><\/p>\n<p style=\"text-align: justify\">Bei der \u00dcbernahme von Pflege- und Betreuungst\u00e4tigkeiten im Familienkreis sind pflegende Angeh\u00f6rige nicht nur mit einer Reihe von Fragen zur Pflege und zum Krankheitsbild konfrontiert, es gibt auch einige rechtliche Fragestellungen zu kl\u00e4ren. In diesem Vortrag werden grundlegende Informationen in Bezug auf die rechtliche Vertretung durch Angeh\u00f6rige und das Erbrecht er\u00f6rtert. Auch die Themen Vorsorgevollmacht und Patientenverf\u00fcgung werden aufgearbeitet und es besteht dar\u00fcber hinaus die M\u00f6glichkeit, konkrete Problemstellungen mit dem Notar Mag. Klaus Sch\u00f6ffmann zu besprechen.<\/p>\n<p style=\"text-align: justify\"><strong><u>Termin:<\/u> <\/strong>Mittwoch 15.05..2019 | 18:30 Uhr<\/p>\n<p style=\"text-align: justify\"><strong><u>Vortragender:<\/u> <\/strong>Notar Mag. Klaus Sch\u00f6ffmann<\/p>\n<p style=\"text-align: justify\"><strong><u>Ort:<\/u> <\/strong>Karolinger Saal | Feldkirchner Stra\u00dfe 2 | 9062 Moosburg<\/p>\n<p style=\"text-align: justify\"><strong><u>Zielgruppe:<\/u> <\/strong>Angeh\u00f6rige und Vertrauenspersonen von Menschen mit Demenz, Pflege- und Betreuungskr\u00e4fte, alle Interessierten<\/p>\n<p style=\"text-align: justify\"><em>Kostenloser Vortrag<\/em><\/p>\n<p>&nbsp;<\/p>\n<hr \/>\n<p>&nbsp;<\/p>\n<p style=\"text-align: justify\"><span style=\"font-size: 18pt\"><strong>Wenn die Pflege zur Belastung wird \u2013 soziale und finanzielle Angebote zur Entlastung n\u00fctzen<\/strong><\/span><\/p>\n<p style=\"text-align: justify\">Die Pflege und Betreuung hilfe- und pflegebed\u00fcrftiger Menschen im Kreis der Familie geht sehr oft an die Grenzen des physisch und psychisch Machbaren der Pflegeperson. Dass Pfleget\u00e4tigkeiten sowohl k\u00f6rperlich als auch seelisch belastend sind, merken die pflegenden Angeh\u00f6rigen erst sp\u00e4t. Der Vortrag soll dabei helfen, einen anderen Umgang mit den Belastungen der h\u00e4uslichen Pfleget\u00e4tigkeit zu finden und Informationen \u00fcber Entlastungsm\u00f6glichkeiten geben. Auch grundlegende Informationen zu den unterschiedlichen Wohn- und Betreuungsformen bei Beeintr\u00e4chtigung werden vermittelt sowie Auskunft \u00fcber die Kostentragung erteilt.<\/p>\n<p style=\"text-align: justify\"><strong><u>Termin:<\/u> <\/strong>05.06.2019 | 18:30 Uhr<\/p>\n<p style=\"text-align: justify\"><u><strong>Vortragende:<\/strong><\/u><strong>\u00a0<\/strong>MMag.<sup>a<\/sup> Dr.<sup>in<\/sup> Michaela Miklautz<\/p>\n<p style=\"text-align: justify\"><strong><u>Ort:<\/u> <\/strong>Karolinger Saal | Feldkirchner Stra\u00dfe 2 | 9062 Moosburg<\/p>\n<p style=\"text-align: justify\"><strong><u>Zielgruppe:<\/u> <\/strong>Angeh\u00f6rige und Vertrauenspersonen von Menschen mit Demenz, Pflege- und Betreuungskr\u00e4fte, alle Interessierten<\/p>\n<p style=\"text-align: justify\"><em>Kostenloser Vortrag<\/em><\/p>\n<p>&nbsp;<\/p>\n<hr \/>\n<p>&nbsp;<\/p>\n<p style=\"text-align: justify\"><span style=\"font-size: 18pt\"><strong>Gesund Essen im Alter<\/strong><\/span><\/p>\n<p style=\"text-align: justify\">Gerade f\u00fcr \u00e4ltere Menschen ist eine ausgewogene Ern\u00e4hrung von Bedeutung, um Wohlbefinden, Gesundheit und Leistungsf\u00e4higkeit zu erhalten. Im K\u00f6rper des alternden Menschen finden unterschiedliche Ver\u00e4nderungen statt. Es kommt zu einer Zunahme des K\u00f6rperfettgehaltes und einer Abnahme des Wassergehaltes, der Knochen- und Muskelmasse bei gleichbleibendem oder sogar erh\u00f6htem Bedarf an bestimmten N\u00e4hrstoffen. Deshalb ist gerade im Alter die Qualit\u00e4t der Ern\u00e4hrung besonders wichtig. In der Betreuung von Menschen mit Ged\u00e4chtnis- und Orientierungsst\u00f6rungen ist das wichtigste Ziel die Erhaltung eines guten Ern\u00e4hrungszustandes. Die Betroffenen verlieren h\u00e4ufig die Freude am Essen und Genie\u00dfen, unter anderem durch Ver\u00e4nderungen der Geruchs- und Geschmackswahrnehmung. Mit entsprechenden unterst\u00fctzenden Ma\u00dfnahmen kann Essen wieder Lebensfreude bringen. Zudem bedeutet eine ad\u00e4quate Ern\u00e4hrungsintervention eine verminderte Pflegebed\u00fcrftigkeit!<\/p>\n<p style=\"text-align: justify\"><strong><u>Termin:<\/u> <\/strong>18.09.2019 | 18:30 Uhr<\/p>\n<p style=\"text-align: justify\"><strong><u>Vortragende:<\/u> <\/strong>Di\u00e4tologin Monika Oberberger<\/p>\n<p style=\"text-align: justify\"><strong><u>Ort:<\/u> <\/strong>Karolinger Saal | Feldkirchner Stra\u00dfe 2 | 9062 Moosburg<\/p>\n<p style=\"text-align: justify\"><strong><u>Zielgruppe:<\/u> <\/strong>Angeh\u00f6rige und Vertrauenspersonen von Menschen mit Demenz, Pflege- und Betreuungskr\u00e4fte, alle Interessierten<\/p>\n<p style=\"text-align: justify\"><em>Kostenloser Vortrag<\/em><\/p>\n<p>&nbsp;<\/p>\n<hr \/>\n<p>&nbsp;<\/p>\n<p style=\"text-align: justify\"><span style=\"font-size: 18pt\"><strong>Validation \u2013 einf\u00fch<\/strong><strong>lsames Miteinander<\/strong><\/span><\/p>\n<p style=\"text-align: justify\">Die Kommunikationsmethode der Validation f\u00f6rdert ein besseres Verst\u00e4ndnis von Menschen, die an Demenz erkrankt und in manchen Lebensbereichen desorientiert sind. Zugang zur Gef\u00fchlswelt der Menschen mit Demenz unter Ber\u00fccksichtigung ihrer Biografie zu finden, erleichtert einen Umgang der von Wertsch\u00e4tzung und W\u00fcrde getragen ist. Angeh\u00f6rige, Pflegepersonen und Interessierte lernen im Rahmen des Vortrags neben einer einf\u00fchlsamen, urteilsfreien Grundhaltung sprachliche und nicht-sprachliche Validationstechniken kennen.<\/p>\n<p style=\"text-align: justify\"><strong><u>Vortragende:<\/u> <\/strong>Eva Sachs-Ortner, MSc, Akademische Expertin f\u00fcr Demenzstudien, Referentin f\u00fcr Pflege bei Demenz, Academic Advanced Practice Nurse (FCN)<\/p>\n<p style=\"text-align: justify\"><strong><u>Termin:<\/u> <\/strong>13.11.2019 | 18:30 Uhr<\/p>\n<p style=\"text-align: justify\"><strong><u>Ort:<\/u> <\/strong>Karolinger Saal | Feldkirchner Stra\u00dfe 2 | 9062 Moosburg<\/p>\n<p style=\"text-align: justify\"><strong><u>Zielgruppe:<\/u> <\/strong>Angeh\u00f6rige und Vertrauenspersonen von Menschen mit Demenz, Pflege- und Betreuungskr\u00e4fte, alle Interessierten<\/p>\n<p style=\"text-align: justify\"><em>Kostenloser Vortrag<\/em><\/p>\n<p style=\"text-align: justify\">\n","protected":false},"excerpt":{"rendered":"<p>Im Sinne der Covid-19-Verordnungen ist eine Voranmeldung zu allen Terminen und Veranstaltungen bis auf Weiteres erforderlich, um alle Vorsichtsma\u00dfnahmen einhalten zu k\u00f6nnen. Bitte kontaktieren Sie uns gerne unter: Aktion Demenz Moosburg Tel.: +43 664 453 83 30 oder E-Mail: werkstatt.des.alterns@gmail.com (28.09.2020) &nbsp; 2020 &nbsp; Mittwoch, 29. April 2020, 18:30 bis<a class=\"moretag\" href=\"https:\/\/blog.fh-kaernten.at\/demenzfreundliche-modellgemeinden\/termine\/vortragsreihe\/\"> Weiterlesen<\/a><\/p>\n","protected":false},"author":154,"featured_media":0,"parent":27,"menu_order":0,"comment_status":"closed","ping_status":"closed","template":"","meta":{"inline_featured_image":false,"footnotes":""},"class_list":["post-448","page","type-page","status-publish","hentry"],"_links":{"self":[{"href":"https:\/\/blog.fh-kaernten.at\/demenzfreundliche-modellgemeinden\/wp-json\/wp\/v2\/pages\/448","targetHints":{"allow":["GET"]}}],"collection":[{"href":"https:\/\/blog.fh-kaernten.at\/demenzfreundliche-modellgemeinden\/wp-json\/wp\/v2\/pages"}],"about":[{"href":"https:\/\/blog.fh-kaernten.at\/demenzfreundliche-modellgemeinden\/wp-json\/wp\/v2\/types\/page"}],"author":[{"embeddable":true,"href":"https:\/\/blog.fh-kaernten.at\/demenzfreundliche-modellgemeinden\/wp-json\/wp\/v2\/users\/154"}],"replies":[{"embeddable":true,"href":"https:\/\/blog.fh-kaernten.at\/demenzfreundliche-modellgemeinden\/wp-json\/wp\/v2\/comments?post=448"}],"version-history":[{"count":0,"href":"https:\/\/blog.fh-kaernten.at\/demenzfreundliche-modellgemeinden\/wp-json\/wp\/v2\/pages\/448\/revisions"}],"up":[{"embeddable":true,"href":"https:\/\/blog.fh-kaernten.at\/demenzfreundliche-modellgemeinden\/wp-json\/wp\/v2\/pages\/27"}],"wp:attachment":[{"href":"https:\/\/blog.fh-kaernten.at\/demenzfreundliche-modellgemeinden\/wp-json\/wp\/v2\/media?parent=448"}],"curies":[{"name":"wp","href":"https:\/\/api.w.org\/{rel}","templated":true}]}}