{"id":25,"date":"2018-03-09T07:38:31","date_gmt":"2018-03-09T06:38:31","guid":{"rendered":"http:\/\/blog.fh-kaernten.at\/demenzfreundliche-modellgemeinden\/?page_id=25"},"modified":"2019-11-28T10:24:55","modified_gmt":"2019-11-28T09:24:55","slug":"partnerinnen","status":"publish","type":"page","link":"https:\/\/blog.fh-kaernten.at\/demenzfreundliche-modellgemeinden\/partnerinnen\/","title":{"rendered":"PartnerInnen"},"content":{"rendered":"<p>&nbsp;<\/p>\n<p><strong>ProjektpartnerInnen<br \/>\n<\/strong>(alphabetische Reihenfolge)<\/p>\n<ul>\n<li>Aktion Demenz Moosburg<\/li>\n<li>Amt der K\u00e4rntner Landesregierung<\/li>\n<li>Fachhochschule K\u00e4rnten, IARA \u2013 Alternsforschungszentrum<\/li>\n<li>Fonds Gesundes \u00d6sterreich<\/li>\n<li>Gesundheitsland K\u00e4rnten<\/li>\n<li>K\u00e4rntner Gebietskrankenkasse<\/li>\n<li>Marktgemeinde Moosburg<\/li>\n<\/ul>\n<p><strong>KooperationspartnerInnen<br \/>\n<\/strong>(alphabetische Reihenfolge \/ Stand November 2019)<\/p>\n<ul>\n<li>Aktion Demenz Bleiburg<\/li>\n<li>Aktion Demenz Vorarlberg<\/li>\n<li>AVS K\u00e4rnten<\/li>\n<li>Caritas K\u00e4rnten<\/li>\n<li>SMB \u2013 Sozialmedizinischer Betreuungsring W\u00f6rthersee-Nord<\/li>\n<li>SOB \u2013 Fachschule f\u00fcr Sozialbetreuungsberufe<\/li>\n<li>Werkstatt des Alterns<\/li>\n<\/ul>\n<p>&nbsp;<\/p>\n<hr \/>\n<p>&nbsp;<\/p>\n<p><img decoding=\"async\" class=\"alignleft wp-image-114\" src=\"https:\/\/blog.fh-kaernten.at\/demenzfreundliche-modellgemeinden\/files\/2018\/04\/AktionDemenz-Moosburg-2018-300x82.png\" alt=\"\" width=\"270\" height=\"74\" srcset=\"https:\/\/blog.fh-kaernten.at\/demenzfreundliche-modellgemeinden\/files\/2018\/04\/AktionDemenz-Moosburg-2018-300x82.png 300w, https:\/\/blog.fh-kaernten.at\/demenzfreundliche-modellgemeinden\/files\/2018\/04\/AktionDemenz-Moosburg-2018-768x209.png 768w, https:\/\/blog.fh-kaernten.at\/demenzfreundliche-modellgemeinden\/files\/2018\/04\/AktionDemenz-Moosburg-2018-1024x279.png 1024w, https:\/\/blog.fh-kaernten.at\/demenzfreundliche-modellgemeinden\/files\/2018\/04\/AktionDemenz-Moosburg-2018-1216x332.png 1216w, https:\/\/blog.fh-kaernten.at\/demenzfreundliche-modellgemeinden\/files\/2018\/04\/AktionDemenz-Moosburg-2018-917x250.png 917w\" sizes=\"(max-width: 270px) 100vw, 270px\" \/><img decoding=\"async\" class=\"size-medium wp-image-59 alignnone\" src=\"https:\/\/blog.fh-kaernten.at\/demenzfreundliche-modellgemeinden\/files\/2018\/03\/moosburg-300x106.png\" alt=\"\" width=\"300\" height=\"106\" srcset=\"https:\/\/blog.fh-kaernten.at\/demenzfreundliche-modellgemeinden\/files\/2018\/03\/moosburg-300x106.png 300w, https:\/\/blog.fh-kaernten.at\/demenzfreundliche-modellgemeinden\/files\/2018\/03\/moosburg.png 338w\" sizes=\"(max-width: 300px) 100vw, 300px\" \/><\/p>\n<p><img fetchpriority=\"high\" decoding=\"async\" class=\"alignnone wp-image-297 size-full\" src=\"https:\/\/blog.fh-kaernten.at\/demenzfreundliche-modellgemeinden\/files\/2018\/06\/fgoe_3er_logo_2018_zusatz.jpg\" alt=\"\" width=\"2328\" height=\"210\" srcset=\"https:\/\/blog.fh-kaernten.at\/demenzfreundliche-modellgemeinden\/files\/2018\/06\/fgoe_3er_logo_2018_zusatz.jpg 2328w, https:\/\/blog.fh-kaernten.at\/demenzfreundliche-modellgemeinden\/files\/2018\/06\/fgoe_3er_logo_2018_zusatz-300x27.jpg 300w, https:\/\/blog.fh-kaernten.at\/demenzfreundliche-modellgemeinden\/files\/2018\/06\/fgoe_3er_logo_2018_zusatz-768x69.jpg 768w, https:\/\/blog.fh-kaernten.at\/demenzfreundliche-modellgemeinden\/files\/2018\/06\/fgoe_3er_logo_2018_zusatz-1024x92.jpg 1024w, https:\/\/blog.fh-kaernten.at\/demenzfreundliche-modellgemeinden\/files\/2018\/06\/fgoe_3er_logo_2018_zusatz-1216x110.jpg 1216w, https:\/\/blog.fh-kaernten.at\/demenzfreundliche-modellgemeinden\/files\/2018\/06\/fgoe_3er_logo_2018_zusatz-1000x90.jpg 1000w\" sizes=\"(max-width: 2328px) 100vw, 2328px\" \/><\/p>\n<p><img loading=\"lazy\" decoding=\"async\" class=\"alignleft wp-image-116\" src=\"https:\/\/blog.fh-kaernten.at\/demenzfreundliche-modellgemeinden\/files\/2018\/04\/FH_KAERNTEN_logo_rgb_10cm-300x105.jpg\" alt=\"\" width=\"230\" height=\"81\" srcset=\"https:\/\/blog.fh-kaernten.at\/demenzfreundliche-modellgemeinden\/files\/2018\/04\/FH_KAERNTEN_logo_rgb_10cm-300x105.jpg 300w, https:\/\/blog.fh-kaernten.at\/demenzfreundliche-modellgemeinden\/files\/2018\/04\/FH_KAERNTEN_logo_rgb_10cm-768x269.jpg 768w, https:\/\/blog.fh-kaernten.at\/demenzfreundliche-modellgemeinden\/files\/2018\/04\/FH_KAERNTEN_logo_rgb_10cm-1024x359.jpg 1024w, https:\/\/blog.fh-kaernten.at\/demenzfreundliche-modellgemeinden\/files\/2018\/04\/FH_KAERNTEN_logo_rgb_10cm-713x250.jpg 713w, https:\/\/blog.fh-kaernten.at\/demenzfreundliche-modellgemeinden\/files\/2018\/04\/FH_KAERNTEN_logo_rgb_10cm.jpg 1181w\" sizes=\"(max-width: 230px) 100vw, 230px\" \/><\/p>\n<p><img loading=\"lazy\" decoding=\"async\" class=\"size-medium wp-image-57 alignnone\" src=\"https:\/\/blog.fh-kaernten.at\/demenzfreundliche-modellgemeinden\/files\/2018\/03\/iara-300x108.png\" alt=\"\" width=\"300\" height=\"108\" srcset=\"https:\/\/blog.fh-kaernten.at\/demenzfreundliche-modellgemeinden\/files\/2018\/03\/iara-300x108.png 300w, https:\/\/blog.fh-kaernten.at\/demenzfreundliche-modellgemeinden\/files\/2018\/03\/iara.png 338w\" sizes=\"(max-width: 300px) 100vw, 300px\" \/><\/p>\n<p><img loading=\"lazy\" decoding=\"async\" class=\"size-medium wp-image-58 alignnone\" src=\"https:\/\/blog.fh-kaernten.at\/demenzfreundliche-modellgemeinden\/files\/2018\/03\/land-kaernten-300x108.png\" alt=\"\" width=\"300\" height=\"108\" srcset=\"https:\/\/blog.fh-kaernten.at\/demenzfreundliche-modellgemeinden\/files\/2018\/03\/land-kaernten-300x108.png 300w, https:\/\/blog.fh-kaernten.at\/demenzfreundliche-modellgemeinden\/files\/2018\/03\/land-kaernten.png 338w\" sizes=\"(max-width: 300px) 100vw, 300px\" \/><img loading=\"lazy\" decoding=\"async\" class=\"size-medium wp-image-56 alignnone\" src=\"https:\/\/blog.fh-kaernten.at\/demenzfreundliche-modellgemeinden\/files\/2018\/03\/gesundheitsland-kaernten-300x107.png\" alt=\"\" width=\"300\" height=\"107\" srcset=\"https:\/\/blog.fh-kaernten.at\/demenzfreundliche-modellgemeinden\/files\/2018\/03\/gesundheitsland-kaernten-300x107.png 300w, https:\/\/blog.fh-kaernten.at\/demenzfreundliche-modellgemeinden\/files\/2018\/03\/gesundheitsland-kaernten.png 338w\" sizes=\"(max-width: 300px) 100vw, 300px\" \/><\/p>\n<p><img loading=\"lazy\" decoding=\"async\" class=\"alignnone wp-image-289\" src=\"https:\/\/blog.fh-kaernten.at\/demenzfreundliche-modellgemeinden\/files\/2018\/06\/image.jpg\" alt=\"\" width=\"520\" height=\"122\" srcset=\"https:\/\/blog.fh-kaernten.at\/demenzfreundliche-modellgemeinden\/files\/2018\/06\/image.jpg 900w, https:\/\/blog.fh-kaernten.at\/demenzfreundliche-modellgemeinden\/files\/2018\/06\/image-300x70.jpg 300w, https:\/\/blog.fh-kaernten.at\/demenzfreundliche-modellgemeinden\/files\/2018\/06\/image-768x180.jpg 768w\" sizes=\"(max-width: 520px) 100vw, 520px\" \/><img loading=\"lazy\" decoding=\"async\" class=\"alignnone wp-image-118 size-thumbnail\" src=\"https:\/\/blog.fh-kaernten.at\/demenzfreundliche-modellgemeinden\/files\/2018\/04\/kgkk-farbe-transparent-150x150.png\" alt=\"\" width=\"150\" height=\"150\" srcset=\"https:\/\/blog.fh-kaernten.at\/demenzfreundliche-modellgemeinden\/files\/2018\/04\/kgkk-farbe-transparent-150x150.png 150w, https:\/\/blog.fh-kaernten.at\/demenzfreundliche-modellgemeinden\/files\/2018\/04\/kgkk-farbe-transparent-300x300.png 300w, https:\/\/blog.fh-kaernten.at\/demenzfreundliche-modellgemeinden\/files\/2018\/04\/kgkk-farbe-transparent-768x768.png 768w, https:\/\/blog.fh-kaernten.at\/demenzfreundliche-modellgemeinden\/files\/2018\/04\/kgkk-farbe-transparent-1024x1024.png 1024w, https:\/\/blog.fh-kaernten.at\/demenzfreundliche-modellgemeinden\/files\/2018\/04\/kgkk-farbe-transparent-480x480.png 480w, https:\/\/blog.fh-kaernten.at\/demenzfreundliche-modellgemeinden\/files\/2018\/04\/kgkk-farbe-transparent-1216x1216.png 1216w, https:\/\/blog.fh-kaernten.at\/demenzfreundliche-modellgemeinden\/files\/2018\/04\/kgkk-farbe-transparent-250x250.png 250w, https:\/\/blog.fh-kaernten.at\/demenzfreundliche-modellgemeinden\/files\/2018\/04\/kgkk-farbe-transparent.png 1600w\" sizes=\"(max-width: 150px) 100vw, 150px\" \/><\/p>\n<p><img loading=\"lazy\" decoding=\"async\" src=\"http:\/\/blog.fh-kaernten.at\/demenzfreundliche-modellgemeinden\/files\/2019\/11\/Aktion-Demenz-Bleiburg.png\" alt=\"\" class=\"size-full wp-image-899 alignleft\" width=\"431\" height=\"117\" srcset=\"https:\/\/blog.fh-kaernten.at\/demenzfreundliche-modellgemeinden\/files\/2019\/11\/Aktion-Demenz-Bleiburg.png 431w, https:\/\/blog.fh-kaernten.at\/demenzfreundliche-modellgemeinden\/files\/2019\/11\/Aktion-Demenz-Bleiburg-300x81.png 300w\" sizes=\"(max-width: 431px) 100vw, 431px\" \/><\/p>\n","protected":false},"excerpt":{"rendered":"<p>&nbsp; ProjektpartnerInnen (alphabetische Reihenfolge) Aktion Demenz Moosburg Amt der K\u00e4rntner Landesregierung Fachhochschule K\u00e4rnten, IARA \u2013 Alternsforschungszentrum Fonds Gesundes \u00d6sterreich Gesundheitsland K\u00e4rnten K\u00e4rntner Gebietskrankenkasse Marktgemeinde Moosburg KooperationspartnerInnen (alphabetische Reihenfolge \/ Stand November 2019) Aktion Demenz Bleiburg Aktion Demenz Vorarlberg AVS K\u00e4rnten Caritas K\u00e4rnten SMB \u2013 Sozialmedizinischer Betreuungsring W\u00f6rthersee-Nord SOB \u2013 Fachschule<a class=\"moretag\" href=\"https:\/\/blog.fh-kaernten.at\/demenzfreundliche-modellgemeinden\/partnerinnen\/\"> Weiterlesen<\/a><\/p>\n","protected":false},"author":48,"featured_media":0,"parent":0,"menu_order":0,"comment_status":"closed","ping_status":"closed","template":"","meta":{"inline_featured_image":false,"footnotes":""},"class_list":["post-25","page","type-page","status-publish","hentry"],"_links":{"self":[{"href":"https:\/\/blog.fh-kaernten.at\/demenzfreundliche-modellgemeinden\/wp-json\/wp\/v2\/pages\/25","targetHints":{"allow":["GET"]}}],"collection":[{"href":"https:\/\/blog.fh-kaernten.at\/demenzfreundliche-modellgemeinden\/wp-json\/wp\/v2\/pages"}],"about":[{"href":"https:\/\/blog.fh-kaernten.at\/demenzfreundliche-modellgemeinden\/wp-json\/wp\/v2\/types\/page"}],"author":[{"embeddable":true,"href":"https:\/\/blog.fh-kaernten.at\/demenzfreundliche-modellgemeinden\/wp-json\/wp\/v2\/users\/48"}],"replies":[{"embeddable":true,"href":"https:\/\/blog.fh-kaernten.at\/demenzfreundliche-modellgemeinden\/wp-json\/wp\/v2\/comments?post=25"}],"version-history":[{"count":0,"href":"https:\/\/blog.fh-kaernten.at\/demenzfreundliche-modellgemeinden\/wp-json\/wp\/v2\/pages\/25\/revisions"}],"wp:attachment":[{"href":"https:\/\/blog.fh-kaernten.at\/demenzfreundliche-modellgemeinden\/wp-json\/wp\/v2\/media?parent=25"}],"curies":[{"name":"wp","href":"https:\/\/api.w.org\/{rel}","templated":true}]}}