{"id":19,"date":"2018-03-09T07:28:24","date_gmt":"2018-03-09T06:28:24","guid":{"rendered":"http:\/\/blog.fh-kaernten.at\/demenzfreundliche-modellgemeinden\/?page_id=19"},"modified":"2019-11-20T08:44:36","modified_gmt":"2019-11-20T07:44:36","slug":"was-bisher-geschah","status":"publish","type":"page","link":"https:\/\/blog.fh-kaernten.at\/demenzfreundliche-modellgemeinden\/was-bisher-geschah\/","title":{"rendered":"Der Beginn des Weges"},"content":{"rendered":"\n\t\t<style type=\"text\/css\">\n\t\t\t#gallery-1 {\n\t\t\t\tmargin: auto;\n\t\t\t}\n\t\t\t#gallery-1 .gallery-item {\n\t\t\t\tfloat: left;\n\t\t\t\tmargin-top: 10px;\n\t\t\t\ttext-align: center;\n\t\t\t\twidth: 33%;\n\t\t\t}\n\t\t\t#gallery-1 img {\n\t\t\t\tborder: 2px solid #cfcfcf;\n\t\t\t}\n\t\t\t#gallery-1 .gallery-caption {\n\t\t\t\tmargin-left: 0;\n\t\t\t}\n\t\t\t\/* see gallery_shortcode() in wp-includes\/media.php *\/\n\t\t<\/style>\n\t\t<div id='gallery-1' class='gallery galleryid-19 gallery-columns-3 gallery-size-thumbnail'><dl class='gallery-item'>\n\t\t\t<dt class='gallery-icon landscape'>\n\t\t\t\t<a href='https:\/\/blog.fh-kaernten.at\/demenzfreundliche-modellgemeinden\/demenzfreundliche-modellgemeinden\/aktion_demenz_vorarlberg_fr_egger_hr_hebenstreit\/'><img decoding=\"async\" width=\"150\" height=\"150\" src=\"https:\/\/blog.fh-kaernten.at\/demenzfreundliche-modellgemeinden\/files\/2018\/03\/Aktion_Demenz_Vorarlberg_Fr_Egger_Hr_Hebenstreit-150x150.jpg\" class=\"attachment-thumbnail size-thumbnail\" alt=\"\" aria-describedby=\"gallery-1-9\" srcset=\"https:\/\/blog.fh-kaernten.at\/demenzfreundliche-modellgemeinden\/files\/2018\/03\/Aktion_Demenz_Vorarlberg_Fr_Egger_Hr_Hebenstreit-150x150.jpg 150w, https:\/\/blog.fh-kaernten.at\/demenzfreundliche-modellgemeinden\/files\/2018\/03\/Aktion_Demenz_Vorarlberg_Fr_Egger_Hr_Hebenstreit-480x480.jpg 480w\" sizes=\"(max-width: 150px) 100vw, 150px\" \/><\/a>\n\t\t\t<\/dt>\n\t\t\t\t<dd class='wp-caption-text gallery-caption' id='gallery-1-9'>\n\t\t\t\tAktion Demenz Vorarlberg: Frau Egger, Herr Hebenstreit\n\t\t\t\t<\/dd><\/dl><dl class='gallery-item'>\n\t\t\t<dt class='gallery-icon landscape'>\n\t\t\t\t<a href='https:\/\/blog.fh-kaernten.at\/demenzfreundliche-modellgemeinden\/demenzfreundliche-modellgemeinden\/besucher_generationenfest\/'><img decoding=\"async\" width=\"150\" height=\"150\" src=\"https:\/\/blog.fh-kaernten.at\/demenzfreundliche-modellgemeinden\/files\/2018\/03\/Besucher_Generationenfest-150x150.jpg\" class=\"attachment-thumbnail size-thumbnail\" alt=\"\" aria-describedby=\"gallery-1-10\" srcset=\"https:\/\/blog.fh-kaernten.at\/demenzfreundliche-modellgemeinden\/files\/2018\/03\/Besucher_Generationenfest-150x150.jpg 150w, https:\/\/blog.fh-kaernten.at\/demenzfreundliche-modellgemeinden\/files\/2018\/03\/Besucher_Generationenfest-480x480.jpg 480w\" sizes=\"(max-width: 150px) 100vw, 150px\" \/><\/a>\n\t\t\t<\/dt>\n\t\t\t\t<dd class='wp-caption-text gallery-caption' id='gallery-1-10'>\n\t\t\t\tBesucher beim Generationenfest\n\t\t\t\t<\/dd><\/dl><dl class='gallery-item'>\n\t\t\t<dt class='gallery-icon landscape'>\n\t\t\t\t<a href='https:\/\/blog.fh-kaernten.at\/demenzfreundliche-modellgemeinden\/demenzfreundliche-modellgemeinden\/demenz_standl_krumpendorfergesundheitstage\/'><img decoding=\"async\" width=\"150\" height=\"150\" src=\"https:\/\/blog.fh-kaernten.at\/demenzfreundliche-modellgemeinden\/files\/2018\/03\/Demenz_Standl_KrumpendorferGesundheitstage-150x150.jpg\" class=\"attachment-thumbnail size-thumbnail\" alt=\"\" aria-describedby=\"gallery-1-12\" srcset=\"https:\/\/blog.fh-kaernten.at\/demenzfreundliche-modellgemeinden\/files\/2018\/03\/Demenz_Standl_KrumpendorferGesundheitstage-150x150.jpg 150w, https:\/\/blog.fh-kaernten.at\/demenzfreundliche-modellgemeinden\/files\/2018\/03\/Demenz_Standl_KrumpendorferGesundheitstage-480x480.jpg 480w\" sizes=\"(max-width: 150px) 100vw, 150px\" \/><\/a>\n\t\t\t<\/dt>\n\t\t\t\t<dd class='wp-caption-text gallery-caption' id='gallery-1-12'>\n\t\t\t\tDemenz Standl Krumpendorfer Gesundheitstage\n\t\t\t\t<\/dd><\/dl><br style=\"clear: both\" \/>\n\t\t<\/div>\n\n<p>&nbsp;<\/p>\n<table style=\"border-collapse: collapse;width: 133.2%\">\n<tbody>\n<tr>\n<td style=\"width: 20.794%;text-align: right\"><strong>24.11.2015<\/strong><\/td>\n<td style=\"width: 112.406%\">Vorstellung Konzept \u201eDemenzfreundliche Gemeinde\u201c (Hrn. Bgm. Gaggl)<\/td>\n<\/tr>\n<tr>\n<td style=\"width: 20.794%;text-align: right\"><strong>21.01.2016<\/strong><\/td>\n<td style=\"width: 112.406%\">Vorstellung Konzept \u201eDemenzfreundliche Gemeinde&#8220;\u00a0 (Fr. Vzbgm.<sup>in<\/sup> Kogler)<\/td>\n<\/tr>\n<tr>\n<td style=\"width: 20.794%;text-align: right\"><strong>03\/2016 bis 04\/2016<\/strong><\/td>\n<td style=\"width: 112.406%\">Besuch der Senioren- und Pensionistenverb\u00e4nde in Moosburg; Erhebung Bedarf bzw. Wissen und Sensibilisierung hinsichtlich des Themas Demenz sowie Vortrag \u201eZufriedenes Altern\u201c<\/td>\n<\/tr>\n<tr>\n<td style=\"width: 20.794%;text-align: right\"><strong>ab 04\/2016<\/strong><\/td>\n<td style=\"width: 112.406%\">Start der monatlichen Demenzberatung in der Gemeinde Moosburg<\/td>\n<\/tr>\n<tr>\n<td style=\"width: 20.794%;text-align: right\"><strong>08.04.2016<\/strong><\/td>\n<td style=\"width: 112.406%\">Informationsveranstaltung \u201eDemenzfreundliche Gemeinde Moosburg\u201c\u00a0 &#8211;\u00a0 sowie Austausch dar\u00fcber<\/td>\n<\/tr>\n<tr>\n<td style=\"width: 20.794%;text-align: right\"><strong>05\/2016<\/strong><\/td>\n<td style=\"width: 112.406%\">Gr\u00fcndung der Arbeitsgruppe \u201eDemenzfreundliche Gemeinde\u201c<\/td>\n<\/tr>\n<tr>\n<td style=\"width: 20.794%;text-align: right\"><strong>23.10.2016<\/strong><\/td>\n<td style=\"width: 112.406%\">1. Sitzung Arbeitsgruppe<\/td>\n<\/tr>\n<tr>\n<td style=\"width: 20.794%;text-align: right\"><strong>15.12.2016<\/strong><\/td>\n<td style=\"width: 112.406%\">2. Sitzung Arbeitsgruppe mit Fr. Dr.<sup>in<\/sup> Hagendorfer-Jauk, FH K\u00e4rnten, Standort Feldkirchen; IARA wird Kooperationspartner<\/td>\n<\/tr>\n<tr>\n<td style=\"width: 20.794%;text-align: right\"><strong>12\/2016<\/strong><\/td>\n<td style=\"width: 112.406%\">Kontaktaufnahme mit Aktion Demenz Vorarlberg sowie Einladung zum Gedankenaustausch im Rahmen eines Diskussionsnachmittags am 24.02.2017<\/td>\n<\/tr>\n<tr>\n<td style=\"width: 20.794%;text-align: right\"><strong>12.01.2017<\/strong><\/td>\n<td style=\"width: 112.406%\">3. Sitzung Arbeitsgruppe<\/td>\n<\/tr>\n<tr>\n<td style=\"width: 20.794%;text-align: right\"><strong>24.02.2017<\/strong><\/td>\n<td style=\"width: 112.406%\">Veranstaltung \u201eDemenzfreundliche Gemeinden in K\u00e4rnten\u201c \u2013 Diskussionsnachmittag bzw. Austausch mit IARA der FH K\u00e4rnten, Aktion Demenz Vorarlberg, Gemeinde Moosburg, Gemeinde P\u00f6rtschach, Schule f\u00fcr Sozialbetreuungsberufe Klagenfurt und einigen am Thema Interessierten<\/td>\n<\/tr>\n<tr>\n<td style=\"width: 20.794%;text-align: right\"><strong>25.02.2017<\/strong><\/td>\n<td style=\"width: 112.406%\">Arbeitssitzung mit Aktion Demenz Vorarlberg, Hrn. Mag. Martin Hebenstreit und Fr. Daniela Egger<\/td>\n<\/tr>\n<tr>\n<td style=\"width: 20.794%;text-align: right\"><strong>03\/2017<\/strong><\/td>\n<td style=\"width: 112.406%\">Gr\u00fcndung Initiative \u201eaktion demenz in moosburg\u201c<\/td>\n<\/tr>\n<tr>\n<td style=\"width: 20.794%;text-align: right\"><strong>04\/2017 bis 06\/2017<\/strong><\/td>\n<td style=\"width: 112.406%\">Einreichung Antrag bei Fonds Gesundes \u00d6sterreich durch FH K\u00e4rnten<\/td>\n<\/tr>\n<tr>\n<td style=\"width: 20.794%;text-align: right\"><strong>07.05.2017<\/strong><\/td>\n<td style=\"width: 112.406%\">Auftaktveranstaltung \u201eGenerationenfest\u201c<\/td>\n<\/tr>\n<tr>\n<td style=\"width: 20.794%;text-align: right\"><strong>12.10.2017<\/strong><\/td>\n<td style=\"width: 112.406%\">aktion demenz on tour: Gesundheit am Punkt in Krumpendorf<\/td>\n<\/tr>\n<tr>\n<td style=\"width: 133.2%;text-align: left\" colspan=\"2\"><strong>Offizieller Start des Projektes \u201eDemenzfreundliche Modellgemeinde Moosburg\u201c im Februar 2018<\/strong><\/td>\n<\/tr>\n<\/tbody>\n<\/table>\n<p style=\"text-align: left\"><strong>\u00a0<\/strong><strong>\u00a0<\/strong><strong> <\/strong><strong>\u00a0 <\/strong><\/p>\n<p><strong>\u00a0<\/strong><\/p>\n<div id=\"attachment_15\" style=\"width: 672px\" class=\"wp-caption aligncenter\"><img loading=\"lazy\" decoding=\"async\" aria-describedby=\"caption-attachment-15\" class=\"size-large wp-image-15\" src=\"https:\/\/blog.fh-kaernten.at\/demenzfreundliche-modellgemeinden\/files\/2018\/03\/Krumpendorfvlnr_battistata_pacher_pregl_mitarbeiterin___usw-1024x576.jpg\" alt=\"\" width=\"662\" height=\"372\" srcset=\"https:\/\/blog.fh-kaernten.at\/demenzfreundliche-modellgemeinden\/files\/2018\/03\/Krumpendorfvlnr_battistata_pacher_pregl_mitarbeiterin___usw-1024x576.jpg 1024w, https:\/\/blog.fh-kaernten.at\/demenzfreundliche-modellgemeinden\/files\/2018\/03\/Krumpendorfvlnr_battistata_pacher_pregl_mitarbeiterin___usw-300x169.jpg 300w, https:\/\/blog.fh-kaernten.at\/demenzfreundliche-modellgemeinden\/files\/2018\/03\/Krumpendorfvlnr_battistata_pacher_pregl_mitarbeiterin___usw-768x432.jpg 768w, https:\/\/blog.fh-kaernten.at\/demenzfreundliche-modellgemeinden\/files\/2018\/03\/Krumpendorfvlnr_battistata_pacher_pregl_mitarbeiterin___usw-444x250.jpg 444w, https:\/\/blog.fh-kaernten.at\/demenzfreundliche-modellgemeinden\/files\/2018\/03\/Krumpendorfvlnr_battistata_pacher_pregl_mitarbeiterin___usw.jpg 1200w\" sizes=\"(max-width: 662px) 100vw, 662px\" \/><p id=\"caption-attachment-15\" class=\"wp-caption-text\"><span style=\"font-size: 10pt\">Von links: Frau Mag.<sup>a<\/sup> Battistata (Aktion Demenz Moosburg), Frau Pacher (Alzheimer Selbsthilfegruppe Klagenfurt) mit Angeh\u00f6riger, Hr. Vizebgm. Pregl, Mitarbeiterin Alzheimer Selbsthilfegruppe, Frau Urban (Pflegedienstleitung Lebenshilfe K\u00e4rnten) mit Mitarbeiterinnen<\/span><\/p><\/div>\n","protected":false},"excerpt":{"rendered":"<p>&nbsp; 24.11.2015 Vorstellung Konzept \u201eDemenzfreundliche Gemeinde\u201c (Hrn. Bgm. Gaggl) 21.01.2016 Vorstellung Konzept \u201eDemenzfreundliche Gemeinde&#8220;\u00a0 (Fr. Vzbgm.in Kogler) 03\/2016 bis 04\/2016 Besuch der Senioren- und Pensionistenverb\u00e4nde in Moosburg; Erhebung Bedarf bzw. Wissen und Sensibilisierung hinsichtlich des Themas Demenz sowie Vortrag \u201eZufriedenes Altern\u201c ab 04\/2016 Start der monatlichen Demenzberatung in der Gemeinde<a class=\"moretag\" href=\"https:\/\/blog.fh-kaernten.at\/demenzfreundliche-modellgemeinden\/was-bisher-geschah\/\"> Weiterlesen<\/a><\/p>\n","protected":false},"author":48,"featured_media":0,"parent":0,"menu_order":0,"comment_status":"closed","ping_status":"closed","template":"","meta":{"inline_featured_image":false,"footnotes":""},"class_list":["post-19","page","type-page","status-publish","hentry"],"_links":{"self":[{"href":"https:\/\/blog.fh-kaernten.at\/demenzfreundliche-modellgemeinden\/wp-json\/wp\/v2\/pages\/19","targetHints":{"allow":["GET"]}}],"collection":[{"href":"https:\/\/blog.fh-kaernten.at\/demenzfreundliche-modellgemeinden\/wp-json\/wp\/v2\/pages"}],"about":[{"href":"https:\/\/blog.fh-kaernten.at\/demenzfreundliche-modellgemeinden\/wp-json\/wp\/v2\/types\/page"}],"author":[{"embeddable":true,"href":"https:\/\/blog.fh-kaernten.at\/demenzfreundliche-modellgemeinden\/wp-json\/wp\/v2\/users\/48"}],"replies":[{"embeddable":true,"href":"https:\/\/blog.fh-kaernten.at\/demenzfreundliche-modellgemeinden\/wp-json\/wp\/v2\/comments?post=19"}],"version-history":[{"count":0,"href":"https:\/\/blog.fh-kaernten.at\/demenzfreundliche-modellgemeinden\/wp-json\/wp\/v2\/pages\/19\/revisions"}],"wp:attachment":[{"href":"https:\/\/blog.fh-kaernten.at\/demenzfreundliche-modellgemeinden\/wp-json\/wp\/v2\/media?parent=19"}],"curies":[{"name":"wp","href":"https:\/\/api.w.org\/{rel}","templated":true}]}}