{"id":147,"date":"2021-04-15T11:34:18","date_gmt":"2021-04-15T09:34:18","guid":{"rendered":"https:\/\/blog.fh-kaernten.at\/cofit\/?page_id=147"},"modified":"2021-05-31T10:59:05","modified_gmt":"2021-05-31T08:59:05","slug":"time-to-relax","status":"publish","type":"page","link":"https:\/\/blog.fh-kaernten.at\/cofit\/time-to-relax\/","title":{"rendered":"Time to relax"},"content":{"rendered":"\n<p>Stress, Verspannungen, trockene Augen, R\u00fcckenschmerzen \u2013 all diese Beschwerden haben sich seit Beginn der Online-Lehre zunehmend in unser Leben als Student*innen geschlichen oder vermehrt. Aber keine Sorge, es gibt gen\u00fcgend \u00dcbungen, um diesen Beschwerden entgegenzuwirken. Wer zu lange beziehungsweise zu viel sitzt, erh\u00f6ht nicht nur das Risiko f\u00fcr Verspannungen und R\u00fcckenschmerzen, sondern ist auch in weiterer Folge anf\u00e4lliger f\u00fcr \u00dcbergewicht, Diabetes und Herz-Kreislauf-Erkrankungen. Dies kann, langfristig gesehen, zu Fehlhaltungen, Durchblutungsst\u00f6rungen, Venenprobleme und Gelenks\u00fcberbelastungen f\u00fchren. <\/p>\n\n\n\n<p>Viele Beschwerden werden durch mangelnde ergonomische Anpassungen und Fehlhaltungen am Arbeitsplatz verursacht. Wie du deinen pers\u00f6nlichen Online-Arbeitsplatz ergonomisch gestalten und an dich und deine Bed\u00fcrfnisse anpassen kannst, wirst du im Laufe der n\u00e4chsten Wochen in den Beitr\u00e4gen der Kategorie \u201e<a href=\"https:\/\/blog.fh-kaernten.at\/cofit\/den-online-arbeitsplatz-gestalten\/\">Online-Arbeitsplatz-Optimierung<\/a>\u201c erfahren. <\/p>\n\n\n\n<p>Aber auch wie du deinen Arbeitsalltag gestaltest, spielt eine wichtige Rolle! Sind bereits schmerzhafte Beschwerden vorhanden, klingt der Griff zu Schmerzmedikamenten verlockend. Dabei wird leider meist vergessen, dass damit nur die Symptome, nicht jedoch die Ursachen bek\u00e4mpft werden und Schmerzmittel, wenn notwendig, nur eine vor\u00fcbergehende L\u00f6sung sein sollten. Denn auch nicht verschreibungspflichtige Medikamente k\u00f6nnen bei einer Einnahme \u00fcber eine l\u00e4ngere Zeit zu ernsten Gesundheitsproblemen f\u00fchren! Die gute Nachricht: Es gibt auch M\u00f6glichkeiten, wie Symptome ohne Medikamente und deren Nebenwirkungen behandelt werden k\u00f6nnen. <a rel=\"noreferrer noopener\" href=\"https:\/\/www.oesg.at\/fuer-patienten\/patienteninformation\/index.html\" target=\"_blank\">Mehr Infos zum Thema Schmerz findest du beispielsweise auf der Website der \u00d6sterreichischen Schmerzgesellschaft<\/a>. <\/p>\n\n\n\n<p><em>Die einfachste und wirkvollste Medizin gegen Verspannungen lautet wohl oder \u00fcbel: BEWEGUNG!<\/em> <br>Neben der Bewegung sind Techniken zur Stressreduktion und Entspannung f\u00fcr das psychische und physische Wohlbefinden wichtige Wegbegleiter. Achte dabei auf deine individuellen Bed\u00fcrfnisse, denn du kennst dich selbst am besten und bist Expert*in, was dir gestressten Zeiten guttut. Bei manchen sind es eher aktive T\u00e4tigkeiten, wie zum Beispiel eine Runde joggen. Andere Personen bevorzugen zur Stressreduktion eher ruhigere Methoden, wie beispielsweise Meditationen oder Autogenes Training. Wir werden dir in den n\u00e4chsten Wochen unter der Kategorie \u201eTime to relax\u201c (bitte auf Kategorie verlinken) immer wieder verschiedene \u00dcbungen pr\u00e4sentieren, die du schnell in den Alltag der Online-Lehre integrieren kannst, um zuk\u00fcnftig Verspannungen, Augentrockenheit und Kopfschmerzen zu vermindern oder gar ganz vermeiden. <\/p>\n\n\n\n<p><strong>Quelle &amp; weitere Informationen <\/strong><\/p>\n\n\n\n<p>F\u00fctterer, E. (2019). Schreibtisch-Stretching: Diese \u00dcbungen helfen gegen Sitzverspannungen. FIT FOR FUN. <br>Zugriff am 17.2.2021. Verf\u00fcgbar unter: <a rel=\"noreferrer noopener\" href=\"https:\/\/www.fitforfun.de\/workout\/ruecken\/desktop-stretching-buerotaugliche-uebungen-gegen-sitzverspannungen-am-arbeitsplatz-366414.html\" target=\"_blank\">https:\/\/www.fitforfun.de\/workout\/ruecken\/desktop-stretching-buerotaugliche-uebungen-gegen-sitzverspannungen-am-arbeitsplatz-366414.html<\/a> <br>MedMedia Verlag und Mediaservice GesmbH. (2018). Schmerzen &amp; Bewegungsapparat verstehen. <br>Zugriff am 1.4.2021. Verf\u00fcgbar unter: <a rel=\"noreferrer noopener\" href=\"https:\/\/www.oesg.at\/upload\/broschueren\/guide_schmerz_verstehen_2018_lr_pub.pdf\" target=\"_blank\">https:\/\/www.oesg.at\/upload\/broschueren\/guide_schmerz_verstehen_2018_lr_pub.pdf<\/a><\/p>\n\n\n\n<p><strong>Foto<\/strong><br>Lena Zauner<\/p>\n\n\n\n<h4 class=\"wp-block-heading\"><strong>WEITERE BEITR\u00c4GE ZUM THEMA TIME TO RELAX<\/strong><\/h4>\n\n\n\n<ul class=\"wp-block-list\"><li><a rel=\"noreferrer noopener\" href=\"http:\/\/blog.fh-kaernten.at\/cofit\/files\/2021\/04\/9_Augenentspannung_Kategorie-Time-to-relax.pdf\" target=\"_blank\">Augenentspannung<\/a><\/li><li><a rel=\"noreferrer noopener\" href=\"http:\/\/blog.fh-kaernten.at\/cofit\/files\/2021\/05\/Entspannungsu\u0308bungen-fu\u0308r-Nacken-und-Ru\u0308cken_Kategorie-Time-to-relax.pdf\" target=\"_blank\">Entspannungs\u00fcbungen f\u00fcr Nacken und R\u00fccken<\/a><\/li><li><a href=\"http:\/\/blog.fh-kaernten.at\/cofit\/files\/2021\/05\/19_Dehnungsu\u0308bungen_Kategorie-Time-to-relax.pdf\" target=\"_blank\" rel=\"noreferrer noopener\">Dehnungs\u00fcbungen<\/a><\/li><\/ul>\n","protected":false},"excerpt":{"rendered":"<p>Stress, Verspannungen, trockene Augen, R\u00fcckenschmerzen \u2013 all diese Beschwerden haben sich seit Beginn der Online-Lehre zunehmend in unser Leben als Student*innen geschlichen [&hellip;]<\/p>\n","protected":false},"author":48,"featured_media":134,"parent":0,"menu_order":0,"comment_status":"closed","ping_status":"closed","template":"page-templates\/page_fullwidth.php","meta":{"inline_featured_image":false,"footnotes":""},"class_list":["post-147","page","type-page","status-publish","has-post-thumbnail","hentry"],"_links":{"self":[{"href":"https:\/\/blog.fh-kaernten.at\/cofit\/wp-json\/wp\/v2\/pages\/147","targetHints":{"allow":["GET"]}}],"collection":[{"href":"https:\/\/blog.fh-kaernten.at\/cofit\/wp-json\/wp\/v2\/pages"}],"about":[{"href":"https:\/\/blog.fh-kaernten.at\/cofit\/wp-json\/wp\/v2\/types\/page"}],"author":[{"embeddable":true,"href":"https:\/\/blog.fh-kaernten.at\/cofit\/wp-json\/wp\/v2\/users\/48"}],"replies":[{"embeddable":true,"href":"https:\/\/blog.fh-kaernten.at\/cofit\/wp-json\/wp\/v2\/comments?post=147"}],"version-history":[{"count":0,"href":"https:\/\/blog.fh-kaernten.at\/cofit\/wp-json\/wp\/v2\/pages\/147\/revisions"}],"wp:featuredmedia":[{"embeddable":true,"href":"https:\/\/blog.fh-kaernten.at\/cofit\/wp-json\/wp\/v2\/media\/134"}],"wp:attachment":[{"href":"https:\/\/blog.fh-kaernten.at\/cofit\/wp-json\/wp\/v2\/media?parent=147"}],"curies":[{"name":"wp","href":"https:\/\/api.w.org\/{rel}","templated":true}]}}