{"id":7,"date":"2024-10-25T06:03:50","date_gmt":"2024-10-25T04:03:50","guid":{"rendered":"https:\/\/blog.fh-kaernten.at\/3d-printed-medical-devices\/?page_id=7"},"modified":"2025-05-06T09:07:45","modified_gmt":"2025-05-06T07:07:45","slug":"home","status":"publish","type":"page","link":"https:\/\/blog.fh-kaernten.at\/3d-printed-medical-devices\/","title":{"rendered":"Home"},"content":{"rendered":"\t\t<div data-elementor-type=\"wp-page\" data-elementor-id=\"7\" class=\"elementor elementor-7\">\n\t\t\t\t<div class=\"elementor-element elementor-element-79694965 e-flex e-con-boxed e-con e-parent\" data-id=\"79694965\" data-element_type=\"container\" data-e-type=\"container\">\n\t\t\t\t\t<div class=\"e-con-inner\">\n\t\t\t\t<div class=\"elementor-element elementor-element-22f43392 elementor-widget elementor-widget-text-editor\" data-id=\"22f43392\" data-element_type=\"widget\" data-e-type=\"widget\" data-widget_type=\"text-editor.default\">\n\t\t\t\t<div class=\"elementor-widget-container\">\n\t\t\t\t\t\t\t\t\t<p>Das<strong> Symposium f\u00fcr 3D-Druck in der Orthop\u00e4dietechnik <\/strong><span data-contrast=\"auto\">widmet sich der Vernetzung von Akteuren, die sich mit der Beforschung, Entwicklung und Anwendung additiv gefertigter Orthop\u00e4dieprodukte besch\u00e4ftigen. Expert:innen aus Wissenschaft, Industrie und Medizin wird eine Plattform geboten, um aktuelle Fortschritte, Herausforderungen und innovative Ans\u00e4tze in der additiven Fertigung f\u00fcr den Orthop\u00e4dietechnik Sektor zu diskutieren. Es erwarten Sie Keynotes von f\u00fchrenden Expert:innen aus Forschung und Praxis und Einblicke in laufende Projekte und Ergebnisse aus den Gebieten der Orthetik und Prothetik. F\u00fchrungen durch die Labore gew\u00e4hren einen Einblick in die technische Umsetzung der Projektinhalte.<\/span><span data-ccp-props=\"{&quot;335551550&quot;:6,&quot;335551620&quot;:6}\">\u00a0<\/span><\/p>\n<p><span data-contrast=\"auto\">Das Symposium soll eine interdisziplin\u00e4re Plattform darstellen, die den Austausch von Ideen sowie die Zusammenarbeit zwischen Forschungseinrichtungen und Orthop\u00e4dietechnik-Industrie f\u00f6rdert.<\/span><span data-ccp-props=\"{&quot;335551550&quot;:6,&quot;335551620&quot;:6}\">\u00a0<\/span><\/p>\n<p><!-- \/wp:paragraph --><!-- wp:heading --><\/p>\n<h2 class=\"wp-block-heading\">Save the Date<\/h2>\n<p><!-- \/wp:heading --><!-- wp:paragraph --><\/p>\n<p>Das Symposium wird am <strong>4. Juni 2025<\/strong> an der FH K\u00e4rnten in Villach stattfinden.<\/p>\n<h2 class=\"wp-block-heading\">Registrierung<\/h2>\n<p><span data-contrast=\"none\">Bei Interesse an einer Teilnahme<\/span><span data-contrast=\"none\">, bitten wir Sie sich unter folgendem Link bis zum <strong>18. Mai 2025<\/strong> zu registrieren:<\/span><span data-contrast=\"none\">\u00a0<\/span><a href=\"https:\/\/forms.office.com\/Pages\/ResponsePage.aspx?id=QMVDlEHlSUmm8WF5Uy3b3kytienJf_VIvhaVWcwNjURUMVVBUTg4UFVBQUExOEg0QjFQVFFLNFNDWC4u\"><span data-contrast=\"none\">Registrierung Symposium f\u00fcr 3D-Druck in der Orthop\u00e4dietechnik<\/span><\/a><span data-ccp-props=\"{&quot;335551550&quot;:2,&quot;335551620&quot;:2}\">\u00a0<\/span><\/p>\n<p><!-- \/wp:paragraph --><\/p>\t\t\t\t\t\t\t\t<\/div>\n\t\t\t\t<\/div>\n\t\t\t\t\t<\/div>\n\t\t\t\t<\/div>\n\t\t\t\t<\/div>\n\t\t","protected":false},"excerpt":{"rendered":"<p>Das Symposium f\u00fcr 3D-Druck in der Orthop\u00e4dietechnik widmet sich der Vernetzung von Akteuren, die sich mit der Beforschung, Entwicklung und Anwendung additiv gefertigter Orthop\u00e4dieprodukte besch\u00e4ftigen. Expert:innen aus Wissenschaft, Industrie und Medizin wird eine Plattform geboten, um aktuelle Fortschritte, Herausforderungen und &hellip; <a href=\"https:\/\/blog.fh-kaernten.at\/3d-printed-medical-devices\/\">Weiterlesen <span class=\"meta-nav\">&rarr;<\/span><\/a><\/p>\n","protected":false},"author":48,"featured_media":0,"parent":0,"menu_order":0,"comment_status":"closed","ping_status":"closed","template":"sidebar-page.php","meta":{"inline_featured_image":false,"footnotes":""},"class_list":["post-7","page","type-page","status-publish","hentry"],"_links":{"self":[{"href":"https:\/\/blog.fh-kaernten.at\/3d-printed-medical-devices\/wp-json\/wp\/v2\/pages\/7","targetHints":{"allow":["GET"]}}],"collection":[{"href":"https:\/\/blog.fh-kaernten.at\/3d-printed-medical-devices\/wp-json\/wp\/v2\/pages"}],"about":[{"href":"https:\/\/blog.fh-kaernten.at\/3d-printed-medical-devices\/wp-json\/wp\/v2\/types\/page"}],"author":[{"embeddable":true,"href":"https:\/\/blog.fh-kaernten.at\/3d-printed-medical-devices\/wp-json\/wp\/v2\/users\/48"}],"replies":[{"embeddable":true,"href":"https:\/\/blog.fh-kaernten.at\/3d-printed-medical-devices\/wp-json\/wp\/v2\/comments?post=7"}],"version-history":[{"count":0,"href":"https:\/\/blog.fh-kaernten.at\/3d-printed-medical-devices\/wp-json\/wp\/v2\/pages\/7\/revisions"}],"wp:attachment":[{"href":"https:\/\/blog.fh-kaernten.at\/3d-printed-medical-devices\/wp-json\/wp\/v2\/media?parent=7"}],"curies":[{"name":"wp","href":"https:\/\/api.w.org\/{rel}","templated":true}]}}