{"id":13,"date":"2024-10-25T06:05:25","date_gmt":"2024-10-25T04:05:25","guid":{"rendered":"https:\/\/blog.fh-kaernten.at\/3d-printed-medical-devices\/?page_id=13"},"modified":"2025-03-19T13:33:00","modified_gmt":"2025-03-19T12:33:00","slug":"registration","status":"publish","type":"page","link":"https:\/\/blog.fh-kaernten.at\/3d-printed-medical-devices\/registration\/","title":{"rendered":"Team"},"content":{"rendered":"\t\t<div data-elementor-type=\"wp-page\" data-elementor-id=\"13\" class=\"elementor elementor-13\">\n\t\t\t\t<div class=\"elementor-element elementor-element-a1b790a e-flex e-con-boxed e-con e-parent\" data-id=\"a1b790a\" data-element_type=\"container\" data-e-type=\"container\">\n\t\t\t\t\t<div class=\"e-con-inner\">\n\t\t<div class=\"elementor-element elementor-element-3c8ba59 e-con-full e-flex e-con e-child\" data-id=\"3c8ba59\" data-element_type=\"container\" data-e-type=\"container\">\n\t\t\t\t<div class=\"elementor-element elementor-element-2f0b8e8 elementor-widget elementor-widget-image\" data-id=\"2f0b8e8\" data-element_type=\"widget\" data-e-type=\"widget\" data-widget_type=\"image.default\">\n\t\t\t\t<div class=\"elementor-widget-container\">\n\t\t\t\t\t\t\t\t\t\t\t\t\t\t\t<img fetchpriority=\"high\" decoding=\"async\" width=\"351\" height=\"354\" src=\"https:\/\/blog.fh-kaernten.at\/3d-printed-medical-devices\/files\/2025\/03\/Rosmarie_Heim.jpg\" class=\"attachment-large size-large wp-image-109\" alt=\"\" srcset=\"https:\/\/blog.fh-kaernten.at\/3d-printed-medical-devices\/files\/2025\/03\/Rosmarie_Heim.jpg 351w, https:\/\/blog.fh-kaernten.at\/3d-printed-medical-devices\/files\/2025\/03\/Rosmarie_Heim-297x300.jpg 297w, https:\/\/blog.fh-kaernten.at\/3d-printed-medical-devices\/files\/2025\/03\/Rosmarie_Heim-150x150.jpg 150w\" sizes=\"(max-width: 351px) 100vw, 351px\" \/>\t\t\t\t\t\t\t\t\t\t\t\t\t\t\t<\/div>\n\t\t\t\t<\/div>\n\t\t\t\t<\/div>\n\t\t<div class=\"elementor-element elementor-element-9a5fe40 e-con-full e-flex e-con e-child\" data-id=\"9a5fe40\" data-element_type=\"container\" data-e-type=\"container\">\n\t\t\t\t<div class=\"elementor-element elementor-element-823ba80 elementor-widget elementor-widget-heading\" data-id=\"823ba80\" data-element_type=\"widget\" data-e-type=\"widget\" data-widget_type=\"heading.default\">\n\t\t\t\t<div class=\"elementor-widget-container\">\n\t\t\t\t\t<h2 class=\"elementor-heading-title elementor-size-default\">Rosmarie Heim<\/h2>\t\t\t\t<\/div>\n\t\t\t\t<\/div>\n\t\t\t\t<div class=\"elementor-element elementor-element-1209a7d elementor-widget elementor-widget-text-editor\" data-id=\"1209a7d\" data-element_type=\"widget\" data-e-type=\"widget\" data-widget_type=\"text-editor.default\">\n\t\t\t\t<div class=\"elementor-widget-container\">\n\t\t\t\t\t\t\t\t\t<p>Kontakt: <a href=\"mailto:r.heim@fh-kaernten.at\"><strong>r.heim@fh-kaernten.at<\/strong><\/a><\/p><p>Rosmarie Heim hat 2022 den Master Maschinenbau-Leichtbau an der FH K\u00e4rnten abgeschlossen. Seit Oktober 2020 forscht sie an der FH K\u00e4rnten und ist derzeit im ADMiRE Forschungszentrum im Bereich 3D-Druck von Polymeren mit Fokus auf Werkstoffpr\u00fcfung und -charakterisierung t\u00e4tig. Nebenbei betreut und lehrt sie im Werkstoffpr\u00fcfungslabor.<\/p>\t\t\t\t\t\t\t\t<\/div>\n\t\t\t\t<\/div>\n\t\t\t\t<\/div>\n\t\t\t\t\t<\/div>\n\t\t\t\t<\/div>\n\t\t<div class=\"elementor-element elementor-element-0427acb e-flex e-con-boxed e-con e-parent\" data-id=\"0427acb\" data-element_type=\"container\" data-e-type=\"container\">\n\t\t\t\t\t<div class=\"e-con-inner\">\n\t\t<div class=\"elementor-element elementor-element-5047c29 e-con-full e-flex e-con e-child\" data-id=\"5047c29\" data-element_type=\"container\" data-e-type=\"container\">\n\t\t\t\t<div class=\"elementor-element elementor-element-5a087c1 elementor-widget elementor-widget-image\" data-id=\"5a087c1\" data-element_type=\"widget\" data-e-type=\"widget\" data-widget_type=\"image.default\">\n\t\t\t\t<div class=\"elementor-widget-container\">\n\t\t\t\t\t\t\t\t\t\t\t\t\t\t\t<img decoding=\"async\" width=\"351\" height=\"354\" src=\"https:\/\/blog.fh-kaernten.at\/3d-printed-medical-devices\/files\/2025\/03\/Sascha_Fink.jpg\" class=\"attachment-large size-large wp-image-105\" alt=\"\" srcset=\"https:\/\/blog.fh-kaernten.at\/3d-printed-medical-devices\/files\/2025\/03\/Sascha_Fink.jpg 351w, https:\/\/blog.fh-kaernten.at\/3d-printed-medical-devices\/files\/2025\/03\/Sascha_Fink-297x300.jpg 297w, https:\/\/blog.fh-kaernten.at\/3d-printed-medical-devices\/files\/2025\/03\/Sascha_Fink-150x150.jpg 150w\" sizes=\"(max-width: 351px) 100vw, 351px\" \/>\t\t\t\t\t\t\t\t\t\t\t\t\t\t\t<\/div>\n\t\t\t\t<\/div>\n\t\t\t\t<\/div>\n\t\t<div class=\"elementor-element elementor-element-a58def5 e-con-full e-flex e-con e-child\" data-id=\"a58def5\" data-element_type=\"container\" data-e-type=\"container\">\n\t\t\t\t<div class=\"elementor-element elementor-element-3ba6578 elementor-widget elementor-widget-heading\" data-id=\"3ba6578\" data-element_type=\"widget\" data-e-type=\"widget\" data-widget_type=\"heading.default\">\n\t\t\t\t<div class=\"elementor-widget-container\">\n\t\t\t\t\t<h2 class=\"elementor-heading-title elementor-size-default\">Sascha Fink<\/h2>\t\t\t\t<\/div>\n\t\t\t\t<\/div>\n\t\t\t\t<div class=\"elementor-element elementor-element-7e6561c elementor-widget elementor-widget-text-editor\" data-id=\"7e6561c\" data-element_type=\"widget\" data-e-type=\"widget\" data-widget_type=\"text-editor.default\">\n\t\t\t\t<div class=\"elementor-widget-container\">\n\t\t\t\t\t\t\t\t\t<p>Kontakt:\u00a0<a href=\"mailto:s.fink@fh-kaernten.at\"><strong>s.fink@fh-kaernten.at<\/strong><\/a><\/p><p>Sascha Fink promovierte 2024 in Bewegungs-wissenschaften, Gesundheit und Sport an der Universit\u00e4t Graz. Seit August 2021 forscht er im Bewegungslabor der Fachhochschule K\u00e4rnten mit Fokus auf orthop\u00e4dische Erkrankungen, Telemedizin und Bewegungsanalyse<\/p>\t\t\t\t\t\t\t\t<\/div>\n\t\t\t\t<\/div>\n\t\t\t\t<\/div>\n\t\t\t\t\t<\/div>\n\t\t\t\t<\/div>\n\t\t<div class=\"elementor-element elementor-element-cd47d9c e-flex e-con-boxed e-con e-parent\" data-id=\"cd47d9c\" data-element_type=\"container\" data-e-type=\"container\">\n\t\t\t\t\t<div class=\"e-con-inner\">\n\t\t<div class=\"elementor-element elementor-element-f8b4849 e-con-full e-flex e-con e-child\" data-id=\"f8b4849\" data-element_type=\"container\" data-e-type=\"container\">\n\t\t\t\t<div class=\"elementor-element elementor-element-26a8c02 elementor-widget elementor-widget-image\" data-id=\"26a8c02\" data-element_type=\"widget\" data-e-type=\"widget\" data-widget_type=\"image.default\">\n\t\t\t\t<div class=\"elementor-widget-container\">\n\t\t\t\t\t\t\t\t\t\t\t\t\t\t\t<img decoding=\"async\" width=\"351\" height=\"354\" src=\"https:\/\/blog.fh-kaernten.at\/3d-printed-medical-devices\/files\/2025\/03\/Sandra_Schulnig.jpg\" class=\"attachment-large size-large wp-image-110\" alt=\"\" srcset=\"https:\/\/blog.fh-kaernten.at\/3d-printed-medical-devices\/files\/2025\/03\/Sandra_Schulnig.jpg 351w, https:\/\/blog.fh-kaernten.at\/3d-printed-medical-devices\/files\/2025\/03\/Sandra_Schulnig-297x300.jpg 297w, https:\/\/blog.fh-kaernten.at\/3d-printed-medical-devices\/files\/2025\/03\/Sandra_Schulnig-150x150.jpg 150w\" sizes=\"(max-width: 351px) 100vw, 351px\" \/>\t\t\t\t\t\t\t\t\t\t\t\t\t\t\t<\/div>\n\t\t\t\t<\/div>\n\t\t\t\t<\/div>\n\t\t<div class=\"elementor-element elementor-element-3d908dc e-con-full e-flex e-con e-child\" data-id=\"3d908dc\" data-element_type=\"container\" data-e-type=\"container\">\n\t\t\t\t<div class=\"elementor-element elementor-element-416f2cb elementor-widget elementor-widget-heading\" data-id=\"416f2cb\" data-element_type=\"widget\" data-e-type=\"widget\" data-widget_type=\"heading.default\">\n\t\t\t\t<div class=\"elementor-widget-container\">\n\t\t\t\t\t<h2 class=\"elementor-heading-title elementor-size-default\">Sandra Schulnig<\/h2>\t\t\t\t<\/div>\n\t\t\t\t<\/div>\n\t\t\t\t<div class=\"elementor-element elementor-element-e634f73 elementor-widget elementor-widget-text-editor\" data-id=\"e634f73\" data-element_type=\"widget\" data-e-type=\"widget\" data-widget_type=\"text-editor.default\">\n\t\t\t\t<div class=\"elementor-widget-container\">\n\t\t\t\t\t\t\t\t\t<p>Kontakt:\u00a0<a href=\"mailto:s.schulnig@fh-kaernten.at\"><strong>s.schulnig@fh-kaernten.at<\/strong><\/a><\/p><p>Sandra Schulnig promovierte 2022 an der Montanuniversit\u00e4t Leoben im Bereich Kunststoff-technik, wobei sie sich in ihrer Dissertation auf die mechanische Analyse von 3D-gedruckten, polymer-basierten Sch\u00e4delimplantaten spezialisierte. Derzeit ist sie als Senior Researcher am ADMiRE Forschungszentrum der FH K\u00e4rnten t\u00e4tig, wo sie den Themenbereich \u201eMaterialien\u201c verantwortet. Ihr Forschungsschwerpunkt liegt auf biobasierten und biologisch abbaubaren Polymeren, der Nutzung von Reststoffen als Werkstoffe sowie der Wiederverarbeitung von Kunststoffen durch 3D-Druck.<\/p>\t\t\t\t\t\t\t\t<\/div>\n\t\t\t\t<\/div>\n\t\t\t\t<\/div>\n\t\t\t\t\t<\/div>\n\t\t\t\t<\/div>\n\t\t<div class=\"elementor-element elementor-element-c014148 e-flex e-con-boxed e-con e-parent\" data-id=\"c014148\" data-element_type=\"container\" data-e-type=\"container\">\n\t\t\t\t\t<div class=\"e-con-inner\">\n\t\t<div class=\"elementor-element elementor-element-8137c68 e-con-full e-flex e-con e-child\" data-id=\"8137c68\" data-element_type=\"container\" data-e-type=\"container\">\n\t\t\t\t<div class=\"elementor-element elementor-element-821be58 elementor-widget elementor-widget-image\" data-id=\"821be58\" data-element_type=\"widget\" data-e-type=\"widget\" data-widget_type=\"image.default\">\n\t\t\t\t<div class=\"elementor-widget-container\">\n\t\t\t\t\t\t\t\t\t\t\t\t\t\t\t<img loading=\"lazy\" decoding=\"async\" width=\"351\" height=\"354\" src=\"https:\/\/blog.fh-kaernten.at\/3d-printed-medical-devices\/files\/2025\/03\/Mathias_Brandstoetter.jpg\" class=\"attachment-large size-large wp-image-108\" alt=\"\" srcset=\"https:\/\/blog.fh-kaernten.at\/3d-printed-medical-devices\/files\/2025\/03\/Mathias_Brandstoetter.jpg 351w, https:\/\/blog.fh-kaernten.at\/3d-printed-medical-devices\/files\/2025\/03\/Mathias_Brandstoetter-297x300.jpg 297w, https:\/\/blog.fh-kaernten.at\/3d-printed-medical-devices\/files\/2025\/03\/Mathias_Brandstoetter-150x150.jpg 150w\" sizes=\"(max-width: 351px) 100vw, 351px\" \/>\t\t\t\t\t\t\t\t\t\t\t\t\t\t\t<\/div>\n\t\t\t\t<\/div>\n\t\t\t\t<\/div>\n\t\t<div class=\"elementor-element elementor-element-11fec42 e-con-full e-flex e-con e-child\" data-id=\"11fec42\" data-element_type=\"container\" data-e-type=\"container\">\n\t\t\t\t<div class=\"elementor-element elementor-element-88f1143 elementor-widget elementor-widget-heading\" data-id=\"88f1143\" data-element_type=\"widget\" data-e-type=\"widget\" data-widget_type=\"heading.default\">\n\t\t\t\t<div class=\"elementor-widget-container\">\n\t\t\t\t\t<h2 class=\"elementor-heading-title elementor-size-default\">Mathias Brandst\u00f6tter<\/h2>\t\t\t\t<\/div>\n\t\t\t\t<\/div>\n\t\t\t\t<div class=\"elementor-element elementor-element-3033095 elementor-widget elementor-widget-text-editor\" data-id=\"3033095\" data-element_type=\"widget\" data-e-type=\"widget\" data-widget_type=\"text-editor.default\">\n\t\t\t\t<div class=\"elementor-widget-container\">\n\t\t\t\t\t\t\t\t\t<p>Kontakt: <strong><a href=\"mailto:m.brandstoetter@fh-kaernten.at\">m.brandstoetter@fh-kaernten.at<\/a><\/strong><\/p><p>Mathias Brandst\u00f6tter ist Professor f\u00fcr Robotik und Mechatronische Systeme sowie Leiter des ADMiRE Forschungszentrums an der FH K\u00e4rnten. Seine Expertise erstreckt sich auf mobile und serielle Robotersysteme, die kinematische Modellierung und Regelung sowie das Design mechatronischer Systeme. Seine Forschungsschwerpunkte umfassen die Kinematik von Robotersystemen, mobile Manipulatoren, Mensch-Roboter-Kollaboration und roboterbasierten 3D-Druck zur Entwicklung innovativer Technologien in der Robotik und Automatisierung.<\/p>\t\t\t\t\t\t\t\t<\/div>\n\t\t\t\t<\/div>\n\t\t\t\t<\/div>\n\t\t\t\t\t<\/div>\n\t\t\t\t<\/div>\n\t\t<div class=\"elementor-element elementor-element-9e764e8 e-flex e-con-boxed e-con e-parent\" data-id=\"9e764e8\" data-element_type=\"container\" data-e-type=\"container\">\n\t\t\t\t\t<div class=\"e-con-inner\">\n\t\t<div class=\"elementor-element elementor-element-3312ff9 e-con-full e-flex e-con e-child\" data-id=\"3312ff9\" data-element_type=\"container\" data-e-type=\"container\">\n\t\t\t\t<div class=\"elementor-element elementor-element-4a2dbdc elementor-widget elementor-widget-image\" data-id=\"4a2dbdc\" data-element_type=\"widget\" data-e-type=\"widget\" data-widget_type=\"image.default\">\n\t\t\t\t<div class=\"elementor-widget-container\">\n\t\t\t\t\t\t\t\t\t\t\t\t\t\t\t<img loading=\"lazy\" decoding=\"async\" width=\"351\" height=\"354\" src=\"https:\/\/blog.fh-kaernten.at\/3d-printed-medical-devices\/files\/2025\/03\/Dani_Krainer.jpg\" class=\"attachment-large size-large wp-image-106\" alt=\"\" srcset=\"https:\/\/blog.fh-kaernten.at\/3d-printed-medical-devices\/files\/2025\/03\/Dani_Krainer.jpg 351w, https:\/\/blog.fh-kaernten.at\/3d-printed-medical-devices\/files\/2025\/03\/Dani_Krainer-297x300.jpg 297w, https:\/\/blog.fh-kaernten.at\/3d-printed-medical-devices\/files\/2025\/03\/Dani_Krainer-150x150.jpg 150w\" sizes=\"(max-width: 351px) 100vw, 351px\" \/>\t\t\t\t\t\t\t\t\t\t\t\t\t\t\t<\/div>\n\t\t\t\t<\/div>\n\t\t\t\t<\/div>\n\t\t<div class=\"elementor-element elementor-element-e3c3f93 e-con-full e-flex e-con e-child\" data-id=\"e3c3f93\" data-element_type=\"container\" data-e-type=\"container\">\n\t\t\t\t<div class=\"elementor-element elementor-element-76b3ffb elementor-widget elementor-widget-heading\" data-id=\"76b3ffb\" data-element_type=\"widget\" data-e-type=\"widget\" data-widget_type=\"heading.default\">\n\t\t\t\t<div class=\"elementor-widget-container\">\n\t\t\t\t\t<h2 class=\"elementor-heading-title elementor-size-default\">Daniela Krainer<\/h2>\t\t\t\t<\/div>\n\t\t\t\t<\/div>\n\t\t\t\t<div class=\"elementor-element elementor-element-9444d00 elementor-widget elementor-widget-text-editor\" data-id=\"9444d00\" data-element_type=\"widget\" data-e-type=\"widget\" data-widget_type=\"text-editor.default\">\n\t\t\t\t<div class=\"elementor-widget-container\">\n\t\t\t\t\t\t\t\t\t<p>Kontakt: <a href=\"mailto:d.krainer@fh-kaernten.at\"><strong>d.krainer@fh-kaernten.at<\/strong><\/a><\/p><p>Daniela Krainer ist Ergotherapeutin und Medizin-technikerin und Co-Leitung der Forschungsgruppe ENABLE \u2013 f\u00fcr Gesundheit, Pflege und Inklusion. Ihre Forschungsschwerpunkte umfassen die partizipative Forschung im Bereich digitaler Gesundheitsl\u00f6sungen (Assistenztechnologien, Telerehabilitationsappli-kationen) sowie die Evaluierung von solchen L\u00f6sungen und Prozessen.<\/p>\t\t\t\t\t\t\t\t<\/div>\n\t\t\t\t<\/div>\n\t\t\t\t<\/div>\n\t\t\t\t\t<\/div>\n\t\t\t\t<\/div>\n\t\t<div class=\"elementor-element elementor-element-89d53ae e-flex e-con-boxed e-con e-parent\" data-id=\"89d53ae\" data-element_type=\"container\" data-e-type=\"container\">\n\t\t\t\t\t<div class=\"e-con-inner\">\n\t\t<div class=\"elementor-element elementor-element-041c391 e-con-full e-flex e-con e-child\" data-id=\"041c391\" data-element_type=\"container\" data-e-type=\"container\">\n\t\t\t\t<div class=\"elementor-element elementor-element-fedf3ce elementor-widget elementor-widget-image\" data-id=\"fedf3ce\" data-element_type=\"widget\" data-e-type=\"widget\" data-widget_type=\"image.default\">\n\t\t\t\t<div class=\"elementor-widget-container\">\n\t\t\t\t\t\t\t\t\t\t\t\t\t\t\t<img loading=\"lazy\" decoding=\"async\" width=\"351\" height=\"354\" src=\"https:\/\/blog.fh-kaernten.at\/3d-printed-medical-devices\/files\/2025\/03\/Laura_Kroll.jpg\" class=\"attachment-large size-large wp-image-107\" alt=\"\" srcset=\"https:\/\/blog.fh-kaernten.at\/3d-printed-medical-devices\/files\/2025\/03\/Laura_Kroll.jpg 351w, https:\/\/blog.fh-kaernten.at\/3d-printed-medical-devices\/files\/2025\/03\/Laura_Kroll-297x300.jpg 297w, https:\/\/blog.fh-kaernten.at\/3d-printed-medical-devices\/files\/2025\/03\/Laura_Kroll-150x150.jpg 150w\" sizes=\"(max-width: 351px) 100vw, 351px\" \/>\t\t\t\t\t\t\t\t\t\t\t\t\t\t\t<\/div>\n\t\t\t\t<\/div>\n\t\t\t\t<\/div>\n\t\t<div class=\"elementor-element elementor-element-587e894 e-con-full e-flex e-con e-child\" data-id=\"587e894\" data-element_type=\"container\" data-e-type=\"container\">\n\t\t\t\t<div class=\"elementor-element elementor-element-fb62c6b elementor-widget elementor-widget-heading\" data-id=\"fb62c6b\" data-element_type=\"widget\" data-e-type=\"widget\" data-widget_type=\"heading.default\">\n\t\t\t\t<div class=\"elementor-widget-container\">\n\t\t\t\t\t<h2 class=\"elementor-heading-title elementor-size-default\">Laura Kroll<\/h2>\t\t\t\t<\/div>\n\t\t\t\t<\/div>\n\t\t\t\t<div class=\"elementor-element elementor-element-f50244a elementor-widget elementor-widget-text-editor\" data-id=\"f50244a\" data-element_type=\"widget\" data-e-type=\"widget\" data-widget_type=\"text-editor.default\">\n\t\t\t\t<div class=\"elementor-widget-container\">\n\t\t\t\t\t\t\t\t\t<p>Kontakt: <a href=\"mailto:d.krainer@fh-kaernten.at\"><strong>l.kroll@fh-kaernten.at<\/strong><\/a><\/p><p>Laura Kroll ist Medizintechnikerin und Junior Researcher an der Forschungsgruppe ENABLE. Ihre Schwerpunkte liegen in Assistiven Technologien, Digitalisierung und Datenanalyse, Serious Games und der partizipativen Forschung.<\/p>\t\t\t\t\t\t\t\t<\/div>\n\t\t\t\t<\/div>\n\t\t\t\t<\/div>\n\t\t\t\t\t<\/div>\n\t\t\t\t<\/div>\n\t\t\t\t<\/div>\n\t\t","protected":false},"excerpt":{"rendered":"<p>Rosmarie Heim Kontakt: r.heim@fh-kaernten.at Rosmarie Heim hat 2022 den Master Maschinenbau-Leichtbau an der FH K\u00e4rnten abgeschlossen. Seit Oktober 2020 forscht sie an der FH K\u00e4rnten und ist derzeit im ADMiRE Forschungszentrum im Bereich 3D-Druck von Polymeren mit Fokus auf Werkstoffpr\u00fcfung &hellip; <a href=\"https:\/\/blog.fh-kaernten.at\/3d-printed-medical-devices\/registration\/\">Weiterlesen <span class=\"meta-nav\">&rarr;<\/span><\/a><\/p>\n","protected":false},"author":48,"featured_media":0,"parent":0,"menu_order":0,"comment_status":"closed","ping_status":"closed","template":"","meta":{"inline_featured_image":false,"footnotes":""},"class_list":["post-13","page","type-page","status-publish","hentry"],"_links":{"self":[{"href":"https:\/\/blog.fh-kaernten.at\/3d-printed-medical-devices\/wp-json\/wp\/v2\/pages\/13","targetHints":{"allow":["GET"]}}],"collection":[{"href":"https:\/\/blog.fh-kaernten.at\/3d-printed-medical-devices\/wp-json\/wp\/v2\/pages"}],"about":[{"href":"https:\/\/blog.fh-kaernten.at\/3d-printed-medical-devices\/wp-json\/wp\/v2\/types\/page"}],"author":[{"embeddable":true,"href":"https:\/\/blog.fh-kaernten.at\/3d-printed-medical-devices\/wp-json\/wp\/v2\/users\/48"}],"replies":[{"embeddable":true,"href":"https:\/\/blog.fh-kaernten.at\/3d-printed-medical-devices\/wp-json\/wp\/v2\/comments?post=13"}],"version-history":[{"count":0,"href":"https:\/\/blog.fh-kaernten.at\/3d-printed-medical-devices\/wp-json\/wp\/v2\/pages\/13\/revisions"}],"wp:attachment":[{"href":"https:\/\/blog.fh-kaernten.at\/3d-printed-medical-devices\/wp-json\/wp\/v2\/media?parent=13"}],"curies":[{"name":"wp","href":"https:\/\/api.w.org\/{rel}","templated":true}]}}